{"id":1004,"date":"2023-03-28T03:41:22","date_gmt":"2023-03-28T03:41:22","guid":{"rendered":"https:\/\/uca.edu.sv\/ciencias-educacion\/?page_id=1004"},"modified":"2024-08-25T02:28:45","modified_gmt":"2024-08-25T02:28:45","slug":"nuestro-equipo-administrativo","status":"publish","type":"page","link":"https:\/\/uca.edu.sv\/ciencias-educacion\/nuestro-equipo-administrativo\/","title":{"rendered":"NUESTRO EQUIPO ADMINISTRATIVO"},"content":{"rendered":"\t\t<div data-elementor-type=\"wp-page\" data-elementor-id=\"1004\" class=\"elementor elementor-1004\">\n\t\t\t\t\t\t\t\t\t<section class=\"elementor-section elementor-top-section elementor-element elementor-element-d0b71e3 elementor-section-stretched elementor-section-boxed elementor-section-height-default elementor-section-height-default wpr-particle-no wpr-jarallax-no wpr-parallax-no wpr-sticky-section-no parallax_section_no qode_elementor_container_no\" data-id=\"d0b71e3\" data-element_type=\"section\" data-settings=\"{&quot;stretch_section&quot;:&quot;section-stretched&quot;,&quot;background_background&quot;:&quot;classic&quot;}\">\n\t\t\t\t\t\t<div class=\"elementor-container elementor-column-gap-default\">\n\t\t\t\t\t<div class=\"elementor-column elementor-col-100 elementor-top-column elementor-element elementor-element-3cce9f2\" data-id=\"3cce9f2\" data-element_type=\"column\">\n\t\t\t<div class=\"elementor-widget-wrap elementor-element-populated\">\n\t\t\t\t\t\t\t\t<div class=\"elementor-element elementor-element-5f311d6 elementor-widget elementor-widget-heading\" data-id=\"5f311d6\" data-element_type=\"widget\" data-widget_type=\"heading.default\">\n\t\t\t\t<div class=\"elementor-widget-container\">\n\t\t\t<style>\/*! elementor - v3.13.3 - 28-05-2023 *\/\n.elementor-heading-title{padding:0;margin:0;line-height:1}.elementor-widget-heading .elementor-heading-title[class*=elementor-size-]>a{color:inherit;font-size:inherit;line-height:inherit}.elementor-widget-heading .elementor-heading-title.elementor-size-small{font-size:15px}.elementor-widget-heading .elementor-heading-title.elementor-size-medium{font-size:19px}.elementor-widget-heading .elementor-heading-title.elementor-size-large{font-size:29px}.elementor-widget-heading .elementor-heading-title.elementor-size-xl{font-size:39px}.elementor-widget-heading .elementor-heading-title.elementor-size-xxl{font-size:59px}<\/style><h2 class=\"elementor-heading-title elementor-size-default\">EQUIPO ADMINISTRATIVO\u200b<\/h2>\t\t<\/div>\n\t\t\t\t<\/div>\n\t\t\t\t\t<\/div>\n\t\t<\/div>\n\t\t\t\t\t\t\t<\/div>\n\t\t<\/section>\n\t\t\t\t<section class=\"elementor-section elementor-top-section elementor-element elementor-element-3582fd3 elementor-section-boxed elementor-section-height-default elementor-section-height-default wpr-particle-no wpr-jarallax-no wpr-parallax-no wpr-sticky-section-no parallax_section_no qode_elementor_container_no\" data-id=\"3582fd3\" data-element_type=\"section\">\n\t\t\t\t\t\t<div class=\"elementor-container elementor-column-gap-default\">\n\t\t\t\t\t<div class=\"elementor-column elementor-col-33 elementor-top-column elementor-element elementor-element-50853ed\" data-id=\"50853ed\" data-element_type=\"column\">\n\t\t\t<div class=\"elementor-widget-wrap elementor-element-populated\">\n\t\t\t\t\t\t\t\t<div class=\"elementor-element elementor-element-ddb83db elementor-widget elementor-widget-bridge_team\" data-id=\"ddb83db\" data-element_type=\"widget\" data-widget_type=\"bridge_team.default\">\n\t\t\t\t<div class=\"elementor-widget-container\">\n\t\t\t<div class='q_team info_description_below_image'><div class='q_team_inner'><div class='q_team_image'><div class='q_team_image_holder'><img itemprop='image' src='https:\/\/uca.edu.sv\/ciencias-educacion\/wp-content\/uploads\/2023\/09\/Yanira-Alejandra-Flores-Palacios.jpg' alt='Yanira-Alejandra-Flores-Palacios' \/><\/div><div class='q_team_text' style=border-style:solid;'><div class='q_team_text_inner'><div class='q_team_title_holder'><h3 class='q_team_name' style = ''>Yanira Alejandra Flores Palacios<\/h3><\/div><div class='q_team_description_below_image_wrapper'><div class='q_team_description'><div class='q_team_description_inner'><p><div style=\"display:flex; text-align:left;margin-bottom:10px;\">\n\t<div style=\"margin-right:5px;\">\n\t\t<img decoding=\"async\" src=\"https:\/\/uca.edu.sv\/ciencias-educacion\/web\/wp-content\/uploads\/2023\/03\/info.png\" style=\"width:30px;min-width:30px;\">\n\t<\/div>\n\t<div>\n\t\t<strong>\u00c1rea de atenci\u00f3n:<\/strong> \n\t\t Centro de atenci\u00f3n para\nla Comunicaci\u00f3n, la Audici\u00f3n y el Lenguaje.\n\t<\/div>\n<\/div>\n\n<div style=\"display:flex; text-align:left;margin-bottom:10px;\">\n\t<div style=\"margin-right:5px;\">\n\t\t<img decoding=\"async\" src=\"https:\/\/uca.edu.sv\/ciencias-educacion\/web\/wp-content\/uploads\/2023\/03\/cargo.png\" style=\"width:30px;min-width:30px;\">\n\t<\/div>\n\t<div>\n\t\t<strong>Cargo:<\/strong> \n\t\tAsistente administrativa\n\t<\/div>\n<\/div>\n\n<div style=\"display:flex; text-align:left;margin-bottom:10px;\">\n\t<div style=\"margin-right:5px;\">\n\t\t<img decoding=\"async\" src=\"https:\/\/uca.edu.sv\/ciencias-educacion\/web\/wp-content\/uploads\/2023\/03\/telefono.png\" style=\"width:30px;min-width:30px;\">\n\t<\/div>\n\t<div>\n\t\t<strong>Tel\u00e9fono:<\/strong>\n\t\t2210-6600, Ext. 471\n\t<\/div>\n<\/div><\/p><\/div><\/div><\/div><\/div><\/div><div class='q_team_social_holder'><\/div><\/div><\/div><\/div>\t\t<\/div>\n\t\t\t\t<\/div>\n\t\t\t\t\t<\/div>\n\t\t<\/div>\n\t\t\t\t<div class=\"elementor-column elementor-col-33 elementor-top-column elementor-element elementor-element-3dfd3d6\" data-id=\"3dfd3d6\" data-element_type=\"column\">\n\t\t\t<div class=\"elementor-widget-wrap elementor-element-populated\">\n\t\t\t\t\t\t\t\t<div class=\"elementor-element elementor-element-69bf0f1 elementor-widget elementor-widget-bridge_team\" data-id=\"69bf0f1\" data-element_type=\"widget\" data-widget_type=\"bridge_team.default\">\n\t\t\t\t<div class=\"elementor-widget-container\">\n\t\t\t<div class='q_team info_description_below_image'><div class='q_team_inner'><div class='q_team_image'><div class='q_team_image_holder'><img itemprop='image' src='https:\/\/uca.edu.sv\/ciencias-educacion\/wp-content\/uploads\/2023\/03\/Norma.jpg' alt='Norma' \/><\/div><div class='q_team_text' style=border-style:solid;'><div class='q_team_text_inner'><div class='q_team_title_holder'><h3 class='q_team_name' style = ''>Norma Jaqueline Cardoza<\/h3><\/div><div class='q_team_description_below_image_wrapper'><div class='q_team_description'><div class='q_team_description_inner'><p><div style=\"display:flex; text-align:left;margin-bottom:10px;\">\n\t<div style=\"margin-right:5px;\">\n\t\t<img decoding=\"async\" src=\"https:\/\/uca.edu.sv\/ciencias-educacion\/web\/wp-content\/uploads\/2023\/03\/info.png\" style=\"width:30px;min-width:30px;\">\n\t<\/div>\n\t<div>\n\t\t<strong>\u00c1rea de atenci\u00f3n:<\/strong> \n\t\tMaestr\u00eda en MPEE\n\t<\/div>\n<\/div>\n\n<div style=\"display:flex; text-align:left;margin-bottom:10px;\">\n\t<div style=\"margin-right:5px;\">\n\t\t<img decoding=\"async\" src=\"https:\/\/uca.edu.sv\/ciencias-educacion\/web\/wp-content\/uploads\/2023\/03\/cargo.png\" style=\"width:30px;min-width:30px;\">\n\t<\/div>\n\t<div>\n\t\t<strong>Cargo:<\/strong> \n\t\tAsistente de la direcci\u00f3n.\n\t<\/div>\n<\/div>\n\n<div style=\"display:flex; text-align:left;margin-bottom:10px;\">\n\t<div style=\"margin-right:5px;\">\n\t\t<img decoding=\"async\" src=\"https:\/\/uca.edu.sv\/ciencias-educacion\/web\/wp-content\/uploads\/2023\/03\/telefono.png\" style=\"width:30px;min-width:30px;\">\n\t<\/div>\n\t<div>\n\t\t<strong>Tel\u00e9fono:<\/strong>\n\t\t2210-6665 y 2210-6600,\nExt. 571, 572\n\t<\/div>\n<\/div><\/p><\/div><\/div><\/div><\/div><\/div><div class='q_team_social_holder'><\/div><\/div><\/div><\/div>\t\t<\/div>\n\t\t\t\t<\/div>\n\t\t\t\t\t<\/div>\n\t\t<\/div>\n\t\t\t\t<div class=\"elementor-column elementor-col-33 elementor-top-column elementor-element elementor-element-0736eca\" data-id=\"0736eca\" data-element_type=\"column\">\n\t\t\t<div class=\"elementor-widget-wrap elementor-element-populated\">\n\t\t\t\t\t\t\t\t<div class=\"elementor-element elementor-element-59523e6 elementor-widget elementor-widget-bridge_team\" data-id=\"59523e6\" data-element_type=\"widget\" data-widget_type=\"bridge_team.default\">\n\t\t\t\t<div class=\"elementor-widget-container\">\n\t\t\t<div class='q_team info_description_below_image'><div class='q_team_inner'><div class='q_team_image'><div class='q_team_image_holder'><img itemprop='image' src='https:\/\/uca.edu.sv\/ciencias-educacion\/wp-content\/uploads\/2023\/03\/Ruth.jpg' alt='Ruth' \/><\/div><div class='q_team_text' style=border-style:solid;'><div class='q_team_text_inner'><div class='q_team_title_holder'><h3 class='q_team_name' style = ''>Ruth Yesenia Mart\u00ednez<\/h3><\/div><div class='q_team_description_below_image_wrapper'><div class='q_team_description'><div class='q_team_description_inner'><p><div style=\"display:flex; text-align:left;margin-bottom:10px;\">\n\t<div style=\"margin-right:5px;\">\n\t\t<img decoding=\"async\" src=\"https:\/\/uca.edu.sv\/ciencias-educacion\/web\/wp-content\/uploads\/2023\/03\/info.png\" style=\"width:30px;min-width:30px;\">\n\t<\/div>\n\t<div>\n\t\t<strong>\u00c1rea de atenci\u00f3n:<\/strong> \n\t\t Departamento de\nCiencias de la Educaci\u00f3n\n\t<\/div>\n<\/div>\n\n<div style=\"display:flex; text-align:left;margin-bottom:10px;\">\n\t<div style=\"margin-right:5px;\">\n\t\t<img decoding=\"async\" src=\"https:\/\/uca.edu.sv\/ciencias-educacion\/web\/wp-content\/uploads\/2023\/03\/cargo.png\" style=\"width:30px;min-width:30px;\">\n\t<\/div>\n\t<div>\n\t\t<strong>Cargo:<\/strong> \n\t\t Secretaria\n\t<\/div>\n<\/div>\n\n<div style=\"display:flex; text-align:left;margin-bottom:10px;\">\n\t<div style=\"margin-right:5px;\">\n\t\t<img decoding=\"async\" src=\"https:\/\/uca.edu.sv\/ciencias-educacion\/web\/wp-content\/uploads\/2023\/03\/telefono.png\" style=\"width:30px;min-width:30px;\">\n\t<\/div>\n\t<div>\n\t\t<strong>Tel\u00e9fono:<\/strong>\n\t\t2210-6670 y 2210-6600,\nExt. 400\n\t<\/div>\n<\/div><\/p><\/div><\/div><\/div><\/div><\/div><div class='q_team_social_holder'><\/div><\/div><\/div><\/div>\t\t<\/div>\n\t\t\t\t<\/div>\n\t\t\t\t\t<\/div>\n\t\t<\/div>\n\t\t\t\t\t\t\t<\/div>\n\t\t<\/section>\n\t\t\t\t\t\t\t<\/div>\n\t\t","protected":false},"excerpt":{"rendered":"<p>EQUIPO ADMINISTRATIVO\u200b Yanira Alejandra Flores Palacios \u00c1rea de atenci\u00f3n: Centro de atenci\u00f3n para la Comunicaci\u00f3n, la Audici\u00f3n y el Lenguaje. Cargo: Asistente administrativa Tel\u00e9fono: 2210-6600, Ext. 471 Norma Jaqueline Cardoza \u00c1rea de atenci\u00f3n: Maestr\u00eda en MPEE Cargo: Asistente de la direcci\u00f3n. Tel\u00e9fono: 2210-6665 y 2210-6600,&#8230;<\/p>\n","protected":false},"author":1,"featured_media":0,"parent":0,"menu_order":0,"comment_status":"closed","ping_status":"closed","template":"","meta":{"footnotes":""},"_links":{"self":[{"href":"https:\/\/uca.edu.sv\/ciencias-educacion\/wp-json\/wp\/v2\/pages\/1004"}],"collection":[{"href":"https:\/\/uca.edu.sv\/ciencias-educacion\/wp-json\/wp\/v2\/pages"}],"about":[{"href":"https:\/\/uca.edu.sv\/ciencias-educacion\/wp-json\/wp\/v2\/types\/page"}],"author":[{"embeddable":true,"href":"https:\/\/uca.edu.sv\/ciencias-educacion\/wp-json\/wp\/v2\/users\/1"}],"replies":[{"embeddable":true,"href":"https:\/\/uca.edu.sv\/ciencias-educacion\/wp-json\/wp\/v2\/comments?post=1004"}],"version-history":[{"count":2,"href":"https:\/\/uca.edu.sv\/ciencias-educacion\/wp-json\/wp\/v2\/pages\/1004\/revisions"}],"predecessor-version":[{"id":2231,"href":"https:\/\/uca.edu.sv\/ciencias-educacion\/wp-json\/wp\/v2\/pages\/1004\/revisions\/2231"}],"wp:attachment":[{"href":"https:\/\/uca.edu.sv\/ciencias-educacion\/wp-json\/wp\/v2\/media?parent=1004"}],"curies":[{"name":"wp","href":"https:\/\/api.w.org\/{rel}","templated":true}]}}