{"id":645,"date":"2023-02-28T22:13:16","date_gmt":"2023-02-28T22:13:16","guid":{"rendered":"https:\/\/uca.edu.sv\/ciencias-educacion\/?page_id=645"},"modified":"2023-09-12T18:07:14","modified_gmt":"2023-09-12T18:07:14","slug":"quienes-somos","status":"publish","type":"page","link":"https:\/\/uca.edu.sv\/ciencias-educacion\/quienes-somos\/","title":{"rendered":"Qui\u00e9nes somos"},"content":{"rendered":"\t\t<div data-elementor-type=\"wp-page\" data-elementor-id=\"645\" class=\"elementor elementor-645\">\n\t\t\t\t\t\t\t\t\t<main class=\"elementor-section elementor-top-section elementor-element elementor-element-83d5140 elementor-section-stretched elementor-section-boxed elementor-section-height-default elementor-section-height-default wpr-particle-no wpr-jarallax-no wpr-parallax-no wpr-sticky-section-no parallax_section_no qode_elementor_container_no\" data-id=\"83d5140\" data-element_type=\"section\" data-settings=\"{&quot;stretch_section&quot;:&quot;section-stretched&quot;,&quot;background_background&quot;:&quot;classic&quot;}\">\n\t\t\t\t\t\t<div class=\"elementor-container elementor-column-gap-default\">\n\t\t\t\t\t<div class=\"elementor-column elementor-col-100 elementor-top-column elementor-element elementor-element-9c181dd\" data-id=\"9c181dd\" data-element_type=\"column\">\n\t\t\t<div class=\"elementor-widget-wrap elementor-element-populated\">\n\t\t\t\t\t\t\t\t<div class=\"elementor-element elementor-element-9ff4740 elementor-widget elementor-widget-heading\" data-id=\"9ff4740\" data-element_type=\"widget\" data-widget_type=\"heading.default\">\n\t\t\t\t<div class=\"elementor-widget-container\">\n\t\t\t<style>\/*! elementor - v3.13.3 - 28-05-2023 *\/\n.elementor-heading-title{padding:0;margin:0;line-height:1}.elementor-widget-heading .elementor-heading-title[class*=elementor-size-]>a{color:inherit;font-size:inherit;line-height:inherit}.elementor-widget-heading .elementor-heading-title.elementor-size-small{font-size:15px}.elementor-widget-heading .elementor-heading-title.elementor-size-medium{font-size:19px}.elementor-widget-heading .elementor-heading-title.elementor-size-large{font-size:29px}.elementor-widget-heading .elementor-heading-title.elementor-size-xl{font-size:39px}.elementor-widget-heading .elementor-heading-title.elementor-size-xxl{font-size:59px}<\/style><h1 class=\"elementor-heading-title elementor-size-default\">QUI\u00c9NES SOMOS<\/h1>\t\t<\/div>\n\t\t\t\t<\/div>\n\t\t\t\t\t<\/div>\n\t\t<\/div>\n\t\t\t\t\t\t\t<\/div>\n\t\t<\/main>\n\t\t\t\t<div class=\"elementor-section elementor-top-section elementor-element elementor-element-6219498 elementor-section-full_width elementor-section-stretched elementor-section-height-default elementor-section-height-default wpr-particle-no wpr-jarallax-no wpr-parallax-no wpr-sticky-section-no parallax_section_no qode_elementor_container_no\" data-id=\"6219498\" data-element_type=\"section\" data-settings=\"{&quot;stretch_section&quot;:&quot;section-stretched&quot;,&quot;background_background&quot;:&quot;classic&quot;}\">\n\t\t\t\t\t\t<div class=\"elementor-container elementor-column-gap-default\">\n\t\t\t\t\t<div class=\"elementor-column elementor-col-100 elementor-top-column elementor-element elementor-element-b63e757\" data-id=\"b63e757\" data-element_type=\"column\">\n\t\t\t<div class=\"elementor-widget-wrap elementor-element-populated\">\n\t\t\t\t\t\t\t\t<div class=\"elementor-element elementor-element-e89dd22 elementor-widget elementor-widget-slider_revolution\" data-id=\"e89dd22\" data-element_type=\"widget\" data-widget_type=\"slider_revolution.default\">\n\t\t\t\t<div class=\"elementor-widget-container\">\n\t\t\t\r\n\t\t<div class=\"wp-block-themepunch-revslider\">\n\t\t\t<!-- START QUI\u00c9NES SOMOS REVOLUTION SLIDER 6.5.31 --><p class=\"rs-p-wp-fix\"><\/p>\n\t\t\t<rs-module-wrap id=\"rev_slider_15_1_wrapper\" data-source=\"gallery\" style=\"visibility:hidden;background:transparent;padding:0;margin:0px auto;margin-top:0;margin-bottom:0;\">\n\t\t\t\t<rs-module id=\"rev_slider_15_1\" style=\"\" data-version=\"6.5.31\">\n\t\t\t\t\t<rs-slides>\n\t\t\t\t\t\t<rs-slide style=\"position: absolute;\" data-key=\"rs-20\" data-title=\"Slide\" data-anim=\"ms:1000ms;\" data-in=\"o:0;\" data-out=\"a:false;\" data-sloop=\"s:2500;e:4500;\">\n\t\t\t\t\t\t\t<img decoding=\"async\" src=\"\/\/uca.edu.sv\/ciencias-educacion\/wp-content\/plugins\/revslider\/public\/assets\/assets\/dummy.png\" alt=\"Slide\" title=\"Qui\u00e9nes somos\" class=\"rev-slidebg tp-rs-img rs-lazyload\" data-lazyload=\"\/\/uca.edu.sv\/ciencias-educacion\/wp-content\/plugins\/revslider\/public\/assets\/assets\/transparent.png\" data-no-retina>\n<!--\n\t\t\t\t\t\t\t--><rs-layer\n\t\t\t\t\t\t\t\tid=\"slider-15-slide-20-layer-0\" \n\t\t\t\t\t\t\t\tdata-type=\"image\"\n\t\t\t\t\t\t\t\tdata-rsp_ch=\"on\"\n\t\t\t\t\t\t\t\tdata-xy=\"x:l,l,c,c;xo:1px,5px,-19px,3px;yo:35px,66px,61px,55px;\"\n\t\t\t\t\t\t\t\tdata-text=\"w:normal;s:20,20,11,6;l:0,0,14,8;\"\n\t\t\t\t\t\t\t\tdata-dim=\"w:683px,640px,453px,373px;h:458px,430px,304px,250px;\"\n\t\t\t\t\t\t\t\tdata-frame_999=\"o:0;st:w;\"\n\t\t\t\t\t\t\t\tstyle=\"z-index:12;\"\n\t\t\t\t\t\t\t><img decoding=\"async\" src=\"\/\/uca.edu.sv\/ciencias-educacion\/wp-content\/plugins\/revslider\/public\/assets\/assets\/dummy.png\" alt=\"a\" class=\"tp-rs-img rs-lazyload\" width=\"745\" height=\"500\" data-lazyload=\"\/\/uca.edu.sv\/ciencias-educacion\/web\/wp-content\/uploads\/2023\/07\/Foto-depto-2023_2.jpg\" data-no-retina> \n\t\t\t\t\t\t\t<\/rs-layer><!--\n\n\t\t\t\t\t\t\t--><rs-layer\n\t\t\t\t\t\t\t\tid=\"slider-15-slide-20-layer-2\" \n\t\t\t\t\t\t\t\tdata-type=\"text\"\n\t\t\t\t\t\t\t\tdata-color=\"#0096a7\"\n\t\t\t\t\t\t\t\tdata-rsp_ch=\"on\"\n\t\t\t\t\t\t\t\tdata-xy=\"x:l,l,c,c;xo:721px,679px,0,-8px;yo:147px,154px,14px,18px;\"\n\t\t\t\t\t\t\t\tdata-text=\"w:normal;s:36,36,40,34;l:40,36,40,24;ls:1,0,0,0;fw:900,900,900,700;\"\n\t\t\t\t\t\t\t\tdata-dim=\"minh:0px,none,none,none;\"\n\t\t\t\t\t\t\t\tdata-frame_0=\"x:0,0px,0px,0px;y:0,0px,0px,0px;\"\n\t\t\t\t\t\t\t\tdata-frame_1=\"x:0,0px,0px,0px;y:0,0px,0px,0px;\"\n\t\t\t\t\t\t\t\tdata-frame_999=\"o:0;st:w;\"\n\t\t\t\t\t\t\t\tstyle=\"z-index:8;font-family:'Roboto';\"\n\t\t\t\t\t\t\t>Qui\u00e9nes somos \n\t\t\t\t\t\t\t<\/rs-layer><!--\n\n\t\t\t\t\t\t\t--><rs-layer\n\t\t\t\t\t\t\t\tid=\"slider-15-slide-20-layer-3\" \n\t\t\t\t\t\t\t\tdata-type=\"text\"\n\t\t\t\t\t\t\t\tdata-color=\"#fff\"\n\t\t\t\t\t\t\t\tdata-rsp_ch=\"on\"\n\t\t\t\t\t\t\t\tdata-xy=\"x:l,l,c,c;xo:720px,685px,-1px,0;yo:210px,226px,410px,332px;\"\n\t\t\t\t\t\t\t\tdata-text=\"w:normal;s:24,24,18,18;l:30,30,20,20;ls:1,0,0,0;fw:300;a:left,left,center,center;\"\n\t\t\t\t\t\t\t\tdata-dim=\"w:555px,614px,710px,449px;minh:0px,none,none,none;\"\n\t\t\t\t\t\t\t\tdata-frame_0=\"x:0,0px,0px,0px;y:0,0px,0px,0px;\"\n\t\t\t\t\t\t\t\tdata-frame_1=\"x:0,0px,0px,0px;y:0,0px,0px,0px;\"\n\t\t\t\t\t\t\t\tdata-frame_999=\"o:0;st:w;\"\n\t\t\t\t\t\t\t\tstyle=\"z-index:9;font-family:'Open Sans';\"\n\t\t\t\t\t\t\t>Somos un departamento acad\u00e9mico comprometido con la transformaci\u00f3n de la realidad socioeducativa a trav\u00e9s de la docencia, la investigaci\u00f3n y la proyecci\u00f3n  social orientadas a fortalecer el pensamiento cr\u00edtico reflexivo con base en los principios y valores de la UCA. \n\t\t\t\t\t\t\t<\/rs-layer><!--\n\n\t\t\t\t\t\t\t--><rs-layer\n\t\t\t\t\t\t\t\tid=\"slider-15-slide-20-layer-4\" \n\t\t\t\t\t\t\t\tdata-type=\"shape\"\n\t\t\t\t\t\t\t\tdata-rsp_ch=\"on\"\n\t\t\t\t\t\t\t\tdata-xy=\"x:l,l,c,c;xo:672px,628px,-22px,4px;y:t,t,b,b;yo:52px,89px,120px,133px;\"\n\t\t\t\t\t\t\t\tdata-text=\"w:normal;s:20,20,11,6;l:0,0,14,8;\"\n\t\t\t\t\t\t\t\tdata-dim=\"w:29px,29px,284px,206px;h:430px,388px,23px,14px;\"\n\t\t\t\t\t\t\t\tdata-frame_999=\"o:0;st:w;\"\n\t\t\t\t\t\t\t\tstyle=\"z-index:11;background-color:#0096a7;\"\n\t\t\t\t\t\t\t> \n\t\t\t\t\t\t\t<\/rs-layer><!--\n-->\t\t\t\t\t\t<\/rs-slide>\n\t\t\t\t\t\t<rs-slide style=\"position: absolute;\" data-key=\"rs-21\" data-title=\"Slide\" data-in=\"o:0;\" data-out=\"a:false;\">\n\t\t\t\t\t\t\t<img decoding=\"async\" src=\"\/\/uca.edu.sv\/ciencias-educacion\/wp-content\/plugins\/revslider\/public\/assets\/assets\/dummy.png\" alt=\"Slide\" title=\"Qui\u00e9nes somos\" class=\"rev-slidebg tp-rs-img rs-lazyload\" data-lazyload=\"\/\/uca.edu.sv\/ciencias-educacion\/wp-content\/plugins\/revslider\/public\/assets\/assets\/transparent.png\" data-no-retina>\n<!--\n\t\t\t\t\t\t\t--><rs-layer\n\t\t\t\t\t\t\t\tid=\"slider-15-slide-21-layer-1\" \n\t\t\t\t\t\t\t\tdata-type=\"image\"\n\t\t\t\t\t\t\t\tdata-rsp_ch=\"on\"\n\t\t\t\t\t\t\t\tdata-xy=\"x:l,l,c,c;xo:-1px,5px,0,0;yo:35px,66px,62px,63px;\"\n\t\t\t\t\t\t\t\tdata-text=\"w:normal;s:20,20,11,6;l:0,0,14,8;\"\n\t\t\t\t\t\t\t\tdata-dim=\"w:683px,640px,453px,373px;h:458px,430px,304px,250px;\"\n\t\t\t\t\t\t\t\tdata-frame_999=\"o:0;st:w;\"\n\t\t\t\t\t\t\t\tstyle=\"z-index:11;\"\n\t\t\t\t\t\t\t><img decoding=\"async\" src=\"\/\/uca.edu.sv\/ciencias-educacion\/wp-content\/plugins\/revslider\/public\/assets\/assets\/dummy.png\" alt=\"\" class=\"tp-rs-img rs-lazyload\" width=\"745\" height=\"500\" data-lazyload=\"\/\/uca.edu.sv\/ciencias-educacion\/web\/wp-content\/uploads\/2023\/02\/QuienesSomos.jpg\" data-no-retina> \n\t\t\t\t\t\t\t<\/rs-layer><!--\n\n\t\t\t\t\t\t\t--><rs-layer\n\t\t\t\t\t\t\t\tid=\"slider-15-slide-21-layer-2\" \n\t\t\t\t\t\t\t\tdata-type=\"text\"\n\t\t\t\t\t\t\t\tdata-color=\"#0096a7\"\n\t\t\t\t\t\t\t\tdata-rsp_ch=\"on\"\n\t\t\t\t\t\t\t\tdata-xy=\"x:l,l,l,c;xo:736px,697px,226px,0;yo:161px,207px,32px,19px;\"\n\t\t\t\t\t\t\t\tdata-text=\"w:normal;s:36,36,34,34;l:40,30,17,24;ls:1,1,0,0;fw:900,900,900,700;a:left,left,left,center;\"\n\t\t\t\t\t\t\t\tdata-dim=\"minh:0px,none,none,none;\"\n\t\t\t\t\t\t\t\tdata-frame_999=\"o:0;st:w;\"\n\t\t\t\t\t\t\t\tstyle=\"z-index:8;font-family:'Roboto';\"\n\t\t\t\t\t\t\t>\u00bfA qu\u00e9 aspiramos? \n\t\t\t\t\t\t\t<\/rs-layer><!--\n\n\t\t\t\t\t\t\t--><rs-layer\n\t\t\t\t\t\t\t\tid=\"slider-15-slide-21-layer-3\" \n\t\t\t\t\t\t\t\tdata-type=\"text\"\n\t\t\t\t\t\t\t\tdata-color=\"#fff\"\n\t\t\t\t\t\t\t\tdata-rsp_ch=\"on\"\n\t\t\t\t\t\t\t\tdata-xy=\"x:l,l,l,c;xo:730px,696px,65px,0;yo:233px,270px,397px,335px;\"\n\t\t\t\t\t\t\t\tdata-text=\"w:normal;s:24,24,18,18;l:30,30,20,20;ls:1,1,0,0;fw:300;a:left,left,center,center;\"\n\t\t\t\t\t\t\t\tdata-dim=\"w:568px,581px,638px,446px;minh:0px,none,none,none;\"\n\t\t\t\t\t\t\t\tdata-frame_999=\"o:0;st:w;\"\n\t\t\t\t\t\t\t\tstyle=\"z-index:9;font-family:'Open Sans';\"\n\t\t\t\t\t\t\t>Aspiramos a ser un referente en educaci\u00f3n a nivel institucional, nacional e internacional que promueva la reflexi\u00f3n permanente sobre procesos de mediaci\u00f3n pedag\u00f3gica que tomen en cuenta el contexto educativo. \n\t\t\t\t\t\t\t<\/rs-layer><!--\n\n\t\t\t\t\t\t\t--><rs-layer\n\t\t\t\t\t\t\t\tid=\"slider-15-slide-21-layer-5\" \n\t\t\t\t\t\t\t\tdata-type=\"shape\"\n\t\t\t\t\t\t\t\tdata-rsp_ch=\"on\"\n\t\t\t\t\t\t\t\tdata-xy=\"x:l,l,c,c;xo:672px,628px,0,1px;yo:52px,89px,363px,308px;\"\n\t\t\t\t\t\t\t\tdata-text=\"w:normal;s:20,20,11,6;l:0,0,14,8;\"\n\t\t\t\t\t\t\t\tdata-dim=\"w:29px,29px,284px,175px;h:430px,388px,23px,14px;\"\n\t\t\t\t\t\t\t\tdata-frame_999=\"o:0;st:w;\"\n\t\t\t\t\t\t\t\tstyle=\"z-index:10;background-color:#0096a7;\"\n\t\t\t\t\t\t\t> \n\t\t\t\t\t\t\t<\/rs-layer><!--\n-->\t\t\t\t\t\t<\/rs-slide>\n\t\t\t\t\t\t<rs-slide style=\"position: absolute;\" data-key=\"rs-23\" data-title=\"Slide\" data-ssop=\"true\" data-anim=\"ms:9000ms;\" data-in=\"o:0;\" data-out=\"a:false;\">\n\t\t\t\t\t\t\t<img decoding=\"async\" src=\"\/\/uca.edu.sv\/ciencias-educacion\/wp-content\/plugins\/revslider\/public\/assets\/assets\/dummy.png\" alt=\"Slide\" title=\"Qui\u00e9nes somos\" class=\"rev-slidebg tp-rs-img rs-lazyload\" data-lazyload=\"\/\/uca.edu.sv\/ciencias-educacion\/wp-content\/plugins\/revslider\/public\/assets\/assets\/transparent.png\" data-no-retina>\n<!--\n\t\t\t\t\t\t\t--><rs-layer\n\t\t\t\t\t\t\t\tid=\"slider-15-slide-23-layer-2\" \n\t\t\t\t\t\t\t\tdata-type=\"text\"\n\t\t\t\t\t\t\t\tdata-color=\"#0096a7\"\n\t\t\t\t\t\t\t\tdata-rsp_ch=\"on\"\n\t\t\t\t\t\t\t\tdata-xy=\"x:l,l,l,c;xo:728px,681px,84px,25px;yo:110px,109px,18px,18px;\"\n\t\t\t\t\t\t\t\tdata-text=\"w:normal;s:36,36,34,34;l:40,36,21,24;ls:1,1,0,0;fw:900,900,900,700;a:left,left,left,center;\"\n\t\t\t\t\t\t\t\tdata-dim=\"w:507px,587px,715px,367px;minh:0px,none,none,none;\"\n\t\t\t\t\t\t\t\tdata-frame_999=\"o:0;st:w;\"\n\t\t\t\t\t\t\t\tstyle=\"z-index:8;font-family:'Roboto';\"\n\t\t\t\t\t\t\t>Conoce nuestro proyecto de innovaci\u00f3n \n\t\t\t\t\t\t\t<\/rs-layer><!--\n\n\t\t\t\t\t\t\t--><rs-layer\n\t\t\t\t\t\t\t\tid=\"slider-15-slide-23-layer-3\" \n\t\t\t\t\t\t\t\tdata-type=\"text\"\n\t\t\t\t\t\t\t\tdata-color=\"#fff\"\n\t\t\t\t\t\t\t\tdata-rsp_ch=\"on\"\n\t\t\t\t\t\t\t\tdata-xy=\"x:l,l,c,c;xo:729px,685px,0,0;yo:206px,205px,401px,285px;\"\n\t\t\t\t\t\t\t\tdata-text=\"w:normal;s:24,24,18,18;l:30,30,20,18;ls:1,1,0,0;fw:300;a:left,left,center,center;\"\n\t\t\t\t\t\t\t\tdata-dim=\"w:556px,596px,706px,435px;minh:0px,none,none,none;\"\n\t\t\t\t\t\t\t\tdata-frame_999=\"o:0;st:w;\"\n\t\t\t\t\t\t\t\tstyle=\"z-index:9;font-family:'Open Sans';\"\n\t\t\t\t\t\t\t>El Proyecto de Innovaci\u00f3n del Departamento de Ciencias de la Educaci\u00f3n recoge las propuestas, compromisos y aspiraciones producidas como resultado de un di\u00e1logo al interior del Departamento con profesionales de distintos campos e instituciones  educativas nacionales e internacionales. \n\t\t\t\t\t\t\t<\/rs-layer><!--\n\n\t\t\t\t\t\t\t--><rs-layer\n\t\t\t\t\t\t\t\tid=\"slider-15-slide-23-layer-6\" \n\t\t\t\t\t\t\t\tdata-type=\"image\"\n\t\t\t\t\t\t\t\tdata-rsp_ch=\"on\"\n\t\t\t\t\t\t\t\tdata-xy=\"x:l,l,c,c;xo:1px,5px,0,0;yo:35px,66px,66px,76px;\"\n\t\t\t\t\t\t\t\tdata-text=\"w:normal;s:20,20,11,6;l:0,0,14,8;\"\n\t\t\t\t\t\t\t\tdata-dim=\"w:683px,640px,453px,279px;h:458px,430px,304px,187px;\"\n\t\t\t\t\t\t\t\tdata-frame_999=\"o:0;st:w;\"\n\t\t\t\t\t\t\t\tstyle=\"z-index:11;\"\n\t\t\t\t\t\t\t><img decoding=\"async\" src=\"\/\/uca.edu.sv\/ciencias-educacion\/wp-content\/plugins\/revslider\/public\/assets\/assets\/dummy.png\" alt=\"\" class=\"tp-rs-img rs-lazyload\" width=\"745\" height=\"500\" data-lazyload=\"\/\/uca.edu.sv\/ciencias-educacion\/web\/wp-content\/uploads\/2023\/04\/ProyectoDeInnovacio\u0301n.jpg\" data-no-retina> \n\t\t\t\t\t\t\t<\/rs-layer><!--\n\n\t\t\t\t\t\t\t--><rs-layer\n\t\t\t\t\t\t\t\tid=\"slider-15-slide-23-layer-8\" \n\t\t\t\t\t\t\t\tdata-type=\"shape\"\n\t\t\t\t\t\t\t\tdata-rsp_ch=\"on\"\n\t\t\t\t\t\t\t\tdata-xy=\"x:l,l,c,c;xo:672px,628px,0,0;yo:52px,89px,363px,260px;\"\n\t\t\t\t\t\t\t\tdata-text=\"w:normal;s:20,20,11,6;l:0,0,14,8;\"\n\t\t\t\t\t\t\t\tdata-dim=\"w:29px,29px,284px,175px;h:430px,388px,23px,14px;\"\n\t\t\t\t\t\t\t\tdata-frame_999=\"o:0;st:w;\"\n\t\t\t\t\t\t\t\tstyle=\"z-index:10;background-color:#0096a7;\"\n\t\t\t\t\t\t\t> \n\t\t\t\t\t\t\t<\/rs-layer><!--\n-->\t\t\t\t\t\t<\/rs-slide>\n\t\t\t\t\t<\/rs-slides>\n\t\t\t\t<\/rs-module>\n\t\t\t\t<script>\n\t\t\t\t\tsetREVStartSize({c: 'rev_slider_15_1',rl:[1240,1024,778,480],el:[600,600,500,450],gw:[1300,1300,778,480],gh:[600,600,500,450],type:'standard',justify:'',layout:'fullwidth',mh:\"0\"});if (window.RS_MODULES!==undefined && window.RS_MODULES.modules!==undefined && window.RS_MODULES.modules[\"revslider151\"]!==undefined) {window.RS_MODULES.modules[\"revslider151\"].once = false;window.revapi15 = undefined;if (window.RS_MODULES.checkMinimal!==undefined) window.RS_MODULES.checkMinimal()}\n\t\t\t\t<\/script>\n\t\t\t<\/rs-module-wrap>\n\t\t\t<!-- END REVOLUTION SLIDER -->\n<\/div>\r\n\r\n\t\t\t\t<\/div>\n\t\t\t\t<\/div>\n\t\t\t\t\t<\/div>\n\t\t<\/div>\n\t\t\t\t\t\t\t<\/div>\n\t\t<\/div>\n\t\t\t\t<section class=\"elementor-section elementor-top-section elementor-element elementor-element-82793c2 elementor-section-stretched elementor-section-boxed elementor-section-height-default elementor-section-height-default wpr-particle-no wpr-jarallax-no wpr-parallax-no wpr-sticky-section-no parallax_section_no qode_elementor_container_no\" data-id=\"82793c2\" data-element_type=\"section\" data-settings=\"{&quot;stretch_section&quot;:&quot;section-stretched&quot;,&quot;background_background&quot;:&quot;classic&quot;}\">\n\t\t\t\t\t\t<div class=\"elementor-container elementor-column-gap-default\">\n\t\t\t\t\t<div class=\"elementor-column elementor-col-100 elementor-top-column elementor-element elementor-element-64ce7b1\" data-id=\"64ce7b1\" data-element_type=\"column\">\n\t\t\t<div class=\"elementor-widget-wrap elementor-element-populated\">\n\t\t\t\t\t\t\t\t<div class=\"elementor-element elementor-element-223ddf0 elementor-widget elementor-widget-bridge_image_gallery\" data-id=\"223ddf0\" data-element_type=\"widget\" data-widget_type=\"bridge_image_gallery.default\">\n\t\t\t\t<div class=\"elementor-widget-container\">\n\t\t\t<div class=\"qode-image-gallery\"><div class=\"qode-image-gallery-inner\"><div class=\"qode-image-gallery-slides wpb_image_grid\" data-interval=\"\"data-control=\"false\"data-direction=\"false\"data-pause-on-hover=\"false\"data-drag=\"false\"><div class=\"gallery_holder\"><ul class=\"gallery_inner gallery_with_space  v3\"><li class=\"no_grayscale\"><a itemprop=\"image\" class=\"qode-prettyphoto\" href=\"https:\/\/uca.edu.sv\/ciencias-educacion\/wp-content\/uploads\/2023\/09\/foto-banner-1.jpg\" data-rel=\"prettyPhoto[rel-645-3832485308]\"><span class=\"gallery_hover\"><i class=\"fa fa-search\"><\/i><\/span><img decoding=\"async\" itemprop=\"image\" src=\"https:\/\/uca.edu.sv\/ciencias-educacion\/wp-content\/uploads\/2023\/09\/foto-banner-1.jpg\" \/><\/a><\/li><li class=\"no_grayscale\"><a itemprop=\"image\" class=\"qode-prettyphoto\" href=\"https:\/\/uca.edu.sv\/ciencias-educacion\/wp-content\/uploads\/2023\/02\/Galeria2.jpg\" data-rel=\"prettyPhoto[rel-645-3832485308]\"><span class=\"gallery_hover\"><i class=\"fa fa-search\"><\/i><\/span><img decoding=\"async\" itemprop=\"image\" src=\"https:\/\/uca.edu.sv\/ciencias-educacion\/wp-content\/uploads\/2023\/02\/Galeria2.jpg\" \/><\/a><\/li><li class=\"no_grayscale\"><a itemprop=\"image\" class=\"qode-prettyphoto\" href=\"https:\/\/uca.edu.sv\/ciencias-educacion\/wp-content\/uploads\/2023\/09\/foto-quienes-somos-2.jpg\" data-rel=\"prettyPhoto[rel-645-3832485308]\"><span class=\"gallery_hover\"><i class=\"fa fa-search\"><\/i><\/span><img decoding=\"async\" itemprop=\"image\" src=\"https:\/\/uca.edu.sv\/ciencias-educacion\/wp-content\/uploads\/2023\/09\/foto-quienes-somos-2.jpg\" \/><\/a><\/li><li class=\"no_grayscale\"><a itemprop=\"image\" class=\"qode-prettyphoto\" href=\"https:\/\/uca.edu.sv\/ciencias-educacion\/wp-content\/uploads\/2023\/09\/88103080_3517091671699109_4967252118751674368_n.jpg\" data-rel=\"prettyPhoto[rel-645-3832485308]\"><span class=\"gallery_hover\"><i class=\"fa fa-search\"><\/i><\/span><img decoding=\"async\" itemprop=\"image\" src=\"https:\/\/uca.edu.sv\/ciencias-educacion\/wp-content\/uploads\/2023\/09\/88103080_3517091671699109_4967252118751674368_n.jpg\" \/><\/a><\/li><li class=\"no_grayscale\"><a itemprop=\"image\" class=\"qode-prettyphoto\" href=\"https:\/\/uca.edu.sv\/ciencias-educacion\/wp-content\/uploads\/2023\/07\/Image-2023-06-12-9.02.40.jpeg\" data-rel=\"prettyPhoto[rel-645-3832485308]\"><span class=\"gallery_hover\"><i class=\"fa fa-search\"><\/i><\/span><img decoding=\"async\" itemprop=\"image\" src=\"https:\/\/uca.edu.sv\/ciencias-educacion\/wp-content\/uploads\/2023\/07\/Image-2023-06-12-9.02.40.jpeg\" \/><\/a><\/li><li class=\"no_grayscale\"><a itemprop=\"image\" class=\"qode-prettyphoto\" href=\"https:\/\/uca.edu.sv\/ciencias-educacion\/wp-content\/uploads\/2023\/07\/Image-2023-06-12-9.03.47.jpeg\" data-rel=\"prettyPhoto[rel-645-3832485308]\"><span class=\"gallery_hover\"><i class=\"fa fa-search\"><\/i><\/span><img decoding=\"async\" itemprop=\"image\" src=\"https:\/\/uca.edu.sv\/ciencias-educacion\/wp-content\/uploads\/2023\/07\/Image-2023-06-12-9.03.47.jpeg\" \/><\/a><\/li><li class=\"no_grayscale\"><a itemprop=\"image\" class=\"qode-prettyphoto\" href=\"https:\/\/uca.edu.sv\/ciencias-educacion\/wp-content\/uploads\/2023\/02\/Galeria7.jpg\" data-rel=\"prettyPhoto[rel-645-3832485308]\"><span class=\"gallery_hover\"><i class=\"fa fa-search\"><\/i><\/span><img decoding=\"async\" itemprop=\"image\" src=\"https:\/\/uca.edu.sv\/ciencias-educacion\/wp-content\/uploads\/2023\/02\/Galeria7.jpg\" \/><\/a><\/li><li class=\"no_grayscale\"><a itemprop=\"image\" class=\"qode-prettyphoto\" href=\"https:\/\/uca.edu.sv\/ciencias-educacion\/wp-content\/uploads\/2023\/02\/Galeria8.jpg\" data-rel=\"prettyPhoto[rel-645-3832485308]\"><span class=\"gallery_hover\"><i class=\"fa fa-search\"><\/i><\/span><img decoding=\"async\" itemprop=\"image\" src=\"https:\/\/uca.edu.sv\/ciencias-educacion\/wp-content\/uploads\/2023\/02\/Galeria8.jpg\" \/><\/a><\/li><li class=\"no_grayscale\"><a itemprop=\"image\" class=\"qode-prettyphoto\" href=\"https:\/\/uca.edu.sv\/ciencias-educacion\/wp-content\/uploads\/2023\/09\/79410677_3287949574613321_8657770078567137280_n.jpg\" data-rel=\"prettyPhoto[rel-645-3832485308]\"><span class=\"gallery_hover\"><i class=\"fa fa-search\"><\/i><\/span><img decoding=\"async\" itemprop=\"image\" src=\"https:\/\/uca.edu.sv\/ciencias-educacion\/wp-content\/uploads\/2023\/09\/79410677_3287949574613321_8657770078567137280_n.jpg\" \/><\/a><\/li><\/ul><\/div><\/div><\/div><\/div>\t\t<\/div>\n\t\t\t\t<\/div>\n\t\t\t\t\t<\/div>\n\t\t<\/div>\n\t\t\t\t\t\t\t<\/div>\n\t\t<\/section>\n\t\t\t\t\t\t\t<\/div>\n\t\t","protected":false},"excerpt":{"rendered":"<p>QUI\u00c9NES SOMOS<\/p>\n","protected":false},"author":1,"featured_media":0,"parent":0,"menu_order":0,"comment_status":"closed","ping_status":"closed","template":"","meta":{"footnotes":""},"_links":{"self":[{"href":"https:\/\/uca.edu.sv\/ciencias-educacion\/wp-json\/wp\/v2\/pages\/645"}],"collection":[{"href":"https:\/\/uca.edu.sv\/ciencias-educacion\/wp-json\/wp\/v2\/pages"}],"about":[{"href":"https:\/\/uca.edu.sv\/ciencias-educacion\/wp-json\/wp\/v2\/types\/page"}],"author":[{"embeddable":true,"href":"https:\/\/uca.edu.sv\/ciencias-educacion\/wp-json\/wp\/v2\/users\/1"}],"replies":[{"embeddable":true,"href":"https:\/\/uca.edu.sv\/ciencias-educacion\/wp-json\/wp\/v2\/comments?post=645"}],"version-history":[{"count":2,"href":"https:\/\/uca.edu.sv\/ciencias-educacion\/wp-json\/wp\/v2\/pages\/645\/revisions"}],"predecessor-version":[{"id":2024,"href":"https:\/\/uca.edu.sv\/ciencias-educacion\/wp-json\/wp\/v2\/pages\/645\/revisions\/2024"}],"wp:attachment":[{"href":"https:\/\/uca.edu.sv\/ciencias-educacion\/wp-json\/wp\/v2\/media?parent=645"}],"curies":[{"name":"wp","href":"https:\/\/api.w.org\/{rel}","templated":true}]}}