{"id":139,"date":"2024-09-12T22:57:58","date_gmt":"2024-09-13T04:57:58","guid":{"rendered":"https:\/\/uca.edu.sv\/cmr\/museo-virtual\/?page_id=139"},"modified":"2024-10-29T12:18:07","modified_gmt":"2024-10-29T18:18:07","slug":"jardin-de-rosas","status":"publish","type":"page","link":"https:\/\/uca.edu.sv\/cmr\/museo-virtual\/museo-virtual\/jardin-de-rosas\/","title":{"rendered":"Jard\u00edn de Rosas"},"content":{"rendered":"<p>[et_pb_section fb_built=\u00bb1&#8243; _builder_version=\u00bb4.26.0&#8243; _module_preset=\u00bbdefault\u00bb background_color=\u00bb#011530&#8243; use_background_color_gradient=\u00bbon\u00bb background_color_gradient_stops=\u00bb#011530 0%|#06658d 100%\u00bb background_enable_image=\u00bboff\u00bb background_blend=\u00bboverlay\u00bb custom_padding=\u00bb162px|||||\u00bb border_width_top=\u00bb3px\u00bb border_color_top=\u00bb#FFC200&#8243; global_colors_info=\u00bb{}\u00bb theme_builder_area=\u00bbpost_content\u00bb][et_pb_row _builder_version=\u00bb4.27.0&#8243; _module_preset=\u00bbdefault\u00bb global_colors_info=\u00bb{}\u00bb theme_builder_area=\u00bbpost_content\u00bb][et_pb_column type=\u00bb4_4&#8243; _builder_version=\u00bb4.27.0&#8243; _module_preset=\u00bbdefault\u00bb global_colors_info=\u00bb{}\u00bb theme_builder_area=\u00bbpost_content\u00bb][et_pb_post_title meta=\u00bboff\u00bb featured_image=\u00bboff\u00bb text_color=\u00bblight\u00bb _builder_version=\u00bb4.27.0&#8243; _module_preset=\u00bbdefault\u00bb text_orientation=\u00bbcenter\u00bb custom_margin=\u00bb||-1px|||\u00bb global_colors_info=\u00bb{}\u00bb theme_builder_area=\u00bbpost_content\u00bb][\/et_pb_post_title][et_pb_text _builder_version=\u00bb4.27.0&#8243; _module_preset=\u00bbdefault\u00bb text_orientation=\u00bbcenter\u00bb background_layout=\u00bbdark\u00bb global_colors_info=\u00bb{}\u00bb theme_builder_area=\u00bbpost_content\u00bb]<\/p>\n<p>Recorrido virtual<\/p>\n<p>[\/et_pb_text][\/et_pb_column][\/et_pb_row][et_pb_row column_structure=\u00bb1_2,1_2&#8243; _builder_version=\u00bb4.27.2&#8243; _module_preset=\u00bbdefault\u00bb global_colors_info=\u00bb{}\u00bb theme_builder_area=\u00bbpost_content\u00bb][et_pb_column type=\u00bb1_2&#8243; _builder_version=\u00bb4.27.2&#8243; _module_preset=\u00bbdefault\u00bb global_colors_info=\u00bb{}\u00bb theme_builder_area=\u00bbpost_content\u00bb][et_pb_text _builder_version=\u00bb4.27.2&#8243; _module_preset=\u00bbdefault\u00bb background_layout=\u00bbdark\u00bb hover_enabled=\u00bb0&#8243; global_colors_info=\u00bb{}\u00bb theme_builder_area=\u00bbpost_content\u00bb sticky_enabled=\u00bb0&#8243;]<\/p>\n<p>ESPA\u00d1OL:<\/p>\n<p>El jard\u00edn de Rosas es el sitio donde fueron encontrados los cuerpos de los jesuitas. Posteriormente, don Obdulio sembr\u00f3 seis rosas rojas en c\u00edrculo y en el centro, dos rosas amarillas. Con el tiempo, se a\u00f1adieron m\u00e1s rosas rojas, en recuerdo de las v\u00edctimas del conflicto armado.<\/p>\n<p>[\/et_pb_text][\/et_pb_column][et_pb_column type=\u00bb1_2&#8243; _builder_version=\u00bb4.27.2&#8243; _module_preset=\u00bbdefault\u00bb global_colors_info=\u00bb{}\u00bb theme_builder_area=\u00bbpost_content\u00bb][et_pb_text _builder_version=\u00bb4.27.2&#8243; _module_preset=\u00bbdefault\u00bb background_layout=\u00bbdark\u00bb hover_enabled=\u00bb0&#8243; locked=\u00bboff\u00bb global_colors_info=\u00bb{}\u00bb theme_builder_area=\u00bbpost_content\u00bb sticky_enabled=\u00bb0&#8243;]<\/p>\n<p>ENGLISH:<\/p>\n<p>The Rose Garden is the place where the corpses of the Jesuits were found. Subsequently, Don Obdulio planted six red roses in a circle, with two yellow roses in the center. Over time, more red roses were added in memory of the victims of the armed conflict.<\/p>\n<p>[\/et_pb_text][\/et_pb_column][\/et_pb_row][et_pb_row _builder_version=\u00bb4.27.0&#8243; _module_preset=\u00bbdefault\u00bb global_colors_info=\u00bb{}\u00bb theme_builder_area=\u00bbpost_content\u00bb][et_pb_column type=\u00bb4_4&#8243; _builder_version=\u00bb4.27.0&#8243; _module_preset=\u00bbdefault\u00bb global_colors_info=\u00bb{}\u00bb theme_builder_area=\u00bbpost_content\u00bb][et_pb_button button_url=\u00bb@ET-DC@eyJkeW5hbWljIjp0cnVlLCJjb250ZW50IjoicG9zdF9saW5rX3VybF9wYWdlIiwic2V0dGluZ3MiOnsicG9zdF9pZCI6IjIyIn19@\u00bb button_text=\u00bbRegresar\u00bb button_alignment=\u00bbcenter\u00bb _builder_version=\u00bb4.27.0&#8243; _dynamic_attributes=\u00bbbutton_url\u00bb _module_preset=\u00bbdefault\u00bb custom_button=\u00bbon\u00bb button_icon=\u00bb&#x38;||divi||400&#8243; button_icon_color=\u00bb#FFC200&#8243; button_icon_placement=\u00bbleft\u00bb button_on_hover=\u00bboff\u00bb background_layout=\u00bbdark\u00bb global_colors_info=\u00bb{}\u00bb theme_builder_area=\u00bbpost_content\u00bb][\/et_pb_button][et_pb_code _builder_version=\u00bb4.27.2&#8243; _module_preset=\u00bbdefault\u00bb hover_enabled=\u00bb0&#8243; global_colors_info=\u00bb{}\u00bb theme_builder_area=\u00bbpost_content\u00bb sticky_enabled=\u00bb0&#8243;]<iframe width='100%' height='650' src='https:\/\/my.matterport.com\/show\/?m=j3nud9AxaWc' frameborder='0' allowfullscreen allow='xr-spatial-tracking'><\/iframe>[\/et_pb_code][et_pb_button button_url=\u00bb@ET-DC@eyJkeW5hbWljIjp0cnVlLCJjb250ZW50IjoicG9zdF9saW5rX3VybF9wYWdlIiwic2V0dGluZ3MiOnsicG9zdF9pZCI6IjIyIn19@\u00bb button_text=\u00bbRegresar\u00bb button_alignment=\u00bbcenter\u00bb _builder_version=\u00bb4.27.0&#8243; _dynamic_attributes=\u00bbbutton_url\u00bb _module_preset=\u00bbdefault\u00bb custom_button=\u00bbon\u00bb button_icon=\u00bb&#x38;||divi||400&#8243; button_icon_color=\u00bb#FFC200&#8243; button_icon_placement=\u00bbleft\u00bb button_on_hover=\u00bboff\u00bb background_layout=\u00bbdark\u00bb global_colors_info=\u00bb{}\u00bb theme_builder_area=\u00bbpost_content\u00bb][\/et_pb_button][\/et_pb_column][\/et_pb_row][\/et_pb_section]<\/p>\n","protected":false},"excerpt":{"rendered":"<p>Recorrido virtualESPA\u00d1OL: El jard\u00edn de Rosas es el sitio donde fueron encontrados los cuerpos de los jesuitas. Posteriormente, don Obdulio sembr\u00f3 seis rosas rojas en c\u00edrculo y en el centro, dos rosas amarillas. Con el tiempo, se a\u00f1adieron m\u00e1s rosas rojas, en recuerdo de las v\u00edctimas del conflicto armado.ENGLISH: The Rose Garden is the place [&hellip;]<\/p>\n","protected":false},"author":1,"featured_media":0,"parent":22,"menu_order":0,"comment_status":"closed","ping_status":"closed","template":"","meta":{"_et_pb_use_builder":"on","_et_pb_old_content":"<!-- wp:divi\/placeholder \/-->","_et_gb_content_width":"","footnotes":""},"_links":{"self":[{"href":"https:\/\/uca.edu.sv\/cmr\/museo-virtual\/wp-json\/wp\/v2\/pages\/139"}],"collection":[{"href":"https:\/\/uca.edu.sv\/cmr\/museo-virtual\/wp-json\/wp\/v2\/pages"}],"about":[{"href":"https:\/\/uca.edu.sv\/cmr\/museo-virtual\/wp-json\/wp\/v2\/types\/page"}],"author":[{"embeddable":true,"href":"https:\/\/uca.edu.sv\/cmr\/museo-virtual\/wp-json\/wp\/v2\/users\/1"}],"replies":[{"embeddable":true,"href":"https:\/\/uca.edu.sv\/cmr\/museo-virtual\/wp-json\/wp\/v2\/comments?post=139"}],"version-history":[{"count":5,"href":"https:\/\/uca.edu.sv\/cmr\/museo-virtual\/wp-json\/wp\/v2\/pages\/139\/revisions"}],"predecessor-version":[{"id":177,"href":"https:\/\/uca.edu.sv\/cmr\/museo-virtual\/wp-json\/wp\/v2\/pages\/139\/revisions\/177"}],"up":[{"embeddable":true,"href":"https:\/\/uca.edu.sv\/cmr\/museo-virtual\/wp-json\/wp\/v2\/pages\/22"}],"wp:attachment":[{"href":"https:\/\/uca.edu.sv\/cmr\/museo-virtual\/wp-json\/wp\/v2\/media?parent=139"}],"curies":[{"name":"wp","href":"https:\/\/api.w.org\/{rel}","templated":true}]}}