{"id":15,"date":"2024-07-12T03:35:28","date_gmt":"2024-07-12T03:35:28","guid":{"rendered":"https:\/\/uca.edu.sv\/cmr\/museo-virtual\/?page_id=15"},"modified":"2025-02-28T16:43:22","modified_gmt":"2025-02-28T22:43:22","slug":"sobre-nosotros","status":"publish","type":"page","link":"https:\/\/uca.edu.sv\/cmr\/museo-virtual\/sobre-nosotros\/","title":{"rendered":"Sobre Nosotros"},"content":{"rendered":"<p>[et_pb_section fb_built=\u00bb1&#8243; _builder_version=\u00bb4.27.0&#8243; _module_preset=\u00bbdefault\u00bb background_image=\u00bbhttps:\/\/uca.edu.sv\/cmr\/museo-virtual\/wp-content\/uploads\/2024\/07\/DSC_0783-Copy.jpg\u00bb global_colors_info=\u00bb{}\u00bb][et_pb_row column_structure=\u00bb1_2,1_2&#8243; _builder_version=\u00bb4.27.0&#8243; _module_preset=\u00bbdefault\u00bb global_colors_info=\u00bb{}\u00bb][et_pb_column type=\u00bb1_2&#8243; _builder_version=\u00bb4.27.0&#8243; _module_preset=\u00bbdefault\u00bb global_colors_info=\u00bb{}\u00bb][et_pb_text _builder_version=\u00bb4.27.2&#8243; _module_preset=\u00bbdefault\u00bb background_color=\u00bb#FFFFFF\u00bb custom_padding=\u00bb50px|50px|50px|50px|true|true\u00bb border_radii=\u00bbon|20px|20px|20px|20px\u00bb global_colors_info=\u00bb{}\u00bb]<\/p>\n<h3>Sobre el<\/h3>\n<h1>Centro Monse\u00f1or Romero<\/h1>\n<p>&nbsp;<\/p>\n<p>El Centro Monse\u00f1or Romero, fundado en 1985 por la Compa\u00f1\u00eda de Jes\u00fas, colabora activamente con la proyecci\u00f3n social y la investigaci\u00f3n de la UCA. Su misi\u00f3n es cultivar la memoria de la Iglesia martirial de El Salvador, a trav\u00e9s de diversas actividades de car\u00e1cter teol\u00f3gico y pastoral. Mons. \u00d3scar Romero, Rutilio Grande, los m\u00e1rtires de la UCA y todos los m\u00e1rtires salvadore\u00f1os constituyen el n\u00facleo de esa memoria.<\/p>\n<p>[\/et_pb_text][\/et_pb_column][et_pb_column type=\u00bb1_2&#8243; _builder_version=\u00bb4.27.0&#8243; _module_preset=\u00bbdefault\u00bb global_colors_info=\u00bb{}\u00bb][\/et_pb_column][\/et_pb_row][\/et_pb_section][et_pb_section fb_built=\u00bb1&#8243; _builder_version=\u00bb4.27.0&#8243; _module_preset=\u00bbdefault\u00bb background_video_mp4=\u00bbhttps:\/\/uca.edu.sv\/cmr\/museo-virtual\/wp-content\/uploads\/2024\/09\/iglesia360video.mp4&#8243; background_video_width=\u00bb100%\u00bb background_video_pause_outside_viewport=\u00bboff\u00bb custom_padding=\u00bb228px||228px||true|false\u00bb global_colors_info=\u00bb{}\u00bb][et_pb_row _builder_version=\u00bb4.27.0&#8243; _module_preset=\u00bbdefault\u00bb global_colors_info=\u00bb{}\u00bb][et_pb_column type=\u00bb4_4&#8243; _builder_version=\u00bb4.27.0&#8243; _module_preset=\u00bbdefault\u00bb global_colors_info=\u00bb{}\u00bb][et_pb_text _builder_version=\u00bb4.27.2&#8243; _module_preset=\u00bbdefault\u00bb text_font_size=\u00bb28px\u00bb text_line_height=\u00bb1.8em\u00bb background_color=\u00bbrgba(255,255,255,0.38)\u00bb text_orientation=\u00bbcenter\u00bb custom_padding=\u00bb50px|50px|50px|50px|true|true\u00bb text_font_size_tablet=\u00bb28px\u00bb text_font_size_phone=\u00bb24px\u00bb text_font_size_last_edited=\u00bbon|phone\u00bb text_line_height_tablet=\u00bb1.8em\u00bb text_line_height_phone=\u00bb1.2em\u00bb text_line_height_last_edited=\u00bbon|phone\u00bb border_radii=\u00bbon|20px|20px|20px|20px\u00bb global_colors_info=\u00bb{}\u00bb]<\/p>\n<p>De esa manera, el Centro Monse\u00f1or Romero da testimonio de la \u201cBuena noticia de Jesucristo\u201d y ofrece un camino de humanizaci\u00f3n, de justicia y de paz.<\/p>\n<p>[\/et_pb_text][\/et_pb_column][\/et_pb_row][\/et_pb_section][et_pb_section fb_built=\u00bb1&#8243; _builder_version=\u00bb4.27.0&#8243; _module_preset=\u00bbdefault\u00bb background_image=\u00bbhttps:\/\/uca.edu.sv\/cmr\/museo-virtual\/wp-content\/uploads\/2024\/07\/DSC_0794-Copy.jpg\u00bb parallax=\u00bbon\u00bb parallax_method=\u00bboff\u00bb global_colors_info=\u00bb{}\u00bb][et_pb_row column_structure=\u00bb1_2,1_2&#8243; _builder_version=\u00bb4.27.0&#8243; _module_preset=\u00bbdefault\u00bb custom_margin=\u00bb119px||119px||true|false\u00bb global_colors_info=\u00bb{}\u00bb][et_pb_column type=\u00bb1_2&#8243; _builder_version=\u00bb4.27.0&#8243; _module_preset=\u00bbdefault\u00bb global_colors_info=\u00bb{}\u00bb][\/et_pb_column][et_pb_column type=\u00bb1_2&#8243; _builder_version=\u00bb4.27.0&#8243; _module_preset=\u00bbdefault\u00bb global_colors_info=\u00bb{}\u00bb][et_pb_text _builder_version=\u00bb4.27.0&#8243; _module_preset=\u00bbdefault\u00bb text_font_size=\u00bb16px\u00bb text_line_height=\u00bb1.9em\u00bb background_color=\u00bb#FFFFFF\u00bb custom_padding=\u00bb50px|50px|50px|50px|true|true\u00bb border_radii=\u00bbon|50px|50px|50px|50px\u00bb global_colors_info=\u00bb{}\u00bb]<\/p>\n<p>El Centro Monse\u00f1or Romero, remodelado y ampliado en 1994, alberga el Departamento de Teolog\u00eda, la Biblioteca \u201cJuan Ram\u00f3n Moreno\u201d, especializada en teolog\u00eda, la Sala memorial de los M\u00e1rtires, el Jard\u00edn de rosas, el sitio donde asesinaron a los m\u00e1rtires de la UCA el 16 de noviembre de 1989, la capilla de Elba y Celina, la parroquia Jesucristo Liberador, el Sal\u00f3n de Afiches, varias aulas, y la Asociaci\u00f3n Monse\u00f1or Romero.<\/p>\n<p>[\/et_pb_text][\/et_pb_column][\/et_pb_row][\/et_pb_section][et_pb_section fb_built=\u00bb1&#8243; _builder_version=\u00bb4.27.0&#8243; _module_preset=\u00bbdefault\u00bb background_color=\u00bb#011530&#8243; global_colors_info=\u00bb{}\u00bb][et_pb_row _builder_version=\u00bb4.27.0&#8243; _module_preset=\u00bbdefault\u00bb global_colors_info=\u00bb{}\u00bb][et_pb_column type=\u00bb4_4&#8243; _builder_version=\u00bb4.27.0&#8243; _module_preset=\u00bbdefault\u00bb global_colors_info=\u00bb{}\u00bb][et_pb_text _builder_version=\u00bb4.27.2&#8243; _module_preset=\u00bbdefault\u00bb text_text_color=\u00bb#FFFFFF\u00bb text_font_size=\u00bb21px\u00bb text_line_height=\u00bb1.8em\u00bb text_orientation=\u00bbcenter\u00bb global_colors_info=\u00bb{}\u00bb]<\/p>\n<p>El Centro Monse\u00f1or Romero forma parte de lo que el Ministerio de Turismo ha dado en llamar City Tour Monse\u00f1or Romero.<\/p>\n<p>[\/et_pb_text][\/et_pb_column][\/et_pb_row][\/et_pb_section]<\/p>\n","protected":false},"excerpt":{"rendered":"<p>Sobre el Centro Monse\u00f1or Romero &nbsp; El Centro Monse\u00f1or Romero, fundado en 1985 por la Compa\u00f1\u00eda de Jes\u00fas, colabora activamente con la proyecci\u00f3n social y la investigaci\u00f3n de la UCA. Su misi\u00f3n es cultivar la memoria de la Iglesia martirial de El Salvador, a trav\u00e9s de diversas actividades de car\u00e1cter teol\u00f3gico y pastoral. Mons. \u00d3scar [&hellip;]<\/p>\n","protected":false},"author":1,"featured_media":0,"parent":0,"menu_order":0,"comment_status":"closed","ping_status":"closed","template":"","meta":{"_et_pb_use_builder":"on","_et_pb_old_content":"<!-- wp:divi\/placeholder \/-->","_et_gb_content_width":"","footnotes":""},"_links":{"self":[{"href":"https:\/\/uca.edu.sv\/cmr\/museo-virtual\/wp-json\/wp\/v2\/pages\/15"}],"collection":[{"href":"https:\/\/uca.edu.sv\/cmr\/museo-virtual\/wp-json\/wp\/v2\/pages"}],"about":[{"href":"https:\/\/uca.edu.sv\/cmr\/museo-virtual\/wp-json\/wp\/v2\/types\/page"}],"author":[{"embeddable":true,"href":"https:\/\/uca.edu.sv\/cmr\/museo-virtual\/wp-json\/wp\/v2\/users\/1"}],"replies":[{"embeddable":true,"href":"https:\/\/uca.edu.sv\/cmr\/museo-virtual\/wp-json\/wp\/v2\/comments?post=15"}],"version-history":[{"count":9,"href":"https:\/\/uca.edu.sv\/cmr\/museo-virtual\/wp-json\/wp\/v2\/pages\/15\/revisions"}],"predecessor-version":[{"id":198,"href":"https:\/\/uca.edu.sv\/cmr\/museo-virtual\/wp-json\/wp\/v2\/pages\/15\/revisions\/198"}],"wp:attachment":[{"href":"https:\/\/uca.edu.sv\/cmr\/museo-virtual\/wp-json\/wp\/v2\/media?parent=15"}],"curies":[{"name":"wp","href":"https:\/\/api.w.org\/{rel}","templated":true}]}}