{"id":18,"date":"2024-07-12T03:57:04","date_gmt":"2024-07-12T03:57:04","guid":{"rendered":"https:\/\/uca.edu.sv\/cmr\/museo-virtual\/?page_id=18"},"modified":"2025-02-28T16:33:31","modified_gmt":"2025-02-28T22:33:31","slug":"inicio","status":"publish","type":"page","link":"https:\/\/uca.edu.sv\/cmr\/museo-virtual\/","title":{"rendered":"Inicio"},"content":{"rendered":"<p>[et_pb_section fb_built=\u00bb1&#8243; fullwidth=\u00bbon\u00bb _builder_version=\u00bb4.26.0&#8243; _module_preset=\u00bbdefault\u00bb background_enable_color=\u00bboff\u00bb background_enable_image=\u00bboff\u00bb global_colors_info=\u00bb{}\u00bb][et_pb_fullwidth_slider _builder_version=\u00bb4.27.2&#8243; _module_preset=\u00bbdefault\u00bb global_colors_info=\u00bb{}\u00bb][et_pb_slide heading=\u00bbMuseo Virtual del Centro Monse\u00f1or Romero\u00bb button_text=\u00bbIniciar Visita Virtual\u00bb button_link=\u00bb@ET-DC@eyJkeW5hbWljIjp0cnVlLCJjb250ZW50IjoicG9zdF9saW5rX3VybF9wYWdlIiwic2V0dGluZ3MiOnsicG9zdF9pZCI6IjIyIn19@\u00bb use_bg_overlay=\u00bbon\u00bb use_text_overlay=\u00bboff\u00bb _builder_version=\u00bb4.27.2&#8243; _dynamic_attributes=\u00bbbutton_link\u00bb _module_preset=\u00bbdefault\u00bb background_enable_color=\u00bbon\u00bb background_image=\u00bbhttps:\/\/uca.edu.sv\/cmr\/museo-virtual\/wp-content\/uploads\/2024\/07\/DSC_0778-Copy.jpg\u00bb background_enable_image=\u00bbon\u00bb custom_button=\u00bbon\u00bb button_on_hover=\u00bboff\u00bb button_custom_margin=\u00bb51px||||false|false\u00bb button_text_shadow_style=\u00bbpreset2&#8243; button_text_shadow_horizontal_length=\u00bb0.15em\u00bb button_text_shadow_vertical_length=\u00bb0.15em\u00bb button_text_shadow_blur_strength=\u00bb0.2em\u00bb box_shadow_style_button=\u00bbpreset2&#8243; text_shadow_style=\u00bbpreset2&#8243; text_shadow_horizontal_length=\u00bb0.15em\u00bb text_shadow_vertical_length=\u00bb0.15em\u00bb text_shadow_blur_strength=\u00bb0.2em\u00bb text_shadow_color=\u00bb#000000&#8243; global_colors_info=\u00bb{}\u00bb sticky_transition=\u00bbon\u00bb]<\/p>\n<p>Visita nuestro museo virtual y conoce cada uno de los principales espacios que conforman el legado cultural y la historia que encierra cada uno.<\/p>\n<p>[\/et_pb_slide][et_pb_slide heading=\u00bbSala Memorial de los M\u00e1rtires\u00bb button_text=\u00bbIniciar Visita Virtual\u00bb button_link=\u00bb@ET-DC@eyJkeW5hbWljIjp0cnVlLCJjb250ZW50IjoicG9zdF9saW5rX3VybF9wYWdlIiwic2V0dGluZ3MiOnsicG9zdF9pZCI6IjIyIn19@\u00bb use_bg_overlay=\u00bbon\u00bb use_text_overlay=\u00bboff\u00bb _builder_version=\u00bb4.26.0&#8243; _dynamic_attributes=\u00bbbutton_link\u00bb _module_preset=\u00bbdefault\u00bb background_enable_color=\u00bbon\u00bb background_image=\u00bbhttps:\/\/uca.edu.sv\/cmr\/museo-virtual\/wp-content\/uploads\/2024\/07\/DSC_0786-Copy.jpg\u00bb background_enable_image=\u00bbon\u00bb custom_button=\u00bbon\u00bb button_on_hover=\u00bboff\u00bb button_custom_margin=\u00bb51px||||false|false\u00bb button_text_shadow_style=\u00bbpreset2&#8243; button_text_shadow_horizontal_length=\u00bb0.15em\u00bb button_text_shadow_vertical_length=\u00bb0.15em\u00bb button_text_shadow_blur_strength=\u00bb0.2em\u00bb box_shadow_style_button=\u00bbpreset2&#8243; text_shadow_style=\u00bbpreset2&#8243; text_shadow_horizontal_length=\u00bb0.15em\u00bb text_shadow_vertical_length=\u00bb0.15em\u00bb text_shadow_blur_strength=\u00bb0.2em\u00bb text_shadow_color=\u00bb#000000&#8243; global_colors_info=\u00bb{}\u00bb sticky_transition=\u00bbon\u00bb][\/et_pb_slide][et_pb_slide heading=\u00bbCapilla de Elba y Celina\u00bb button_text=\u00bbIniciar Visita Virtual\u00bb button_link=\u00bb@ET-DC@eyJkeW5hbWljIjp0cnVlLCJjb250ZW50IjoicG9zdF9saW5rX3VybF9wYWdlIiwic2V0dGluZ3MiOnsicG9zdF9pZCI6IjIyIn19@\u00bb use_bg_overlay=\u00bbon\u00bb use_text_overlay=\u00bboff\u00bb _builder_version=\u00bb4.26.0&#8243; _dynamic_attributes=\u00bbbutton_link\u00bb _module_preset=\u00bbdefault\u00bb background_enable_color=\u00bbon\u00bb background_image=\u00bbhttps:\/\/uca.edu.sv\/cmr\/museo-virtual\/wp-content\/uploads\/2024\/07\/DSC_0801-Copy.jpg\u00bb background_enable_image=\u00bbon\u00bb custom_button=\u00bbon\u00bb button_on_hover=\u00bboff\u00bb button_custom_margin=\u00bb51px||||false|false\u00bb button_text_shadow_style=\u00bbpreset2&#8243; button_text_shadow_horizontal_length=\u00bb0.15em\u00bb button_text_shadow_vertical_length=\u00bb0.15em\u00bb button_text_shadow_blur_strength=\u00bb0.2em\u00bb box_shadow_style_button=\u00bbpreset2&#8243; text_shadow_style=\u00bbpreset2&#8243; text_shadow_horizontal_length=\u00bb0.15em\u00bb text_shadow_vertical_length=\u00bb0.15em\u00bb text_shadow_blur_strength=\u00bb0.2em\u00bb text_shadow_color=\u00bb#000000&#8243; global_colors_info=\u00bb{}\u00bb sticky_transition=\u00bbon\u00bb][\/et_pb_slide][et_pb_slide heading=\u00bbJard\u00edn de Rosas\u00bb button_text=\u00bbIniciar Visita Virtual\u00bb button_link=\u00bb@ET-DC@eyJkeW5hbWljIjp0cnVlLCJjb250ZW50IjoicG9zdF9saW5rX3VybF9wYWdlIiwic2V0dGluZ3MiOnsicG9zdF9pZCI6IjIyIn19@\u00bb use_bg_overlay=\u00bbon\u00bb use_text_overlay=\u00bboff\u00bb _builder_version=\u00bb4.26.0&#8243; _dynamic_attributes=\u00bbbutton_link\u00bb _module_preset=\u00bbdefault\u00bb background_enable_color=\u00bbon\u00bb background_image=\u00bbhttps:\/\/uca.edu.sv\/cmr\/museo-virtual\/wp-content\/uploads\/2024\/07\/DSC_0793-Copy.jpg\u00bb background_enable_image=\u00bbon\u00bb custom_button=\u00bbon\u00bb button_on_hover=\u00bboff\u00bb button_custom_margin=\u00bb51px||||false|false\u00bb button_text_shadow_style=\u00bbpreset2&#8243; button_text_shadow_horizontal_length=\u00bb0.15em\u00bb button_text_shadow_vertical_length=\u00bb0.15em\u00bb button_text_shadow_blur_strength=\u00bb0.2em\u00bb box_shadow_style_button=\u00bbpreset2&#8243; text_shadow_style=\u00bbpreset2&#8243; text_shadow_horizontal_length=\u00bb0.15em\u00bb text_shadow_vertical_length=\u00bb0.15em\u00bb text_shadow_blur_strength=\u00bb0.2em\u00bb text_shadow_color=\u00bb#000000&#8243; global_colors_info=\u00bb{}\u00bb sticky_transition=\u00bbon\u00bb][\/et_pb_slide][et_pb_slide heading=\u00bbSal\u00f3n de Afiches\u00bb button_text=\u00bbIniciar Visita Virtual\u00bb button_link=\u00bb@ET-DC@eyJkeW5hbWljIjp0cnVlLCJjb250ZW50IjoicG9zdF9saW5rX3VybF9wYWdlIiwic2V0dGluZ3MiOnsicG9zdF9pZCI6IjIyIn19@\u00bb use_bg_overlay=\u00bbon\u00bb use_text_overlay=\u00bboff\u00bb _builder_version=\u00bb4.27.2&#8243; _dynamic_attributes=\u00bbbutton_link\u00bb _module_preset=\u00bbdefault\u00bb background_enable_color=\u00bbon\u00bb background_image=\u00bbhttps:\/\/uca.edu.sv\/cmr\/museo-virtual\/wp-content\/uploads\/2025\/01\/Portada-salon-de-afiches.jpg\u00bb background_enable_image=\u00bbon\u00bb custom_button=\u00bbon\u00bb button_on_hover=\u00bboff\u00bb button_custom_margin=\u00bb51px||||false|false\u00bb button_text_shadow_style=\u00bbpreset2&#8243; button_text_shadow_horizontal_length=\u00bb0.15em\u00bb button_text_shadow_vertical_length=\u00bb0.15em\u00bb button_text_shadow_blur_strength=\u00bb0.2em\u00bb box_shadow_style_button=\u00bbpreset2&#8243; text_shadow_style=\u00bbpreset2&#8243; text_shadow_horizontal_length=\u00bb0.15em\u00bb text_shadow_vertical_length=\u00bb0.15em\u00bb text_shadow_blur_strength=\u00bb0.2em\u00bb text_shadow_color=\u00bb#000000&#8243; global_colors_info=\u00bb{}\u00bb sticky_transition=\u00bbon\u00bb][\/et_pb_slide][et_pb_slide heading=\u00bbParroquia Jesucristo Liberador\u00bb button_text=\u00bbIniciar Visita Virtual\u00bb button_link=\u00bb@ET-DC@eyJkeW5hbWljIjp0cnVlLCJjb250ZW50IjoicG9zdF9saW5rX3VybF9wYWdlIiwic2V0dGluZ3MiOnsicG9zdF9pZCI6IjIyIn19@\u00bb use_bg_overlay=\u00bbon\u00bb use_text_overlay=\u00bboff\u00bb _builder_version=\u00bb4.26.0&#8243; _dynamic_attributes=\u00bbbutton_link\u00bb _module_preset=\u00bbdefault\u00bb background_enable_color=\u00bbon\u00bb background_image=\u00bbhttps:\/\/uca.edu.sv\/cmr\/museo-virtual\/wp-content\/uploads\/2024\/07\/DSC_0807-Copy.jpg\u00bb background_enable_image=\u00bbon\u00bb custom_button=\u00bbon\u00bb button_on_hover=\u00bboff\u00bb button_custom_margin=\u00bb51px||||false|false\u00bb button_text_shadow_style=\u00bbpreset2&#8243; button_text_shadow_horizontal_length=\u00bb0.15em\u00bb button_text_shadow_vertical_length=\u00bb0.15em\u00bb button_text_shadow_blur_strength=\u00bb0.2em\u00bb box_shadow_style_button=\u00bbpreset2&#8243; text_shadow_style=\u00bbpreset2&#8243; text_shadow_horizontal_length=\u00bb0.15em\u00bb text_shadow_vertical_length=\u00bb0.15em\u00bb text_shadow_blur_strength=\u00bb0.2em\u00bb text_shadow_color=\u00bb#000000&#8243; global_colors_info=\u00bb{}\u00bb sticky_transition=\u00bbon\u00bb][\/et_pb_slide][\/et_pb_fullwidth_slider][\/et_pb_section][et_pb_section fb_built=\u00bb1&#8243; _builder_version=\u00bb4.26.0&#8243; _module_preset=\u00bbdefault\u00bb background_color=\u00bb#011530&#8243; background_image=\u00bbhttps:\/\/uca.edu.sv\/cmr\/museo-virtual\/wp-content\/uploads\/2024\/07\/shutterstock_1664375386mod.jpg\u00bb parallax=\u00bbon\u00bb background_blend=\u00bbmultiply\u00bb global_colors_info=\u00bb{}\u00bb][et_pb_row column_structure=\u00bb2_5,3_5&#8243; _builder_version=\u00bb4.26.0&#8243; _module_preset=\u00bbdefault\u00bb background_enable_image=\u00bboff\u00bb background_blend=\u00bboverlay\u00bb global_colors_info=\u00bb{}\u00bb][et_pb_column type=\u00bb2_5&#8243; _builder_version=\u00bb4.26.0&#8243; _module_preset=\u00bbdefault\u00bb global_colors_info=\u00bb{}\u00bb][\/et_pb_column][et_pb_column type=\u00bb3_5&#8243; _builder_version=\u00bb4.26.0&#8243; _module_preset=\u00bbdefault\u00bb global_colors_info=\u00bb{}\u00bb][et_pb_blurb title=\u00bbUn museo dedicado a conversar un legado\u00bb image=\u00bbhttps:\/\/uca.edu.sv\/cmr\/museo-virtual\/wp-content\/uploads\/2024\/07\/Logo-Centro-Monsenor-Romero-01-150px-inverted-1.webp\u00bb icon_alignment=\u00bbleft\u00bb content_max_width=\u00bb100%\u00bb _builder_version=\u00bb4.27.2&#8243; _module_preset=\u00bbdefault\u00bb background_layout=\u00bbdark\u00bb hover_enabled=\u00bb0&#8243; custom_css_blurb_image=\u00bbmargin-bottom: 50px;\u00bb global_colors_info=\u00bb{}\u00bb sticky_enabled=\u00bb0&#8243;]<\/p>\n<p><span><\/span><\/p>\n<p>El Centro Monse\u00f1or Romero, fundado en 1985 por la Compa\u00f1\u00eda de Jes\u00fas, colabora activamente con la proyecci\u00f3n social y la investigaci\u00f3n de la UCA. Su misi\u00f3n es cultivar la memoria de la Iglesia martirial de El Salvador, a trav\u00e9s de diversas actividades de car\u00e1cter teol\u00f3gico y pastoral. Mons. \u00d3scar Romero, Rutilio Grande, los m\u00e1rtires de la UCA y todos los m\u00e1rtires salvadore\u00f1os constituyen el n\u00facleo de esa memoria.<\/p>\n<p>&nbsp;<\/p>\n<p>[\/et_pb_blurb][et_pb_button button_url=\u00bb@ET-DC@eyJkeW5hbWljIjp0cnVlLCJjb250ZW50IjoicG9zdF9saW5rX3VybF9wYWdlIiwic2V0dGluZ3MiOnsicG9zdF9pZCI6IjE1In19@\u00bb button_text=\u00bbSobre Nosotros\u00bb button_alignment=\u00bbleft\u00bb _builder_version=\u00bb4.27.0&#8243; _dynamic_attributes=\u00bbbutton_url\u00bb _module_preset=\u00bbdefault\u00bb background_layout=\u00bbdark\u00bb global_colors_info=\u00bb{}\u00bb][\/et_pb_button][\/et_pb_column][\/et_pb_row][\/et_pb_section][et_pb_section fb_built=\u00bb1&#8243; fullwidth=\u00bbon\u00bb _builder_version=\u00bb4.26.0&#8243; _module_preset=\u00bbdefault\u00bb global_colors_info=\u00bb{}\u00bb][et_pb_fullwidth_map address=\u00bbSan Salvador, El Salvador\u00bb zoom_level=\u00bb15&#8243; address_lat=\u00bb13.680443945947&#8243; address_lng=\u00bb-89.236413889484&#8243; _builder_version=\u00bb4.27.0&#8243; _module_preset=\u00bbdefault\u00bb global_colors_info=\u00bb{}\u00bb][et_pb_map_pin title=\u00bbCentro Monse\u00f1or Romero\u00bb pin_address=\u00bbMQH7+HM San Salvador, El Salvador\u00bb zoom_level=\u00bb17&#8243; pin_address_lat=\u00bb13.678951004567&#8243; pin_address_lng=\u00bb-89.235829306482&#8243; _builder_version=\u00bb4.27.0&#8243; _module_preset=\u00bbdefault\u00bb global_colors_info=\u00bb{}\u00bb]<\/p>\n<p>Lun &#8211; Vie | 8:00 a.m. &#8211; 5:45 p.m.<\/p>\n<p>[\/et_pb_map_pin][\/et_pb_fullwidth_map][\/et_pb_section]<\/p>\n","protected":false},"excerpt":{"rendered":"<p>Visita nuestro museo virtual y conoce cada uno de los principales espacios que conforman el legado cultural y la historia que encierra cada uno. El Centro Monse\u00f1or Romero, fundado en 1985 por la Compa\u00f1\u00eda de Jes\u00fas, colabora activamente con la proyecci\u00f3n social y la investigaci\u00f3n de la UCA. Su misi\u00f3n es cultivar la memoria de [&hellip;]<\/p>\n","protected":false},"author":1,"featured_media":0,"parent":0,"menu_order":0,"comment_status":"closed","ping_status":"closed","template":"","meta":{"_et_pb_use_builder":"on","_et_pb_old_content":"","_et_gb_content_width":"","footnotes":""},"_links":{"self":[{"href":"https:\/\/uca.edu.sv\/cmr\/museo-virtual\/wp-json\/wp\/v2\/pages\/18"}],"collection":[{"href":"https:\/\/uca.edu.sv\/cmr\/museo-virtual\/wp-json\/wp\/v2\/pages"}],"about":[{"href":"https:\/\/uca.edu.sv\/cmr\/museo-virtual\/wp-json\/wp\/v2\/types\/page"}],"author":[{"embeddable":true,"href":"https:\/\/uca.edu.sv\/cmr\/museo-virtual\/wp-json\/wp\/v2\/users\/1"}],"replies":[{"embeddable":true,"href":"https:\/\/uca.edu.sv\/cmr\/museo-virtual\/wp-json\/wp\/v2\/comments?post=18"}],"version-history":[{"count":15,"href":"https:\/\/uca.edu.sv\/cmr\/museo-virtual\/wp-json\/wp\/v2\/pages\/18\/revisions"}],"predecessor-version":[{"id":195,"href":"https:\/\/uca.edu.sv\/cmr\/museo-virtual\/wp-json\/wp\/v2\/pages\/18\/revisions\/195"}],"wp:attachment":[{"href":"https:\/\/uca.edu.sv\/cmr\/museo-virtual\/wp-json\/wp\/v2\/media?parent=18"}],"curies":[{"name":"wp","href":"https:\/\/api.w.org\/{rel}","templated":true}]}}