{"id":26,"date":"2024-07-12T03:58:26","date_gmt":"2024-07-12T03:58:26","guid":{"rendered":"https:\/\/uca.edu.sv\/cmr\/museo-virtual\/?page_id=26"},"modified":"2024-10-29T12:37:37","modified_gmt":"2024-10-29T18:37:37","slug":"ubicacion-y-horarios","status":"publish","type":"page","link":"https:\/\/uca.edu.sv\/cmr\/museo-virtual\/ubicacion-y-horarios\/","title":{"rendered":"Ubicaci\u00f3n y Horarios"},"content":{"rendered":"<p>[et_pb_section fb_built=\u00bb1&#8243; _builder_version=\u00bb4.27.0&#8243; _module_preset=\u00bbdefault\u00bb background_color=\u00bb#011530&#8243; global_colors_info=\u00bb{}\u00bb][et_pb_row _builder_version=\u00bb4.27.0&#8243; _module_preset=\u00bbdefault\u00bb global_colors_info=\u00bb{}\u00bb][et_pb_column type=\u00bb4_4&#8243; _builder_version=\u00bb4.27.0&#8243; _module_preset=\u00bbdefault\u00bb global_colors_info=\u00bb{}\u00bb][et_pb_text _builder_version=\u00bb4.27.0&#8243; _module_preset=\u00bbdefault\u00bb text_orientation=\u00bbcenter\u00bb background_layout=\u00bbdark\u00bb global_colors_info=\u00bb{}\u00bb]<\/p>\n<h1>Ubicaci\u00f3n y Horarios<\/h1>\n<p>[\/et_pb_text][\/et_pb_column][\/et_pb_row][\/et_pb_section][et_pb_section fb_built=\u00bb1&#8243; _builder_version=\u00bb4.27.0&#8243; _module_preset=\u00bbdefault\u00bb custom_margin=\u00bb0px||0px||true|false\u00bb custom_padding=\u00bb0px||0px||true|false\u00bb global_colors_info=\u00bb{}\u00bb][et_pb_row column_structure=\u00bb1_2,1_2&#8243; _builder_version=\u00bb4.27.0&#8243; _module_preset=\u00bbdefault\u00bb width=\u00bb100%\u00bb max_width=\u00bb2560px\u00bb custom_margin=\u00bb0px||0px||true|false\u00bb custom_padding=\u00bb0px||0px||true|false\u00bb global_colors_info=\u00bb{}\u00bb][et_pb_column type=\u00bb1_2&#8243; _builder_version=\u00bb4.27.0&#8243; _module_preset=\u00bbdefault\u00bb custom_padding=\u00bb125px|50px|125px|50px|true|true\u00bb global_colors_info=\u00bb{}\u00bb][et_pb_blurb title=\u00bbNuestra Ubicaci\u00f3n\u00bb use_icon=\u00bbon\u00bb font_icon=\u00bb&#xe081;||divi||400&#8243; icon_color=\u00bb#FFC200&#8243; icon_placement=\u00bbleft\u00bb _builder_version=\u00bb4.27.0&#8243; _module_preset=\u00bbdefault\u00bb global_colors_info=\u00bb{}\u00bb]<\/p>\n<p>Recinto de la Universidad Centroamericana Jos\u00e9 Sime\u00f3n Ca\u00f1as.<br \/>Bulevar Los Pr\u00f3ceres, Antiguo Cuscatl\u00e1n, La Libertad<\/p>\n<p>[\/et_pb_blurb][et_pb_blurb title=\u00bbHorarios\u00bb use_icon=\u00bbon\u00bb font_icon=\u00bb&#xf1da;||fa||900&#8243; icon_color=\u00bb#FFC200&#8243; icon_placement=\u00bbleft\u00bb _builder_version=\u00bb4.27.2&#8243; _module_preset=\u00bbdefault\u00bb hover_enabled=\u00bb0&#8243; global_colors_info=\u00bb{}\u00bb sticky_enabled=\u00bb0&#8243;]<\/p>\n<p>Visitas de Lunes a Viernes<br \/>8:00 a.m. &#8211; 12 m.<br \/>1:00 p.m. &#8211; 5:45 p.m.<\/p>\n<p>[\/et_pb_blurb][et_pb_blurb title=\u00bbTel\u00e9fono\u00bb use_icon=\u00bbon\u00bb font_icon=\u00bb&#xe090;||divi||400&#8243; icon_color=\u00bb#FFC200&#8243; icon_placement=\u00bbleft\u00bb _builder_version=\u00bb4.27.0&#8243; _module_preset=\u00bbdefault\u00bb global_colors_info=\u00bb{}\u00bb]<\/p>\n<p>+503 <strong>2210-6675<\/strong><\/p>\n<p>[\/et_pb_blurb][\/et_pb_column][et_pb_column type=\u00bb1_2&#8243; _builder_version=\u00bb4.27.0&#8243; _module_preset=\u00bbdefault\u00bb global_colors_info=\u00bb{}\u00bb][et_pb_map address=\u00bbMQH7+HM, San Salvador, El Salvador\u00bb zoom_level=\u00bb14&#8243; address_lat=\u00bb13.6789375&#8243; address_lng=\u00bb-89.2358125&#8243; _builder_version=\u00bb4.27.0&#8243; _module_preset=\u00bbdefault\u00bb height=\u00bb600px\u00bb global_colors_info=\u00bb{}\u00bb][et_pb_map_pin title=\u00bbCentro Monse\u00f1or Romero\u00bb pin_address=\u00bbMQH7+HM San Salvador, El Salvador\u00bb zoom_level=\u00bb19&#8243; pin_address_lat=\u00bb13.678961429091&#8243; pin_address_lng=\u00bb-89.2358346709&#8243; _builder_version=\u00bb4.27.0&#8243; _module_preset=\u00bbdefault\u00bb global_colors_info=\u00bb{}\u00bb][\/et_pb_map_pin][\/et_pb_map][\/et_pb_column][\/et_pb_row][\/et_pb_section]<\/p>\n","protected":false},"excerpt":{"rendered":"<p>Ubicaci\u00f3n y HorariosRecinto de la Universidad Centroamericana Jos\u00e9 Sime\u00f3n Ca\u00f1as.Bulevar Los Pr\u00f3ceres, Antiguo Cuscatl\u00e1n, La LibertadVisitas de Lunes a Viernes8:00 a.m. &#8211; 12 m.1:00 p.m. &#8211; 5:45 p.m.+503 2210-6675<\/p>\n","protected":false},"author":1,"featured_media":0,"parent":0,"menu_order":0,"comment_status":"closed","ping_status":"closed","template":"","meta":{"_et_pb_use_builder":"on","_et_pb_old_content":"<!-- wp:divi\/placeholder \/-->","_et_gb_content_width":"","footnotes":""},"_links":{"self":[{"href":"https:\/\/uca.edu.sv\/cmr\/museo-virtual\/wp-json\/wp\/v2\/pages\/26"}],"collection":[{"href":"https:\/\/uca.edu.sv\/cmr\/museo-virtual\/wp-json\/wp\/v2\/pages"}],"about":[{"href":"https:\/\/uca.edu.sv\/cmr\/museo-virtual\/wp-json\/wp\/v2\/types\/page"}],"author":[{"embeddable":true,"href":"https:\/\/uca.edu.sv\/cmr\/museo-virtual\/wp-json\/wp\/v2\/users\/1"}],"replies":[{"embeddable":true,"href":"https:\/\/uca.edu.sv\/cmr\/museo-virtual\/wp-json\/wp\/v2\/comments?post=26"}],"version-history":[{"count":6,"href":"https:\/\/uca.edu.sv\/cmr\/museo-virtual\/wp-json\/wp\/v2\/pages\/26\/revisions"}],"predecessor-version":[{"id":180,"href":"https:\/\/uca.edu.sv\/cmr\/museo-virtual\/wp-json\/wp\/v2\/pages\/26\/revisions\/180"}],"wp:attachment":[{"href":"https:\/\/uca.edu.sv\/cmr\/museo-virtual\/wp-json\/wp\/v2\/media?parent=26"}],"curies":[{"name":"wp","href":"https:\/\/api.w.org\/{rel}","templated":true}]}}