{"id":160,"date":"2025-04-17T09:44:44","date_gmt":"2025-04-17T07:44:44","guid":{"rendered":"https:\/\/uca.edu.sv\/departamento-ciencias-juridicas\/?page_id=160"},"modified":"2026-01-23T11:09:21","modified_gmt":"2026-01-23T17:09:21","slug":"ventana-juridica","status":"publish","type":"page","link":"https:\/\/uca.edu.sv\/departamento-ciencias-juridicas\/ventana-juridica\/","title":{"rendered":"Ventana Jur\u00eddica"},"content":{"rendered":"\n<p class=\"has-text-align-center\"><strong>Radio YSUCA 91.7 FM<\/strong><\/p>\n\n\n\n<p class=\"has-text-align-center\">Un programa presentado por el Departamento de Ciencias Jur\u00eddicas en Radio YSUCA 91.7 FM. Este espacio se transmite tambi\u00e9n en su <a href=\"https:\/\/ysuca.org.sv\/\" target=\"_blank\" rel=\"noreferrer noopener\">p\u00e1gina web oficial<\/a> y Facebook Live.<\/p>\n\n\n\n<p class=\"has-text-align-center\"> Con\u00e9ctate, escucha y participa.<\/p>\n\n\n\n<p class=\"has-text-align-center\">Conducido por: Dayana Alem\u00e1n y Abel Canales<\/p>\n\n\n\n<p><\/p>\n\n\n\n<div style=\"display: flex; gap: 0.5rem; flex-wrap: wrap; justify-content: center;\">\n  <span style=\"\n    background-color: #003c71;\n    color: white;\n    padding: 0.4rem 1rem;\n    border-radius: 999px;\n    font-size: 0.9rem;\n    font-weight: 500;\n    display: inline-block;\n  \">\n    Mtra. Sandra Santos\n  <\/span>\n\n  <span style=\"\n    background-color: #003c71;\n    color: white;\n    padding: 0.4rem 1rem;\n    border-radius: 999px;\n    font-size: 0.9rem;\n    font-weight: 500;\n    display: inline-block;\n  \">\n    Mtro. Abel Canales\n  <\/span>\n<\/div>\n\n\n\n<div style=\"height:20px\" aria-hidden=\"true\" class=\"wp-block-spacer\"><\/div>\n","protected":false},"excerpt":{"rendered":"<p>Radio YSUCA 91.7 FM Un programa presentado por el Departamento de Ciencias Jur\u00eddicas en Radio YSUCA 91.7 FM. Este espacio se transmite tambi\u00e9n en su p\u00e1gina web oficial y Facebook Live. Con\u00e9ctate, escucha y participa. Conducido por: Dayana Alem\u00e1n y Abel Canales Mtra. Sandra Santos Mtro. Abel Canales<\/p>\n","protected":false},"author":1,"featured_media":0,"parent":0,"menu_order":0,"comment_status":"closed","ping_status":"closed","template":"page-radios.php","meta":{"footnotes":""},"class_list":["post-160","page","type-page","status-publish","hentry"],"_links":{"self":[{"href":"https:\/\/uca.edu.sv\/departamento-ciencias-juridicas\/wp-json\/wp\/v2\/pages\/160","targetHints":{"allow":["GET"]}}],"collection":[{"href":"https:\/\/uca.edu.sv\/departamento-ciencias-juridicas\/wp-json\/wp\/v2\/pages"}],"about":[{"href":"https:\/\/uca.edu.sv\/departamento-ciencias-juridicas\/wp-json\/wp\/v2\/types\/page"}],"author":[{"embeddable":true,"href":"https:\/\/uca.edu.sv\/departamento-ciencias-juridicas\/wp-json\/wp\/v2\/users\/1"}],"replies":[{"embeddable":true,"href":"https:\/\/uca.edu.sv\/departamento-ciencias-juridicas\/wp-json\/wp\/v2\/comments?post=160"}],"version-history":[{"count":10,"href":"https:\/\/uca.edu.sv\/departamento-ciencias-juridicas\/wp-json\/wp\/v2\/pages\/160\/revisions"}],"predecessor-version":[{"id":284,"href":"https:\/\/uca.edu.sv\/departamento-ciencias-juridicas\/wp-json\/wp\/v2\/pages\/160\/revisions\/284"}],"wp:attachment":[{"href":"https:\/\/uca.edu.sv\/departamento-ciencias-juridicas\/wp-json\/wp\/v2\/media?parent=160"}],"curies":[{"name":"wp","href":"https:\/\/api.w.org\/{rel}","templated":true}]}}