{"id":175,"date":"2025-04-17T10:43:10","date_gmt":"2025-04-17T08:43:10","guid":{"rendered":"https:\/\/uca.edu.sv\/departamento-ciencias-juridicas\/?page_id=175"},"modified":"2025-10-27T22:32:32","modified_gmt":"2025-10-27T21:32:32","slug":"asistencia-legal","status":"publish","type":"page","link":"https:\/\/uca.edu.sv\/departamento-ciencias-juridicas\/asistencia-legal\/","title":{"rendered":"OAL"},"content":{"rendered":"\n<h1 class=\"wp-block-heading has-text-align-center\">Conoce la Oficina de Asistencia Legal<\/h1>\n\n\n\n<div style=\"height:20px\" aria-hidden=\"true\" class=\"wp-block-spacer\"><\/div>\n\n\n\n<p class=\"has-text-align-center\">Un espacio dedicado a brindar asistencia jur\u00eddica y formaci\u00f3n integral a futuros profesionales del derecho.<\/p>\n\n\n\n<div style=\"height:30px\" aria-hidden=\"true\" class=\"wp-block-spacer\"><\/div>\n\n\n\n<h2 class=\"wp-block-heading has-text-align-center\">Director<\/h2>\n\n\n\n<div style=\"height:20px\" aria-hidden=\"true\" class=\"wp-block-spacer\"><\/div>\n\n\n\n<div class=\"profile-layout container\">\n  <div class=\"profile-layout__card\">\n    <div class=\"profile-card\">\n      <div class=\"profile-card__image\">\n        <img decoding=\"async\" src=\"\/departamento-ciencias-juridicas\/wp-content\/uploads\/2025\/04\/israel.webp\" alt=\"Israel Chinchilla\" \/>\n      <\/div>\n      <div class=\"profile-card__info\">\n        <p class=\"profile-card__name\"><strong>Israel<\/strong> Chinchilla<\/p>\n        <p class=\"profile-card__role\"><em>Director de la Oficina de Asistencia Legal<\/em><\/p>\n        <div class=\"profile-card__tags\">\n          <span class=\"profile-card__tag\">Liderazgo<\/span>\n          <span class=\"profile-card__tag\">Experiencia<\/span>\n          <span class=\"profile-card__tag\">Visi\u00f3n<\/span>\n        <\/div>\n      <\/div>\n    <\/div>\n  <\/div>\n\n  <section class=\"profile-layout__info\">\n    <div class=\"info-block\">\n      <div class=\"info-block__header\">\n        <i class=\"fas fa-briefcase\"><\/i>\n        <h3>Experiencia Laboral<\/h3>\n      <\/div>\n      <ul class=\"info-block__list\">\n        <li>Director de la Oficina de Asistencia Legal (actualidad).<\/li>\n        <li>Director de la Maestr\u00eda en Derecho de Empresa.<\/li>\n        <li>Director de la Carrera de Ciencias Jur\u00eddicas.<\/li>\n        <li>Auxiliar del Fiscal General de la Rep\u00fablica.<\/li>\n      <\/ul>\n    <\/div>\n\n    <div class=\"info-block\">\n      <div class=\"info-block__header\">\n        <i class=\"fas fa-graduation-cap\"><\/i>\n        <h3>Formaci\u00f3n Acad\u00e9mica<\/h3>\n      <\/div>\n      <ul class=\"info-block__list\">\n        <li>Maestro en Derecho de Empresa (UCA).<\/li>\n        <li>Licenciado en Ciencias Jur\u00eddicas (UCA).<\/li>\n      <\/ul>\n    <\/div>\n\n    <div class=\"info-block\">\n      <div class=\"info-block__header\">\n        <i class=\"fas fa-chalkboard-teacher\"><\/i>\n        <h3>Experiencia como Docente<\/h3>\n      <\/div>\n      <ul class=\"info-block__list\">\n        <li><strong>Pregrado:<\/strong> Catedr\u00e1tico en derecho penal, procesal y litigaci\u00f3n oral.<\/li>\n        <li><strong>Maestr\u00edas:<\/strong> Criminalidad y violencias (Criminolog\u00eda), derecho penal de empresa.<\/li>\n      <\/ul>\n    <\/div>\n  <\/section>\n<\/div>\n\n\n\n<div style=\"height:20px\" aria-hidden=\"true\" class=\"wp-block-spacer\"><\/div>\n\n\n\n<h2 class=\"wp-block-heading has-text-align-center\">Estad\u00edsticas<\/h2>\n\n\n\n<section class=\"oal-stats container\">\n  <div class=\"oal-stats__grid\">\n    <div class=\"oal-stats__card\">\n      <div class=\"oal-stats__number\">374<\/div>\n      <div class=\"oal-stats__label\">Alumnos Inscritos<\/div>\n    <\/div>\n    <div class=\"oal-stats__card\">\n      <div class=\"oal-stats__number\">302<\/div>\n      <div class=\"oal-stats__label\">Alumnos Acreditados<\/div>\n    <\/div>\n    <div class=\"oal-stats__card\">\n      <div class=\"oal-stats__number\">72<\/div>\n      <div class=\"oal-stats__label\">Alumnos No Acreditados<\/div>\n    <\/div>\n  <\/div>\n<\/section>\n\n\n\n<div style=\"height:30px\" aria-hidden=\"true\" class=\"wp-block-spacer\"><\/div>\n\n\n\n<h2 class=\"wp-block-heading has-text-align-center\">Estructura<\/h2>\n\n\n\n<div style=\"height:20px\" aria-hidden=\"true\" class=\"wp-block-spacer\"><\/div>\n\n\n\n<div class=\"wpdevart_org_chart\"><div class=\"wpdevart_org_chart_container_parent\" id=\"wpdevart_org_chart_container_parent_1\"><div class=\"wpdevart_org_chart_container \" id=\"wpdevart_org_chart_container_1\"><ul><li class=\"has_children next_no_children\" data-children=2><div class=\"wpda_tree_item_container\" id=\"wpda_item_container_1\" ><span class=\"wpda_tree_line\"><\/span><div class=\"\"><div class=\"wpda_tree_item_img_cont \"><img decoding=\"async\" class=\"wpda_tree_item_img\" src=\"\/departamento-ciencias-juridicas\/wp-content\/plugins\/organization-chart\/admin\/assets\/images\/person_images\/default.png\"><\/div><div class=\"wpda_tree_item_title \">Director<\/div><div class=\"wpda_tree_item_desc\" ><\/div><\/div><\/div><ul><li class=\"no_children next_no_children\" data-children=0><div class=\"wpda_tree_item_container\" id=\"wpda_item_container_2\" ><span class=\"wpda_tree_line\"><\/span><div class=\"\"><div class=\"wpda_tree_item_img_cont \"><img decoding=\"async\" class=\"wpda_tree_item_img\" src=\"\/departamento-ciencias-juridicas\/\/wp-content\/plugins\/organization-chart\/admin\/assets\/images\/person_images\/default.png\"><\/div><div class=\"wpda_tree_item_title \">Asesores<\/div><div class=\"wpda_tree_item_desc\" ><\/div><\/div><\/div><\/li><li class=\"no_children next_no_children\" data-children=0><div class=\"wpda_tree_item_container\" id=\"wpda_item_container_3\" ><span class=\"wpda_tree_line\"><\/span><div class=\"\"><div class=\"wpda_tree_item_img_cont \"><img decoding=\"async\" class=\"wpda_tree_item_img\" src=\"\/departamento-ciencias-juridicas\/\/wp-content\/plugins\/organization-chart\/admin\/assets\/images\/person_images\/default.png\"><\/div><div class=\"wpda_tree_item_title \">Asistentes<\/div><div class=\"wpda_tree_item_desc\" ><\/div><\/div><\/div><\/li><\/ul><\/li><\/ul><\/div><\/div><\/div><script>document.addEventListener(\"DOMContentLoaded\", function(event) { var wpda_org_chart_1= new wpdevart_org_chart_front(\"wpdevart_org_chart_container_1\",{mobile_frendly:\"mob_view_only_on_mob\",mobile_size:450,def_scroll:0, zoomable:\"disable\", draggable:\"disable\", max_zoomable:\"1\", min_zoomable:\"10\", zoom_speed:\"10\"})});<\/script><style>#wpdevart_org_chart_container_parent_1{overflow-x:auto;}#wpdevart_org_chart_container_1{\r\n\t\t\tbackground-image: linear-gradient(to right, #ffffff, #ffffff);\r\n\t\t\tpadding-top:20px;\r\n\t\t\tpadding-right:;\r\n\t\t\tpadding-bottom:20px;\r\n\t\t\tpadding-left:0px;\r\n\t\t\tborder-style: solid;\r\n\t\t\tborder-color: #cccccc;\r\n\t\t\tborder-width: 0px;\r\n\t\t\tborder-radius: 0px;  \r\n\t\t}#wpdevart_org_chart_container_1 li{margin-top: 1px;}#wpdevart_org_chart_container_1 ul ul::before{left: calc(50% - 0.5px);\r\n\t\t\tborder-left: 1px solid #cccccc;\r\n\t\t\theight: 21px;\r\n\t\t\ttop: 0px;\r\n\t\t}#wpdevart_org_chart_container_1 li::before, #wpdevart_org_chart_container_1 li::after{\r\n\t\t\ttop: -1px;\r\n\t\t\tright: calc(50% - 0.5px);\r\n\t\t\twidth: calc(50% + 1px);\r\n\t\t\tborder-top: 1px solid #cccccc;\r\n\t\t\theight: 21px;\r\n\t\t}#wpdevart_org_chart_container_1 li:after{\r\n\t\t\tleft: calc(50% - 0.5px);\r\n\t\t\tborder-left: 1px solid #cccccc;\r\n\t\t}#wpdevart_org_chart_container_1 li:last-child::before{\r\n\t\t\tborder-right: 1px solid #cccccc;\r\n\t\t}#wpdevart_org_chart_container_1 li:first-child::before,\r\n\t\t#wpdevart_org_chart_container_1 li:last-child::after {\r\n\t\t  border: 0 none;\r\n\t\t}@media screen and (max-width: 1000px) {#wpdevart_org_chart_container_1{\r\n\t\t\tpadding-top:0px;\r\n\t\t\tpadding-right:0px;\r\n\t\t\tpadding-bottom:0px;\r\n\t\t\tpadding-left:0px;\t\t\r\n\t\t}}@media screen and (max-width: 450px) {#wpdevart_org_chart_container_1{\r\n\t\t\tpadding-top:0px;\r\n\t\t\tpadding-right:0px;\r\n\t\t\tpadding-bottom:0px;\r\n\t\t\tpadding-left:0px;\t\t\r\n\t\t}}#wpdevart_org_chart_container_1 .chart_wpda_mobile_before.has_children > ul:before{\r\n\t\t\ttop:-80px;\r\n\t\t\tleft:0px;\r\n\t\t\theight:80px;\r\n\t\t}#wpdevart_org_chart_container_1 .chart_wpda_mobile_before.has_children li .wpda_tree_item_container:after{\r\n\t\t\tborder-top: 1px solid #cccccc;\r\n\t\t}#wpdevart_org_chart_container_1 .chart_wpda_mobile_before.has_children li .wpda_tree_item_container:after{\r\n\t\t\tborder-top: 1px solid #cccccc;\r\n\t\t}#wpdevart_org_chart_container_1 .chart_wpda_mobile_before > ul li{\r\n\t\t\tborder-left:1px solid #cccccc;\r\n\t\t}#wpdevart_org_chart_container_1 .chart_wpda_mobile_before.has_children > .wpda_tree_item_container:before,#wpdevart_org_chart_container_1 .chart_wpda_mobile_before li.has_children > .wpda_tree_item_container:before{\r\n\t\t\tcontent: \"\";\r\n\t\t\tborder-left:1px solid #cccccc;\r\n\t\t}#wpdevart_org_chart_container_1 .chart_wpda_mobile_before li{\r\n\t\t\tmargin-top:0px;\r\n\t\t}#wpdevart_org_chart_container_1 .chart_wpda_mobile_before > ul li:last-child{\r\n\t\t\tborder-left: 0;\r\n\t\t}#wpdevart_org_chart_container_1 .chart_wpda_mobile_before > ul li:last-child > div > span.wpda_tree_line{\r\n\t\t\tborder-left: 1px solid #cccccc;\r\n\t\t}#wpdevart_org_chart_container_1 .chart_wpda_mobile_before.has_children li .wpda_tree_item_container:after {\r\n\t\t\ttop: calc(50% - 0.5px);\r\n\t\t}#wpdevart_org_chart_container_1 .chart_wpda_mobile_before li.has_children li .wpda_tree_item_container:after {\r\n\t\t\ttop: calc(50% - 0.5px);\r\n\t\t}.first_child_hidden#wpdevart_org_chart_container_1 .chart_wpda_mobile_before > ul > li > ul > li:first-child::before{\r\n\t\t\tborder-left: 1px solid #cccccc;\r\n\t\t\ttop: 80px;\r\n\t\t\theight: calc(100% - 80px);\r\n\t\t\tleft:0px;\r\n\t\t\twidth:0px;\r\n\t\t}.first_child_hidden#wpdevart_org_chart_container_1 .chart_wpda_mobile_before > ul > li > div.wpda_tree_item_container:before{\r\n\t\t\tborder:none;\r\n\t\t}#wpdevart_org_chart_container_1 .chart_wpda_mobile_before > ul li:last-child > .wpda_tree_item_container{\r\n\t\t\tpadding-left: 21px;\r\n\t\t}#wpdevart_org_chart_container_1 .chart_wpda_mobile_before > ul li:last-child > .wpda_tree_item_container:after{\r\n\t\t\twidth: 21px;\r\n\t\t}#wpdevart_org_chart_container_1 .chart_wpda_mobile_before > ul li:last-child > .wpda_tree_item_container:before{\r\n\t\t\tleft: 21px;\r\n\t\t}#wpdevart_org_chart_container_1 .chart_wpda_mobile_before > ul li:last-child > ul{\r\n\t\t\tmargin-left: 1px;\r\n\t\t}.wpda_mobile#wpdevart_org_chart_container_1 li.has_children > ul:before{\r\n\t\t\ttop:-80px;\r\n\t\t\tleft:0px;\r\n\t\t\theight:80px;\r\n\t\t}.wpda_mobile#wpdevart_org_chart_container_1 li.has_children li .wpda_tree_item_container:after{\r\n\t\t\tborder-top: 1px solid #cccccc;\r\n\t\t}#wpdevart_org_chart_container_1 .chart_wpda_mobile_before li.has_children li .wpda_tree_item_container:after{\r\n\t\t\tborder-top: 1px solid #cccccc;\r\n\t\t}.wpda_mobile#wpdevart_org_chart_container_1 > ul > li > ul li{\r\n\t\t\tborder-left:1px solid #cccccc;\r\n\t\t}.wpda_mobile#wpdevart_org_chart_container_1 li.has_children > .wpda_tree_item_container:before{\r\n\t\t\tcontent: \"\";\r\n\t\t\tborder-left:1px solid #cccccc;\r\n\t\t}.wpda_mobile#wpdevart_org_chart_container_1 li{\r\n\t\t\tmargin-top:0px;\r\n\t\t}.wpda_mobile#wpdevart_org_chart_container_1 > ul > li > ul li:last-child{\r\n\t\t\tborder-left: 0;\r\n\t\t}.wpda_mobile#wpdevart_org_chart_container_1 > ul > li > ul li:last-child > div > span.wpda_tree_line{\r\n\t\t\tborder-left: 1px solid #cccccc;\r\n\t\t}.wpda_mobile#wpdevart_org_chart_container_1 li.has_children li .wpda_tree_item_container:after {\r\n\t\t\ttop: calc(50% - 0.5px);\r\n\t\t}#wpdevart_org_chart_container_1 .chart_wpda_mobile_before li.has_children li .wpda_tree_item_container:after {\r\n\t\t\ttop: calc(50% - 0.5px);\r\n\t\t}.wpda_mobile.first_child_hidden#wpdevart_org_chart_container_1 > ul > li > ul > li:first-child::before{\r\n\t\t\tborder-left: 1px solid #cccccc;\r\n\t\t\ttop: 80px;\r\n\t\t\theight: calc(100% - 80px);\r\n\t\t\tleft:0px;\r\n\t\t\twidth:0px;\r\n\t\t}.wpda_mobile.first_child_hidden#wpdevart_org_chart_container_1  > ul > li > div.wpda_tree_item_container:before{\r\n\t\t\tborder:none;\r\n\t\t}.wpda_mobile#wpdevart_org_chart_container_1  > ul > li > ul li:last-child > .wpda_tree_item_container{\r\n\t\t\tpadding-left: 21px;\r\n\t\t}.wpda_mobile#wpdevart_org_chart_container_1  > ul > li > ul li:last-child > .wpda_tree_item_container:after{\r\n\t\t\twidth: 21px;\r\n\t\t}.wpda_mobile#wpdevart_org_chart_container_1  > ul > li > ul li:last-child > .wpda_tree_item_container:before{\r\n\t\t\tleft: 21px;\r\n\t\t}.wpda_mobile#wpdevart_org_chart_container_1 > ul > li > ul li:last-child >ul{\r\n\t\t\tmargin-left: 1px;\r\n\t\t}<\/style>\n\n\n\n<div style=\"height:50px\" aria-hidden=\"true\" class=\"wp-block-spacer\"><\/div>\n\n\n\n<h2 class=\"wp-block-heading has-text-align-center\">Requisitos para ser Practicante<\/h2>\n\n\n\n<div style=\"height:20px\" aria-hidden=\"true\" class=\"wp-block-spacer\"><\/div>\n\n\n\n<section class=\"requisitos-checklist\">\n  <p class=\"requisitos-checklist__subtitle\">Seg\u00fan el Art. 24:<\/p>\n\n  <div class=\"requisito\">\n    <div class=\"requisito__icon\"><i class=\"fas fa-file-alt\"><\/i><\/div>\n    <div class=\"requisito__content\">\n      <h3>Solicitud de Inscripci\u00f3n<\/h3>\n      <p>Llenar el formulario oficial.<\/p>\n    <\/div>\n  <\/div>\n\n  <div class=\"requisito requisito--reverse\">\n    <div class=\"requisito__icon\"><i class=\"fas fa-chart-line\"><\/i><\/div>\n    <div class=\"requisito__content\">\n      <h3>Promedio M\u00ednimo<\/h3>\n      <p>Tener un CUM igual o superior a 7.0.<\/p>\n    <\/div>\n  <\/div>\n\n  <div class=\"requisito\">\n    <div class=\"requisito__icon\"><i class=\"fas fa-camera\"><\/i><\/div>\n    <div class=\"requisito__content\">\n      <h3>Fotograf\u00edas<\/h3>\n      <p>Dos fotos recientes en traje formal (3.5 x 2.5 cm, papel granulado).<\/p>\n    <\/div>\n  <\/div>\n\n  <div class=\"requisito requisito--reverse\">\n    <div class=\"requisito__icon\"><i class=\"fas fa-id-card\"><\/i><\/div>\n    <div class=\"requisito__content\">\n      <h3>DUI<\/h3>\n      <p>Fotocopia ampliada al 150% de ambos lados.<\/p>\n    <\/div>\n  <\/div>\n\n  <div class=\"requisito\">\n    <div class=\"requisito__icon\"><i class=\"fas fa-user-graduate\"><\/i><\/div>\n    <div class=\"requisito__content\">\n      <h3>Estudiantes Activos<\/h3>\n      <p>Constancia original que acredite al menos el 70% de avance en la carrera y constancia de servicio social finalizado.<\/p>\n    <\/div>\n  <\/div>\n\n  <div class=\"requisito requisito--reverse\">\n    <div class=\"requisito__icon\"><i class=\"fas fa-certificate\"><\/i><\/div>\n    <div class=\"requisito__content\">\n      <h3>Egresados<\/h3>\n      <p>Constancia original de egresado.<\/p>\n    <\/div>\n  <\/div>\n\n  <div class=\"requisito\">\n    <div class=\"requisito__icon\"><i class=\"fas fa-graduation-cap\"><\/i><\/div>\n    <div class=\"requisito__content\">\n      <h3>Graduados<\/h3>\n      <p>Copia certificada del t\u00edtulo y certificado de registro y aut\u00e9ntica del t\u00edtulo por la Direcci\u00f3n Nacional de Educaci\u00f3n Superior.<\/p>\n    <\/div>\n  <\/div>\n\n  <div class=\"requisito requisito--reverse\">\n    <div class=\"requisito__icon\"><i class=\"fas fa-user-check\"><\/i><\/div>\n    <div class=\"requisito__content\">\n      <h3>Entrevista Personal<\/h3>\n      <p>Asistir con el coordinador de la oficina.<\/p>\n    <\/div>\n  <\/div>\n\n  <div class=\"requisito\">\n    <div class=\"requisito__icon\"><i class=\"fas fa-chalkboard-teacher\"><\/i><\/div>\n    <div class=\"requisito__content\">\n      <h3>Charla Informativa<\/h3>\n      <p>Asistencia obligatoria.<\/p>\n    <\/div>\n  <\/div>\n\n  <div class=\"requisito requisito--reverse\">\n    <div class=\"requisito__icon\"><i class=\"fas fa-book-open\"><\/i><\/div>\n    <div class=\"requisito__content\">\n      <h3>Curso Pre-inductivo<\/h3>\n      <p>Aprobar con una nota m\u00ednima de 7.0.<\/p>\n    <\/div>\n  <\/div>\n<\/section>\n","protected":false},"excerpt":{"rendered":"<p>Conoce la Oficina de Asistencia Legal Un espacio dedicado a brindar asistencia jur\u00eddica y formaci\u00f3n integral a futuros profesionales del derecho. Director Israel Chinchilla Director de la Oficina de Asistencia Legal Liderazgo Experiencia Visi\u00f3n Experiencia Laboral Director de la Oficina de Asistencia Legal (actualidad). Director de la Maestr\u00eda en Derecho de Empresa. Director de la&hellip; <a class=\"continue\" href=\"https:\/\/uca.edu.sv\/departamento-ciencias-juridicas\/asistencia-legal\/\">Continue Reading<span> OAL<\/span><\/a><\/p>\n","protected":false},"author":1,"featured_media":0,"parent":0,"menu_order":0,"comment_status":"closed","ping_status":"closed","template":"page-banner.php","meta":{"footnotes":""},"class_list":["post-175","page","type-page","status-publish","hentry"],"_links":{"self":[{"href":"https:\/\/uca.edu.sv\/departamento-ciencias-juridicas\/wp-json\/wp\/v2\/pages\/175","targetHints":{"allow":["GET"]}}],"collection":[{"href":"https:\/\/uca.edu.sv\/departamento-ciencias-juridicas\/wp-json\/wp\/v2\/pages"}],"about":[{"href":"https:\/\/uca.edu.sv\/departamento-ciencias-juridicas\/wp-json\/wp\/v2\/types\/page"}],"author":[{"embeddable":true,"href":"https:\/\/uca.edu.sv\/departamento-ciencias-juridicas\/wp-json\/wp\/v2\/users\/1"}],"replies":[{"embeddable":true,"href":"https:\/\/uca.edu.sv\/departamento-ciencias-juridicas\/wp-json\/wp\/v2\/comments?post=175"}],"version-history":[{"count":32,"href":"https:\/\/uca.edu.sv\/departamento-ciencias-juridicas\/wp-json\/wp\/v2\/pages\/175\/revisions"}],"predecessor-version":[{"id":250,"href":"https:\/\/uca.edu.sv\/departamento-ciencias-juridicas\/wp-json\/wp\/v2\/pages\/175\/revisions\/250"}],"wp:attachment":[{"href":"https:\/\/uca.edu.sv\/departamento-ciencias-juridicas\/wp-json\/wp\/v2\/media?parent=175"}],"curies":[{"name":"wp","href":"https:\/\/api.w.org\/{rel}","templated":true}]}}