{"id":208,"date":"2025-04-17T11:33:13","date_gmt":"2025-04-17T09:33:13","guid":{"rendered":"https:\/\/uca.edu.sv\/departamento-ciencias-juridicas\/?page_id=208"},"modified":"2026-03-09T08:06:50","modified_gmt":"2026-03-09T14:06:50","slug":"contacto","status":"publish","type":"page","link":"https:\/\/uca.edu.sv\/departamento-ciencias-juridicas\/contacto\/","title":{"rendered":"Contacto"},"content":{"rendered":"\n<div class=\"wp-block-columns is-layout-flex wp-container-core-columns-is-layout-9d6595d7 wp-block-columns-is-layout-flex\">\n<div class=\"wp-block-column is-layout-flow wp-block-column-is-layout-flow\">\n<h1 class=\"wp-block-heading\">Cont\u00e1ctanos<\/h1>\n\n\n\n<div style=\"height:10px\" aria-hidden=\"true\" class=\"wp-block-spacer\"><\/div>\n\n\n\n<p>Si tienes alguna pregunta o necesitas m\u00e1s informaci\u00f3n, no dudes en escribirnos. Estamos aqu\u00ed para ayudarte.<\/p>\n\n\n\n<div style=\"height:10px\" aria-hidden=\"true\" class=\"wp-block-spacer\"><\/div>\n\n\n\n\n\n<div style=\"height:10px\" aria-hidden=\"true\" class=\"wp-block-spacer\"><\/div>\n\n\n\n<p class=\"has-text-align-center\">Al enviar este formulario, aceptas nuestra <a href=\"https:\/\/www.uca.edu.sv\/realidad.empresarial\/politica-privacidad\/\" target=\"_blank\" rel=\"noreferrer noopener\">Pol\u00edtica de Privacidad<\/a> y consientes que tus datos sean utilizados exclusivamente para responder a tu consulta. No compartiremos tu informaci\u00f3n con terceros.<\/p>\n<\/div>\n\n\n\n<div class=\"wp-block-column is-layout-flow wp-block-column-is-layout-flow\">\n<section class=\"contact-intro\">\n  <div class=\"contact-intro__content\">\n    <h2 class=\"contact-intro__title\">\u00bfPor qu\u00e9 contactarnos?<\/h2>\n    <p class=\"contact-intro__description\">\n      Nos encanta escuchar tus inquietudes, sugerencias y comentarios. Nuestro equipo est\u00e1 dedicado a responderte lo m\u00e1s pronto posible.\n    <\/p>\n\n    <div class=\"contact-intro__image\">\n      <img decoding=\"async\" src=\"\/departamento-ciencias-juridicas\/wp-content\/uploads\/2025\/04\/contactanos-1.webp\" alt=\"Edificio de la Universidad\" \/>\n    <\/div>\n\n    <h3 class=\"contact-intro__subtitle\">Ubicaci\u00f3n<\/h3>\n    <p class=\"contact-intro__text\">\n      Nos encontramos en \n      <a href=\"https:\/\/maps.app.goo.gl\/Enngvt7yh6tRnPbT6\" target=\"_blank\">\n        Bulevar Los Pr\u00f3ceres, Antiguo Cuscatl\u00e1n, La Libertad, El Salvador\n      <\/a>. \u00a1Haz clic para abrir en Google Maps!\n    <\/p>\n\n    <h3 class=\"contact-intro__subtitle\">Horario de Atenci\u00f3n Administrativa<\/h3>\n    <div class=\"contact-intro__hours\">\n      <strong>Lunes a viernes:<\/strong> 8:00 a.m. &#8211; 12:00 m. y 1:00 p.m. &#8211; 5:45 p.m.\n    <\/div>\n  <\/div>\n<\/section>\n<\/div>\n<\/div>\n\n\n\n<p><\/p>\n","protected":false},"excerpt":{"rendered":"<p>Cont\u00e1ctanos Si tienes alguna pregunta o necesitas m\u00e1s informaci\u00f3n, no dudes en escribirnos. Estamos aqu\u00ed para ayudarte. Al enviar este formulario, aceptas nuestra Pol\u00edtica de Privacidad y consientes que tus datos sean utilizados exclusivamente para responder a tu consulta. No compartiremos tu informaci\u00f3n con terceros. \u00bfPor qu\u00e9 contactarnos? Nos encanta escuchar tus inquietudes, sugerencias y&hellip; <a class=\"continue\" href=\"https:\/\/uca.edu.sv\/departamento-ciencias-juridicas\/contacto\/\">Continue Reading<span> Contacto<\/span><\/a><\/p>\n","protected":false},"author":1,"featured_media":0,"parent":0,"menu_order":0,"comment_status":"closed","ping_status":"closed","template":"page-banner.php","meta":{"footnotes":""},"class_list":["post-208","page","type-page","status-publish","hentry"],"_links":{"self":[{"href":"https:\/\/uca.edu.sv\/departamento-ciencias-juridicas\/wp-json\/wp\/v2\/pages\/208","targetHints":{"allow":["GET"]}}],"collection":[{"href":"https:\/\/uca.edu.sv\/departamento-ciencias-juridicas\/wp-json\/wp\/v2\/pages"}],"about":[{"href":"https:\/\/uca.edu.sv\/departamento-ciencias-juridicas\/wp-json\/wp\/v2\/types\/page"}],"author":[{"embeddable":true,"href":"https:\/\/uca.edu.sv\/departamento-ciencias-juridicas\/wp-json\/wp\/v2\/users\/1"}],"replies":[{"embeddable":true,"href":"https:\/\/uca.edu.sv\/departamento-ciencias-juridicas\/wp-json\/wp\/v2\/comments?post=208"}],"version-history":[{"count":11,"href":"https:\/\/uca.edu.sv\/departamento-ciencias-juridicas\/wp-json\/wp\/v2\/pages\/208\/revisions"}],"predecessor-version":[{"id":331,"href":"https:\/\/uca.edu.sv\/departamento-ciencias-juridicas\/wp-json\/wp\/v2\/pages\/208\/revisions\/331"}],"wp:attachment":[{"href":"https:\/\/uca.edu.sv\/departamento-ciencias-juridicas\/wp-json\/wp\/v2\/media?parent=208"}],"curies":[{"name":"wp","href":"https:\/\/api.w.org\/{rel}","templated":true}]}}