{"id":27,"date":"2025-04-11T20:15:21","date_gmt":"2025-04-11T18:15:21","guid":{"rendered":"https:\/\/uca.edu.sv\/departamento-ciencias-juridicas\/?page_id=27"},"modified":"2026-01-21T14:03:46","modified_gmt":"2026-01-21T20:03:46","slug":"portada","status":"publish","type":"page","link":"https:\/\/uca.edu.sv\/departamento-ciencias-juridicas\/","title":{"rendered":"Portada"},"content":{"rendered":"\n<div class=\"wp-block-columns is-layout-flex wp-container-core-columns-is-layout-9d6595d7 wp-block-columns-is-layout-flex\">\n<div class=\"wp-block-column is-layout-flow wp-block-column-is-layout-flow\"><div class=\"wp-block-image rounded\">\n<figure class=\"aligncenter size-full\"><img loading=\"lazy\" decoding=\"async\" width=\"482\" height=\"640\" src=\"https:\/\/uca.edu.sv\/departamento-ciencias-juridicas\/wp-content\/uploads\/2026\/01\/foto-Aldo-uca.jpg\" alt=\"\" class=\"wp-image-277\" srcset=\"https:\/\/uca.edu.sv\/departamento-ciencias-juridicas\/wp-content\/uploads\/2026\/01\/foto-Aldo-uca.jpg 482w, https:\/\/uca.edu.sv\/departamento-ciencias-juridicas\/wp-content\/uploads\/2026\/01\/foto-Aldo-uca-226x300.jpg 226w\" sizes=\"auto, (max-width: 482px) 100vw, 482px\" \/><\/figure><\/div><\/div>\n\n\n\n<div class=\"wp-block-column is-layout-flow wp-block-column-is-layout-flow\">\n<h1 class=\"wp-block-heading\">Bienvenidos al sitio web del Departamento de Ciencias Jur\u00eddicas<\/h1>\n\n\n\n<div style=\"height:20px\" aria-hidden=\"true\" class=\"wp-block-spacer\"><\/div>\n\n\n\n<p>Es un placer darles la bienvenida a nuestro nuevo sitio web, dise\u00f1ado para servir como una puerta de entrada a todo lo que ofrecemos en nuestro departamento.<\/p>\n\n\n\n<p>En este espacio virtual, encontrar\u00e1n informaci\u00f3n detallada sobre qui\u00e9nes somos, nuestros programas acad\u00e9micos, nuestro distinguido cuerpo docente, las actividades extracurriculares y oportunidades de investigaci\u00f3n, as\u00ed como los recursos y servicios disponibles para nuestros estudiantes. Tambi\u00e9n encontrar\u00e1n noticias de relevancia para la comunidad estudiantil y para los profesionales del derecho.<\/p>\n\n\n\n<p>A trav\u00e9s de este sitio web, esperamos fortalecer nuestra comunidad acad\u00e9mica y brindarles a todos una experiencia enriquecedora e informativa. Los invitamos a explorar cada rinc\u00f3n de nuestro sitio y descubrir todo lo que el Departamento de Ciencias Jur\u00eddicas tiene para ofrecer.<\/p>\n\n\n\n<p><strong>\u00a1Bienvenidos!<\/strong><\/p>\n\n\n\n<p><strong>Aldo Enrique C\u00e1der<\/strong> <strong>Camilot<\/strong><\/p>\n\n\n\n<p><em>Jefe de Departamento de Ciencias Jur\u00eddicas<\/em>-UCA<\/p>\n<\/div>\n<\/div>\n","protected":false},"excerpt":{"rendered":"<p>Bienvenidos al sitio web del Departamento de Ciencias Jur\u00eddicas Es un placer darles la bienvenida a nuestro nuevo sitio web, dise\u00f1ado para servir como una puerta de entrada a todo lo que ofrecemos en nuestro departamento. En este espacio virtual, encontrar\u00e1n informaci\u00f3n detallada sobre qui\u00e9nes somos, nuestros programas acad\u00e9micos, nuestro distinguido cuerpo docente, las actividades&hellip; <a class=\"continue\" href=\"https:\/\/uca.edu.sv\/departamento-ciencias-juridicas\/\">Continue Reading<span> Portada<\/span><\/a><\/p>\n","protected":false},"author":1,"featured_media":0,"parent":0,"menu_order":0,"comment_status":"closed","ping_status":"closed","template":"","meta":{"footnotes":""},"class_list":["post-27","page","type-page","status-publish","hentry"],"_links":{"self":[{"href":"https:\/\/uca.edu.sv\/departamento-ciencias-juridicas\/wp-json\/wp\/v2\/pages\/27","targetHints":{"allow":["GET"]}}],"collection":[{"href":"https:\/\/uca.edu.sv\/departamento-ciencias-juridicas\/wp-json\/wp\/v2\/pages"}],"about":[{"href":"https:\/\/uca.edu.sv\/departamento-ciencias-juridicas\/wp-json\/wp\/v2\/types\/page"}],"author":[{"embeddable":true,"href":"https:\/\/uca.edu.sv\/departamento-ciencias-juridicas\/wp-json\/wp\/v2\/users\/1"}],"replies":[{"embeddable":true,"href":"https:\/\/uca.edu.sv\/departamento-ciencias-juridicas\/wp-json\/wp\/v2\/comments?post=27"}],"version-history":[{"count":18,"href":"https:\/\/uca.edu.sv\/departamento-ciencias-juridicas\/wp-json\/wp\/v2\/pages\/27\/revisions"}],"predecessor-version":[{"id":278,"href":"https:\/\/uca.edu.sv\/departamento-ciencias-juridicas\/wp-json\/wp\/v2\/pages\/27\/revisions\/278"}],"wp:attachment":[{"href":"https:\/\/uca.edu.sv\/departamento-ciencias-juridicas\/wp-json\/wp\/v2\/media?parent=27"}],"curies":[{"name":"wp","href":"https:\/\/api.w.org\/{rel}","templated":true}]}}