{"id":78,"date":"2025-04-13T10:15:13","date_gmt":"2025-04-13T08:15:13","guid":{"rendered":"https:\/\/uca.edu.sv\/departamento-ciencias-juridicas\/?page_id=78"},"modified":"2026-01-19T16:45:30","modified_gmt":"2026-01-19T15:45:30","slug":"historia","status":"publish","type":"page","link":"https:\/\/uca.edu.sv\/departamento-ciencias-juridicas\/historia\/","title":{"rendered":"Historia"},"content":{"rendered":"\n<h1 class=\"wp-block-heading has-text-align-center\">A trav\u00e9s del tiempo<\/h1>\n\n\n\n<div style=\"height:20px\" aria-hidden=\"true\" class=\"wp-block-spacer\"><\/div>\n\n\n\n<p class=\"has-text-align-center\">Conoce los momentos m\u00e1s destacados en la evoluci\u00f3n de nuestra Licenciatura en Ciencias Jur\u00eddicas.<\/p>\n\n\n\n<div class=\"wp-block-cp-timeline-content-timeline Cool-Content-Timeline\"><div class=\"cool-timeline-block-e0064157-8b7a-4c56-9251-04c662255824\"><style>.cool-timeline-block-e0064157-8b7a-4c56-9251-04c662255824 .cool-vertical-timeline-body{--ctlb-icon-color: #003c71;--ctlb-line-color: #003c71;--ctlb-icon-bg: #d58512;--ctlb-story-border-color: #0065bd;}<\/style><div class=\"cool-vertical-timeline-body ctlb-wrapper both-sided left\"><div class=\"cool-timeline-block-list\">\n<div class=\"wp-block-cp-timeline-content-timeline-child swiper-slide\"><div class=\"timeline-content icon-false \"><div class=\"timeline-block-timeline ctl-row  position-right\"><div class=\"ctl-6 timeline-block-time\"><div class=\"story-time\"><p>1982<br><\/p><\/div><\/div><div class=\"timeline-block-icon\"><svg stroke=\"currentColor\" fill=\"currentColor\" stroke-width=\"0\" viewBox=\"0 0 512 512\" height=\"1em\" width=\"1em\" xmlns=\"http:\/\/www.w3.org\/2000\/svg\"><path d=\"M256 8C119 8 8 119 8 256s111 248 248 248 248-111 248-248S393 8 256 8z\"><\/path><\/svg><\/div><div class=\"ctl-6 timeline-block-detail\"><div class=\"story-details\"><div class=\"story-content\">\n<h3 class=\"wp-block-heading ctlb-block-title\" style=\"padding-top:0px;padding-right:0px;padding-bottom:0px;padding-left:0px\">Primera Propuesta del Plan de Estudios<\/h3>\n\n\n\n<p class=\"ctlb-block-desc\" style=\"padding-top:0px;padding-right:0px;padding-bottom:0px;padding-left:0px\">Beatrice de Carrillo, difunta y ex catedr\u00e1tica del Departamento de Ciencias Jur\u00eddicas, fue una de las integrantes de la comisi\u00f3n que elabor\u00f3 la primera propuesta del plan de estudios de la Licenciatura. En su momento, ella manifest\u00f3 que dicho proceso inici\u00f3 en 1982 y que la planificaci\u00f3n de su apertura tom\u00f3 al menos dos a\u00f1os en llevarse a cabo: &#8216;En 1982 fui llamada para trabajar en el proyecto. Fueron alrededor de dos a\u00f1os de planificaciones y encuentros&#8217;. Por lo tanto, se reuni\u00f3 cada semana con el Padre Ellacur\u00eda, Segundo Montes, Nicol\u00e1s Mariscal e \u00cdtalo L\u00f3pez Vallecillos.<\/p>\n<\/div><\/div><\/div><\/div><\/div><\/div>\n\n\n\n<div class=\"wp-block-cp-timeline-content-timeline-child swiper-slide\"><div class=\"timeline-content icon-false \"><div class=\"timeline-block-timeline ctl-row  position-left\"><div class=\"ctl-6 timeline-block-time\"><div class=\"story-time\"><p>1983 &#8211; 1999<\/p><\/div><\/div><div class=\"timeline-block-icon\"><svg stroke=\"currentColor\" fill=\"currentColor\" stroke-width=\"0\" viewBox=\"0 0 512 512\" height=\"1em\" width=\"1em\" xmlns=\"http:\/\/www.w3.org\/2000\/svg\"><path d=\"M256 8C119 8 8 119 8 256s111 248 248 248 248-111 248-248S393 8 256 8z\"><\/path><\/svg><\/div><div class=\"ctl-6 timeline-block-detail\"><div class=\"story-details\"><div class=\"story-content\">\n<h3 class=\"wp-block-heading ctlb-block-title\" style=\"padding-top:0px;padding-right:0px;padding-bottom:0px;padding-left:0px\">Nacimiento del Departamento de Ciencias Jur\u00eddicas<\/h3>\n\n\n\n<p class=\"ctlb-block-desc\" style=\"padding-top:0px;padding-right:0px;padding-bottom:0px;padding-left:0px\">Despu\u00e9s de varias evaluaciones y propuestas, en octubre de 1983 se aprob\u00f3 el programa definitivo. En 1984 inici\u00f3 la carrera, adscrita al Departamento de Sociolog\u00eda y Ciencias Pol\u00edticas en la Facultad de Ciencias Econ\u00f3micas. Fue hasta 1987 que naci\u00f3 el Departamento de Ciencias Jur\u00eddicas, el cual pas\u00f3 a formar parte de la Facultad de Ciencias Sociales y Humanidades en 1999.<\/p>\n<\/div><\/div><\/div><\/div><\/div><\/div>\n\n\n\n<div class=\"wp-block-cp-timeline-content-timeline-child swiper-slide\"><div class=\"timeline-content icon-false \"><div class=\"timeline-block-timeline ctl-row  position-right\"><div class=\"ctl-6 timeline-block-time\"><div class=\"story-time\"><p>2003 &#8211; 2009<\/p><\/div><\/div><div class=\"timeline-block-icon\"><svg stroke=\"currentColor\" fill=\"currentColor\" stroke-width=\"0\" viewBox=\"0 0 512 512\" height=\"1em\" width=\"1em\" xmlns=\"http:\/\/www.w3.org\/2000\/svg\"><path d=\"M256 8C119 8 8 119 8 256s111 248 248 248 248-111 248-248S393 8 256 8z\"><\/path><\/svg><\/div><div class=\"ctl-6 timeline-block-detail\"><div class=\"story-details\"><div class=\"story-content\">\n<h3 class=\"wp-block-heading ctlb-block-title\" style=\"padding-top:0px;padding-right:0px;padding-bottom:0px;padding-left:0px\">Actualizaciones del Plan de Estudios<\/h3>\n\n\n\n<p class=\"ctlb-block-desc\" style=\"padding-top:0px;padding-right:0px;padding-bottom:0px;padding-left:0px\">Posteriormente, en 2003 y en 2009, se realizaron sendas actualizaciones del plan de estudios con el fin de reorganizar el orden de las asignaturas y definir cuatro \u00e1reas acad\u00e9micas: Derecho P\u00fablico, Derecho Privado, Derecho Social y Derecho Internacional. Actualmente, con nuestro \u00faltimo plan de estudios (2019-2023), hemos consolidado ocho \u00e1reas de formaci\u00f3n acad\u00e9mica: Introductoria, Derecho P\u00fablico, Derecho Privado, Derecho Social, Derecho Internacional, Reflexi\u00f3n e Incidencia Socio jur\u00eddica, Optativas T\u00e9cnicas y Optativas Human\u00edstico-Sociales.<\/p>\n<\/div><\/div><\/div><\/div><\/div><\/div>\n\n\n\n<div class=\"wp-block-cp-timeline-content-timeline-child swiper-slide\"><div class=\"timeline-content icon-false \"><div class=\"timeline-block-timeline ctl-row  position-left\"><div class=\"ctl-6 timeline-block-time\"><div class=\"story-time\"><p>2014 &#8211; 2019<\/p><\/div><\/div><div class=\"timeline-block-icon\"><svg stroke=\"currentColor\" fill=\"currentColor\" stroke-width=\"0\" viewBox=\"0 0 512 512\" height=\"1em\" width=\"1em\" xmlns=\"http:\/\/www.w3.org\/2000\/svg\"><path d=\"M256 8C119 8 8 119 8 256s111 248 248 248 248-111 248-248S393 8 256 8z\"><\/path><\/svg><\/div><div class=\"ctl-6 timeline-block-detail\"><div class=\"story-details\"><div class=\"story-content\">\n<h3 class=\"wp-block-heading ctlb-block-title\" style=\"padding-top:0px;padding-right:0px;padding-bottom:0px;padding-left:0px\">Rehabilitaci\u00f3n de la Oficina de Asistencia Legal (OAL)<\/h3>\n\n\n\n<p class=\"ctlb-block-desc\" style=\"padding-top:0px;padding-right:0px;padding-bottom:0px;padding-left:0px\">Desde el a\u00f1o 2014, se logr\u00f3 rehabilitar nuestro centro de pr\u00e1ctica jur\u00eddica, la Oficina de Asistencia Legal (OAL). Dicha reapertura ha contado con dos directores: el Lic. Juan Pablo Ramos Orellana (2014-2019) y, actualmente, el Lic. Israel Antonio Chinchilla S\u00e1nchez (2019-presente). La OAL ha contado con 374 alumnos inscritos, de los cuales 302 han sido acreditados y 72 se retiraron de la pr\u00e1ctica.<\/p>\n<\/div><\/div><\/div><\/div><\/div><\/div>\n\n\n\n<div class=\"wp-block-cp-timeline-content-timeline-child swiper-slide\"><div class=\"timeline-content icon-false \"><div class=\"timeline-block-timeline ctl-row  position-right\"><div class=\"ctl-6 timeline-block-time\"><div class=\"story-time\"><p>Actualidad<\/p><\/div><\/div><div class=\"timeline-block-icon\"><svg stroke=\"currentColor\" fill=\"currentColor\" stroke-width=\"0\" viewBox=\"0 0 512 512\" height=\"1em\" width=\"1em\" xmlns=\"http:\/\/www.w3.org\/2000\/svg\"><path d=\"M256 8C119 8 8 119 8 256s111 248 248 248 248-111 248-248S393 8 256 8z\"><\/path><\/svg><\/div><div class=\"ctl-6 timeline-block-detail\"><div class=\"story-details\"><div class=\"story-content\">\n<h3 class=\"wp-block-heading ctlb-block-title\" style=\"padding-top:0px;padding-right:0px;padding-bottom:0px;padding-left:0px\">Crecimiento Actual y Perspectivas Futuras<\/h3>\n\n\n\n<p class=\"ctlb-block-desc\" style=\"padding-top:0px;padding-right:0px;padding-bottom:0px;padding-left:0px\">Todos nuestros\/as profesores\/as, personal administrativo, etc. han sido clave esencial para que nuestra carrera haya tenido un crecimiento exponencial con los a\u00f1os y que esto siga as\u00ed en la actualidad. Por lo que orgullosamente podemos manifestar que en la actualidad contamos con m\u00e1s de seiscientos estudiantes inscritos y activos en el a\u00f1o 2024. Esperamos continuar creciendo y aportando al an\u00e1lisis cr\u00edtico de nuestra realidad nacional con nuestra Licenciatura en Ciencias Jur\u00eddicas de la Universidad Centroamericana Jos\u00e9 Sime\u00f3n Ca\u00f1as.<\/p>\n<\/div><\/div><\/div><\/div><\/div><\/div>\n<\/div><\/div><\/div><\/div>\n\n\n\n<div style=\"height:40px\" aria-hidden=\"true\" class=\"wp-block-spacer\"><\/div>\n\n\n\n<hr class=\"wp-block-separator has-alpha-channel-opacity\"\/>\n\n\n\n<div style=\"height:40px\" aria-hidden=\"true\" class=\"wp-block-spacer\"><\/div>\n\n\n\n<h2 class=\"wp-block-heading has-text-align-center\">Nuestra Historia<\/h2>\n\n\n\n<div style=\"height:20px\" aria-hidden=\"true\" class=\"wp-block-spacer\"><\/div>\n\n\n\n<p>Nos enorgullece anunciar que nuestra Licenciatura en Ciencias Jur\u00eddicas se encuentra celebrando su cuadrag\u00e9simo aniversario. Durante 40 a\u00f1os, hemos formado profesionales capaces de analizar jur\u00eddicamente la realidad salvadore\u00f1a y de proponer soluciones con sentido humano a las problem\u00e1ticas de nuestra naci\u00f3n. De esta manera, hemos cumplido con los objetivos establecidos por el Padre Ignacio Ellacur\u00eda\u2026<\/p>\n\n\n\n<div style=\"height:20px\" aria-hidden=\"true\" class=\"wp-block-spacer\"><\/div>\n\n\n\n<h3 class=\"wp-block-heading\">Plan de Estudios<\/h3>\n\n\n\n<div style=\"height:20px\" aria-hidden=\"true\" class=\"wp-block-spacer\"><\/div>\n\n\n\n<p>El plan de estudios vigente comprende 42 asignaturas: 37 prescritas, 2 Optativa Human\u00edstico-Social y 3 Optativas T\u00e9cnicas de Derecho. Los primeros dos a\u00f1os de la carrera tienen tanto horario matutino como nocturno. A partir del tercer a\u00f1o, la carrera cuenta exclusivamente con horarios nocturnos. En cuatro d\u00e9cadas, la UCA ha entregado un total de 3,405 t\u00edtulos de Licenciatura en Ciencias Jur\u00eddicas.<\/p>\n\n\n\n<div style=\"height:20px\" aria-hidden=\"true\" class=\"wp-block-spacer\"><\/div>\n\n\n\n<h3 class=\"wp-block-heading\">Gestores de Talento Humano<\/h3>\n\n\n\n<div style=\"height:20px\" aria-hidden=\"true\" class=\"wp-block-spacer\"><\/div>\n\n\n\n<p>A lo largo de los a\u00f1os, el Departamento ha contado con excelentes gestores, entre ellos las siguientes <strong>Jefaturas<\/strong>:<\/p>\n\n\n\n<div class=\"cards-grid cards-grid--leaders\">\n  <div class=\"card-leader\">\n    <h4 class=\"card-leader__name\">Segundo Montes Mozo<\/h4>\n    <p class=\"card-leader__period\">(1984\u20131985)<\/p>\n  <\/div>\n  <div class=\"card-leader\">\n    <h4 class=\"card-leader__name\">Roberto Lara Velado<\/h4>\n    <p class=\"card-leader__period\">(1985\u20131987)<\/p>\n  <\/div>\n  <div class=\"card-leader\">\n    <h4 class=\"card-leader__name\">Beatrice Alamanni de Carrillo<\/h4>\n    <p class=\"card-leader__period\">(1987\u20131990)<\/p>\n  <\/div>\n  <div class=\"card-leader\">\n    <h4 class=\"card-leader__name\">Enrique Argumedo<\/h4>\n    <p class=\"card-leader__period\">(1991\u20131994)<\/p>\n  <\/div>\n  <div class=\"card-leader\">\n    <h4 class=\"card-leader__name\">Ivo Priamo Alvarenga<\/h4>\n    <p class=\"card-leader__period\">(1995)<\/p>\n  <\/div>\n  <div class=\"card-leader\">\n    <h4 class=\"card-leader__name\">Emma Dinorah Bonilla de Avelar<\/h4>\n    <p class=\"card-leader__period\">(1995\u20132001)<\/p>\n  <\/div>\n  <div class=\"card-leader\">\n    <h4 class=\"card-leader__name\">Francisco Salvador Fonseca<\/h4>\n    <p class=\"card-leader__period\">(2001\u20132011)<\/p>\n  <\/div>\n  <div class=\"card-leader\">\n    <h4 class=\"card-leader__name\">Karla Pe\u00f1a Martell<\/h4>\n    <p class=\"card-leader__period\">(2011\u20132023)<\/p>\n  <\/div>\n  <div class=\"card-leader\">\n    <h4 class=\"card-leader__name\">Aldo Enrique C\u00e1der Camilot<\/h4>\n    <p class=\"card-leader__period\">(2024\u2013)<\/p>\n  <\/div>\n<\/div>\n\n\n\n<p>Tambi\u00e9n hemos contado con el apoyo de <strong>17 Directores de Carrera<\/strong>, entre ellos:<\/p>\n\n\n\n<div class=\"cards-grid cards-grid--leaders\">\n  <div class=\"card-leader\">\n    <div class=\"card-leader__name\">Beatrice de Carrillo<\/div>\n    <div class=\"card-leader__period\">(1984\u20131991)<\/div>\n  <\/div>\n  <div class=\"card-leader\">\n    <div class=\"card-leader__name\">Orlando Ba\u00f1os Pacheco<\/div>\n    <div class=\"card-leader__period\">(1991\u20131994)<\/div>\n  <\/div>\n  <div class=\"card-leader\">\n    <div class=\"card-leader__name\">Emma Dinora de Avelar<\/div>\n    <div class=\"card-leader__period\">(1995)<\/div>\n  <\/div>\n  <div class=\"card-leader\">\n    <div class=\"card-leader__name\">Elizabeth Cub\u00edas<\/div>\n    <div class=\"card-leader__period\">(1995\u20131996)<\/div>\n  <\/div>\n  <div class=\"card-leader\">\n    <div class=\"card-leader__name\">Mar\u00eda Garc\u00eda Cachafeiro<\/div>\n    <div class=\"card-leader__period\">(1997\u20131998)<\/div>\n  <\/div>\n  <div class=\"card-leader\">\n    <div class=\"card-leader__name\">Otilio Miranda<\/div>\n    <div class=\"card-leader__period\">(1998\u20132001)<\/div>\n  <\/div>\n  <div class=\"card-leader\">\n    <div class=\"card-leader__name\">Carlos Emilio G\u00f3mez<\/div>\n    <div class=\"card-leader__period\">(2001\u20132002)<\/div>\n  <\/div>\n  <div class=\"card-leader\">\n    <div class=\"card-leader__name\">Elsa Ca\u00f1ada de Melgar<\/div>\n    <div class=\"card-leader__period\">(2002\u20132004)<\/div>\n  <\/div>\n  <div class=\"card-leader\">\n    <div class=\"card-leader__name\">Karla Pe\u00f1a Martell<\/div>\n    <div class=\"card-leader__period\">(2004\u20132008)<\/div>\n  <\/div>\n  <div class=\"card-leader\">\n    <div class=\"card-leader__name\">Manuel Escalante<\/div>\n    <div class=\"card-leader__period\">(2008\u20132009)<\/div>\n  <\/div>\n  <div class=\"card-leader\">\n    <div class=\"card-leader__name\">Jos\u00e9 Ismael Mart\u00ednez<\/div>\n    <div class=\"card-leader__period\">(2009\u20132010)<\/div>\n  <\/div>\n  <div class=\"card-leader\">\n    <div class=\"card-leader__name\">Jos\u00e9 Antonio Villalobos<\/div>\n    <div class=\"card-leader__period\">(2010\u20132012)<\/div>\n  <\/div>\n  <div class=\"card-leader\">\n    <div class=\"card-leader__name\">Ra\u00fal Gonz\u00e1lez<\/div>\n    <div class=\"card-leader__period\">(2012\u20132014)<\/div>\n  <\/div>\n  <div class=\"card-leader\">\n    <div class=\"card-leader__name\">Manuel Escalante<\/div>\n    <div class=\"card-leader__period\">(2014\u20132016)<\/div>\n  <\/div>\n  <div class=\"card-leader\">\n    <div class=\"card-leader__name\">Ingrid G\u00f3mez<\/div>\n    <div class=\"card-leader__period\">(2018\u20132020)<\/div>\n  <\/div>\n  <div class=\"card-leader\">\n    <div class=\"card-leader__name\">Gabriela Santos<\/div>\n    <div class=\"card-leader__period\">(2021\u20132022)<\/div>\n  <\/div>\n  <div class=\"card-leader\">\n    <div class=\"card-leader__name\">Jos\u00e9 Erick Ch\u00e1vez Mar\u00edn<\/div>\n    <div class=\"card-leader__period\">(2022\u2013)<\/div>\n  <\/div>\n<\/div>\n","protected":false},"excerpt":{"rendered":"<p>A trav\u00e9s del tiempo Conoce los momentos m\u00e1s destacados en la evoluci\u00f3n de nuestra Licenciatura en Ciencias Jur\u00eddicas. Nuestra Historia Nos enorgullece anunciar que nuestra Licenciatura en Ciencias Jur\u00eddicas se encuentra celebrando su cuadrag\u00e9simo aniversario. Durante 40 a\u00f1os, hemos formado profesionales capaces de analizar jur\u00eddicamente la realidad salvadore\u00f1a y de proponer soluciones con sentido humano&hellip; <a class=\"continue\" href=\"https:\/\/uca.edu.sv\/departamento-ciencias-juridicas\/historia\/\">Continue Reading<span> Historia<\/span><\/a><\/p>\n","protected":false},"author":1,"featured_media":0,"parent":0,"menu_order":0,"comment_status":"closed","ping_status":"closed","template":"page-banner.php","meta":{"footnotes":""},"class_list":["post-78","page","type-page","status-publish","hentry"],"_links":{"self":[{"href":"https:\/\/uca.edu.sv\/departamento-ciencias-juridicas\/wp-json\/wp\/v2\/pages\/78","targetHints":{"allow":["GET"]}}],"collection":[{"href":"https:\/\/uca.edu.sv\/departamento-ciencias-juridicas\/wp-json\/wp\/v2\/pages"}],"about":[{"href":"https:\/\/uca.edu.sv\/departamento-ciencias-juridicas\/wp-json\/wp\/v2\/types\/page"}],"author":[{"embeddable":true,"href":"https:\/\/uca.edu.sv\/departamento-ciencias-juridicas\/wp-json\/wp\/v2\/users\/1"}],"replies":[{"embeddable":true,"href":"https:\/\/uca.edu.sv\/departamento-ciencias-juridicas\/wp-json\/wp\/v2\/comments?post=78"}],"version-history":[{"count":27,"href":"https:\/\/uca.edu.sv\/departamento-ciencias-juridicas\/wp-json\/wp\/v2\/pages\/78\/revisions"}],"predecessor-version":[{"id":268,"href":"https:\/\/uca.edu.sv\/departamento-ciencias-juridicas\/wp-json\/wp\/v2\/pages\/78\/revisions\/268"}],"wp:attachment":[{"href":"https:\/\/uca.edu.sv\/departamento-ciencias-juridicas\/wp-json\/wp\/v2\/media?parent=78"}],"curies":[{"name":"wp","href":"https:\/\/api.w.org\/{rel}","templated":true}]}}