{"id":11,"date":"2020-12-16T14:54:02","date_gmt":"2020-12-16T14:54:02","guid":{"rendered":"https:\/\/uca.edu.sv\/iudop\/?page_id=11"},"modified":"2024-07-08T22:26:30","modified_gmt":"2024-07-08T22:26:30","slug":"instituto-universitario-de-opinion-publica","status":"publish","type":"page","link":"https:\/\/uca.edu.sv\/iudop\/","title":{"rendered":"Instituto Universitario de Opini\u00f3n P\u00fablica"},"content":{"rendered":"<div class=\"container-fluid\">\n<div class=\"row\" style=\"background-color: #0f2743;\">\n<div class=\"col-sm-12 col-md-12 pt-3 pb-4\">\n<hr style=\"height: 3px; margin: 10px 0; background-color: #c99815; border-radius: 2px;\">\n<h1 style=\"text-align: center; font-size: 2em;\"><span style=\"color: #fff;\"><strong>Instituto Universitario de Opini\u00f3n P\u00fablica (Iudop)<\/strong><\/span><\/h1>\n<hr style=\"height: 3px; margin: 10px 0; background-color: #c99815; border-radius: 2px;\">\n<\/div>\n<\/div>\n<\/div>\n<div class=\"container-fluid\">\n<div class=\"row\">\n<div class=\"col-sm-12 col-md-12 pl-0 pr-0\">\n\r\n        <div id=\"banner\" class=\"carousel slide carousel-fade\" data-ride=\"carousel\">\r\n            <div class=\"carousel-inner\">\r\n                \r\n                <div class=\"carousel-item active\">\r\n                    <img src=\"https:\/\/uca.edu.sv\/iudop\/wp-content\/uploads\/isela.png\" class=\"d-block w-100\" alt=\"...\">\r\n                    <div class=\"cover\">\r\n                        <div class=\"container\">\r\n                            <div class=\"header-content\" style=\"background-color:rgb(15,0,0,0.3)\">\r\n                                <div class=\"d-block\">\r\n                                    <h2 style=\"text-align: justify; text-justify: inter-word;\"><em>39 a\u00f1os analizando la opini\u00f3n p\u00fablica en El Salvador y la regi\u00f3n centroamericana<\/em><\/h2>\n<p>&nbsp;<\/p>\n\r\n                                <\/div>                        \r\n                            <\/div>                    \r\n                        <\/div>\r\n                    <\/div>\r\n                <\/div>\r\n                <div class=\"carousel-item \">\r\n                    <a href=\"https:\/\/uca.edu.sv\/ignacio-martin-baro\/\" class=\"d-block\"><img src=\"https:\/\/uca.edu.sv\/iudop\/wp-content\/uploads\/foto-padre-milagros.png\" class=\"d-block w-100\" alt=\"...\">\r\n                    <div class=\"cover\">\r\n                        <div class=\"container\">\r\n                            <div class=\"header-content\" style=\"background-color:rgb(15,0,0,0.3)\">\r\n                                <div class=\"d-block\">\r\n                                    <h3 style=\"text-align: justify; text-justify: inter-word;\">Biograf\u00eda del fundador del Iudop Ignacio Mart\u00edn-Bar\u00f3 S.J.<\/h3>\n\r\n                                <\/div>                        \r\n                            <\/div>                    \r\n                        <\/div>\r\n                    <\/div><\/a>\r\n                <\/div>\r\n            <\/div>\r\n            \r\n            <a class=\"carousel-control-prev\" href=\"#banner\" role=\"button\" data-slide=\"prev\">\r\n                <span class=\"carousel-control-prev-icon\" aria-hidden=\"true\"><\/span>\r\n                <span class=\"sr-only\">Previous<\/span>\r\n            <\/a>\r\n            <a class=\"carousel-control-next\" href=\"#banner\" role=\"button\" data-slide=\"next\">\r\n                <span class=\"carousel-control-next-icon\" aria-hidden=\"true\"><\/span>\r\n                <span class=\"sr-only\">Next<\/span>\r\n            <\/a>\r\n        <\/div>\n<\/div>\n<\/div>\n<\/div>\n<div class=\"container-fluid\">\n<div class=\"row\">\n<div class=\"col-sm-12 col-md-12\" style=\"background-color: #0d1a2b;\">\n<p>&nbsp;<\/p>\n<p style=\"text-align: center;\"><strong style=\"display: block; color: #ffffff; font-size: 20px;\">INVESTIGACIONES RECIENTES<\/strong><span style=\"height: 3px; width: 88px; margin: 10px 0; display: inline-block; background-color: #c99815; border-radius: 1px;\"><\/span><\/p>\n<div class=\"container-fluid container\">\n<div class=\"row\">\n<div class=\"col-sm-12 col-md-12\">\n\r\n    <div class=\"container portada-publicaciones\">\r\n        <div class=\"row investigaciones\">\r\n            <div class=\"col-md-4 col-xl-4\">\r\n            <a href=\"https:\/\/uca.edu.sv\/iudop\/publicacion\/evaluacion-de-anio-2025\/\" class=\"d-block clearfix\"><div class=\"row\">\r\n                <div class=\"col-xl-12 pt-2 pb-2 text-center\"><img src=\"https:\/\/uca.edu.sv\/iudop\/wp-content\/uploads\/2026\/01\/Centro-2025-14-scaled.jpg\" class=\"rounded-lg bg-light\"><span class=\"badge position-absolute font-weight-light text-white p-2\" style=\"left:25px; top: 15px;background-color:rgb(13,26,43,0.8);\">\r\n                        Enero-2026\r\n                    <\/span><\/div>\r\n                <div class=\"col-xl-12\">\r\n                    <div class=\"d-block bg-white rounded-lg p-2 mb-2\">\r\n                        <h4>Evaluaci\u00f3n de a\u00f1o 2025<\/h4> <div class=\"d-block clearfix\">La poblaci\u00f3n salvadore\u00f1a eval\u00faa la situaci\u00f3n del pa\u00eds a finales del a\u00f1o 2025<\/div>\r\n                    <\/div>\r\n                <\/div>\r\n            <\/div><\/a><\/div>\r\n            <div class=\"col-md-8 col-xl-8\">\r\n            <a href=\"https:\/\/uca.edu.sv\/iudop\/publicacion\/evaluacion-de-gobierno-6-anio-nayib-bukele\/\" class=\"d-block clearfix\"><div class=\"row mb-3\">\r\n                <div class=\"col-md-4 col-xl-3  text-center\">\r\n                    <img src=\"https:\/\/uca.edu.sv\/iudop\/wp-content\/uploads\/2025\/06\/evagob6to.jpeg\" class=\"rounded-lg bg-light\"><span class=\"badge position-absolute font-weight-light text-white p-2\" style=\"left:25px; top: 15px;background-color:rgb(13,26,43,0.8);\">\r\n                        Junio-2025\r\n                    <\/span>\r\n                    <\/div>\r\n                <div class=\"col-md-8 col-xl-9 d-flex mt-2 mt-md-0 bg-md-white rounded-lg\">\r\n                    <div class=\"d-block  p-2 mb-2 align-self-center bg-white rounded-lg w-100\">\r\n                        <h4>Evaluaci\u00f3n de Gobierno \u2013 6\u00b0 a\u00f1o \u2013 Nayib Bukele<\/h4> <div class=\"d-block clearfix\">La poblaci\u00f3n salvadore\u00f1a eval\u00faa el sexto a\u00f1o de Gobierno del presidente Nayib Bukele<\/div>\r\n                    <\/div>\r\n                <\/div>\r\n            <\/div><\/a>\r\n            <a href=\"https:\/\/uca.edu.sv\/iudop\/publicacion\/encuesta-especializada-59\/\" class=\"d-block clearfix\"><div class=\"row mb-3\">\r\n                <div class=\"col-md-4 col-xl-3  text-center\">\r\n                    <img src=\"https:\/\/uca.edu.sv\/iudop\/wp-content\/uploads\/2024\/12\/mineria.png\" class=\"rounded-lg bg-light\"><span class=\"badge position-absolute font-weight-light text-white p-2\" style=\"left:25px; top: 15px;background-color:rgb(13,26,43,0.8);\">\r\n                        Diciembre-2024\r\n                    <\/span>\r\n                    <\/div>\r\n                <div class=\"col-md-8 col-xl-9 d-flex mt-2 mt-md-0 bg-md-white rounded-lg\">\r\n                    <div class=\"d-block  p-2 mb-2 align-self-center bg-white rounded-lg w-100\">\r\n                        <h4>Encuesta especializada<\/h4> <div class=\"d-block clearfix\">La poblaci\u00f3n salvadore\u00f1a opina sobre la miner\u00eda met\u00e1lica<\/div>\r\n                    <\/div>\r\n                <\/div>\r\n            <\/div><\/a><\/div>\r\n        <\/div>\r\n    <\/div>\r\n    \n<p style=\"text-align: center;\"><a href=\"https:\/\/uca.edu.sv\/iudop\/encuestas-de-opinion\/\" class=\"botonAhref btn\" style=\"--btncambio-color: #b3b09a; background-color: #ba7616; color: #ffffff;\">Otras encuestas de opini\u00f3n p\u00fablica&#8230;<\/a><\/p>\n<\/div>\n<\/div>\n<\/div>\n<p>&nbsp;<\/p>\n<\/div>\n<\/div>\n<\/div>\n<div class=\"container-fluid\">\n<div class=\"row justify-content-md-center bgimg-2 blokeImg-3\" style=\"background-image: url('https:\/\/uca.edu.sv\/iudop\/wp-content\/uploads\/campo-1.jpg');\">\n<div class=\"col-sm-12 align-self-center col-md-6\" style=\"background-color: rgba(3, 2, 2, 0.3);\">\n<p style=\"text-align: center;\"><strong style=\"display: block; color: #ffffff; font-size: 20px;\">\u00bfQUIEN\u00c9S SOMOS?<\/strong><span style=\"height: 3px; width: 88px; margin: 10px 0; display: inline-block; background-color: #c99815; border-radius: 1px;\"><\/span><\/p>\n<h2 style=\"text-align: center;\"><span style=\"color: #ffffff;\">\u00abMientras los pueblos no cuenten con poder social, sus necesidades ser\u00e1n ignoradas y su voz silenciada\u00bb<\/span><\/h2>\n<p>&nbsp;<\/p>\n<p style=\"text-align: center;\"><a href=\"https:\/\/uca.edu.sv\/iudop\/institucion\/\" class=\"btn\" style=\"background-color: #ba7616; color: #fafbfc;\">Conoce nuestra historia<\/a><\/p>\n<\/div>\n<\/div>\n<\/div>\n<div class=\"container-fluid\">\n<div class=\"row\">\n<div class=\"col-sm-12 col-md-12 pt-3\">\n<p style=\"text-align: center;\"><strong style=\"display: block; color: #0f233c; font-size: 20px;\">NUESTRO TRABAJO<\/strong><span style=\"height: 3px; width: 88px; margin: 10px 0; display: inline-block; background-color: #c99815; border-radius: 1px;\"><\/span><\/p>\n<div class=\"container-fluid container\">\n<div class=\"row justify-content-md-center\">\n<p><a href=\"https:\/\/uca.edu.sv\/iudop\/nuestro-trabajo\/libro\/\"><\/a><\/p>\n<div class=\"col-sm-12 align-self-center col-md-2\">\n<p><a href=\"https:\/\/uca.edu.sv\/iudop\/nuestro-trabajo\/libro\/\"><img loading=\"lazy\" src=\"https:\/\/uca.edu.sv\/iudop\/wp-content\/uploads\/LIBROS-F-561x600.png\" alt=\"\" class=\"size-medium wp-image-3059 aligncenter\" width=\"158\" height=\"171\"><\/a><\/p>\n<\/div>\n<div class=\"col-sm-12 align-self-center col-md-2\">\n<p><a href=\"https:\/\/uca.edu.sv\/iudop\/nuestro-trabajo\/boletines\/\"><img loading=\"lazy\" src=\"https:\/\/uca.edu.sv\/iudop\/wp-content\/uploads\/2020\/12\/boletin.png\" alt=\"\" class=\"size-full wp-image-141 aligncenter\" width=\"158\" height=\"171\"><\/a><\/p>\n<\/div>\n<div class=\"col-sm-12 align-self-center col-md-2\">\n<p><a href=\"https:\/\/uca.edu.sv\/iudop\/nuestro-trabajo\/informe\/\"><img loading=\"lazy\" src=\"https:\/\/uca.edu.sv\/iudop\/wp-content\/uploads\/2020\/12\/informe-seriado.png\" alt=\"\" class=\"size-full wp-image-143 aligncenter\" width=\"158\" height=\"171\"><\/a><\/p>\n<\/div>\n<div class=\"col-sm-12 align-self-center col-md-2\">\n<p><a href=\"https:\/\/uca.edu.sv\/iudop\/nuestro-trabajo\/articulos\/\"><img loading=\"lazy\" src=\"https:\/\/uca.edu.sv\/iudop\/wp-content\/uploads\/ARTICULOS-ACADEMICOS-F-553x600.png\" alt=\"\" class=\"size-medium wp-image-3058 aligncenter\" width=\"158\" height=\"171\" srcset=\"https:\/\/uca.edu.sv\/iudop\/wp-content\/uploads\/ARTICULOS-ACADEMICOS-F-553x600.png 553w, https:\/\/uca.edu.sv\/iudop\/wp-content\/uploads\/ARTICULOS-ACADEMICOS-F.png 708w\" sizes=\"(max-width: 158px) 100vw, 158px\" \/><\/a><\/p>\n<\/div>\n<p>&nbsp;<\/p>\n<\/div>\n<\/div>\n<p>&nbsp;<\/p>\n<div class=\"container-fluid container\">\n<div class=\"row justify-content-md-center\">\n<div class=\"col-sm-12 col-md-2\">\n<p><a href=\"https:\/\/uca.edu.sv\/iudop\/nuestro-trabajo\/presentacion\/\"><img loading=\"lazy\" src=\"https:\/\/uca.edu.sv\/iudop\/wp-content\/uploads\/2020\/12\/presentaciones.png\" alt=\"\" class=\"size-full wp-image-142 aligncenter\" width=\"158\" height=\"171\"><\/a><\/p>\n<\/div>\n<div class=\"col-sm-12 col-md-2\">\n<p><a href=\"https:\/\/uca.edu.sv\/iudop\/nuestro-trabajo\/infografico\/\"><img loading=\"lazy\" src=\"https:\/\/uca.edu.sv\/iudop\/wp-content\/uploads\/2020\/12\/infografico.png\" alt=\"\" class=\"size-full wp-image-144 aligncenter\" width=\"158\" height=\"171\"><\/a><\/p>\n<\/div>\n<div class=\"col-sm-12 col-md-2\"><a href=\"https:\/\/uca.edu.sv\/iudop\/nuestro-trabajo\/multimedia\/\"><img loading=\"lazy\" src=\"https:\/\/uca.edu.sv\/iudop\/wp-content\/uploads\/Vector-multimedia-e1654639807847.png\" alt=\"\" class=\"aligncenter wp-image-3695 size-full\" width=\"158\" height=\"171\"><\/a><\/div>\n<\/div>\n<\/div>\n<p>&nbsp;<\/p>\n<\/div>\n<\/div>\n<\/div>\n<p>&nbsp;<\/p>\n<div class=\"container-fluid\">\n<div class=\"row\">\n<div class=\"col-sm-12 col-md-12 pt-3\" style=\"background-color: #e6e6e6;\">\n<p style=\"text-align: center;\"><strong style=\"display: block; color: #0f233c; font-size: 20px;\">REDES SOCIALES Y MULTIMEDIA<\/strong><span style=\"height: 3px; width: 88px; margin: 10px 0; display: inline-block; background-color: #c99815; border-radius: 1px;\"><\/span><\/p>\n<div class=\"container-fluid container\">\n<div class=\"row\">\n<div class=\"col-sm-12 col-md-4\">\n<p><img loading=\"lazy\" src=\"https:\/\/uca.edu.sv\/iudop\/wp-content\/uploads\/Facebook.png\" alt=\"\" class=\" wp-image-1322 aligncenter\" width=\"22\" height=\"41\"><br \/>\n<iframe width=\"500\" height=\"450\" style=\"border: none; overflow: hidden;\" src=\"https:\/\/www.facebook.com\/plugins\/page.php?href=https%3A%2F%2Fes-la.facebook.com%2FInstituto-Universitario-de-Opini%25C3%25B3n-P%25C3%25BAblica-Iudop-116007768438148&amp;tabs=timeline&amp;width=500&amp;height=450&amp;small_header=false&amp;adapt_container_width=true&amp;hide_cover=false&amp;show_facepile=false&amp;appId\" scrolling=\"no\" frameborder=\"0\" allowfullscreen=\"allowfullscreen\" allow=\"autoplay; clipboard-write; encrypted-media; picture-in-picture; web-share\"><span data-mce-type=\"bookmark\" style=\"display: inline-block; width: 0px; overflow: hidden; line-height: 0;\" class=\"mce_SELRES_start\">\ufeff<\/span><span data-mce-type=\"bookmark\" style=\"display: inline-block; width: 0px; overflow: hidden; line-height: 0;\" class=\"mce_SELRES_start\">\ufeff<\/span><span data-mce-type=\"bookmark\" style=\"display: inline-block; width: 0px; overflow: hidden; line-height: 0;\" class=\"mce_SELRES_start\">\ufeff<\/span><span data-mce-type=\"bookmark\" style=\"display: inline-block; width: 0px; overflow: hidden; line-height: 0;\" class=\"mce_SELRES_start\">\ufeff<\/span><\/iframe><\/p>\n<\/div>\n<div class=\"col-sm-12 col-md-4\">\n<p><img loading=\"lazy\" src=\"https:\/\/uca.edu.sv\/iudop\/wp-content\/uploads\/2024\/07\/Logo-X-abajo.png\" alt=\"\" class=\"wp-image-4432 aligncenter\" width=\"46\" height=\"46\"><\/p>\n<p><a class=\"twitter-timeline\" data-lang=\"es\" data-height=\"450\" data-theme=\"light\" href=\"https:\/\/twitter.com\/iudopuca\">Tweets by IudopUCA<\/a><br \/>\n<a class=\"twitter-share-button\" href=\"https:\/\/twitter.com\/share\" data-dnt=\"true\"><br \/>\nTweet<\/a><br \/>\n<script async=\"\" defer=\"\" src=\"\/\/platform.twitter.com\/widgets.js\" charset=\"utf-8\">\n<\/script><\/p>\n<\/div>\n<div class=\"col-sm-12 col-md-4\">\n<p><img loading=\"lazy\" src=\"https:\/\/uca.edu.sv\/iudop\/wp-content\/uploads\/Youtube.png\" alt=\"\" class=\"size-full wp-image-1324 aligncenter\" width=\"49\" height=\"48\"><\/p>\n\r\n            <div id=\"hola\" class=\"carousel pestana slide\" data-ride=\"carousel\">                \r\n                \r\n                <a class=\"carousel-control-prev\" href=\"#hola\" role=\"button\" data-slide=\"prev\">\r\n                    <span class=\"carousel-control-prev-icon\" aria-hidden=\"true\"><\/span>\r\n                    <span class=\"sr-only\">Previous<\/span>\r\n                <\/a>\r\n                <a class=\"carousel-control-next\" href=\"#hola\" role=\"button\" data-slide=\"next\">\r\n                    <span class=\"carousel-control-next-icon\" aria-hidden=\"true\"><\/span>\r\n                    <span class=\"sr-only\">Next<\/span>\r\n                <\/a>\r\n                <ol class=\"carousel-indicators\">\r\n                    \r\n                    <li data-target=\"#hola\" data-slide-to=\"0\" class=\"active\"><\/li>\r\n                \r\n                    <li data-target=\"#hola\" data-slide-to=\"1\" class=\"\"><\/li>\r\n                \r\n                    <li data-target=\"#hola\" data-slide-to=\"2\" class=\"\"><\/li>\r\n                \r\n                    <li data-target=\"#hola\" data-slide-to=\"3\" class=\"\"><\/li>\r\n                \r\n                    <li data-target=\"#hola\" data-slide-to=\"4\" class=\"\"><\/li>\r\n                \r\n                <\/ol>\r\n                <div class=\"carousel-inner\">\r\n                    \r\n                <div class=\"carousel-item active\">\r\n                    <div class=\"d-block w-100\">\r\n                        <div class=\"container-fluid cocontainer\">\n<div class=\"row\">\n<div class=\"col-sm-12 col-md-12\">\n<div class=\"hover11\">\n<figure><img loading=\"lazy\" src=\"https:\/\/uca.edu.sv\/iudop\/wp-content\/uploads\/2024\/07\/1-entrevista.jpg\" alt=\"\" class=\"wp-image-1376 aligncenter\" width=\"541\" height=\"258\"><\/figure>\n<div class=\"overlay\">\n<div class=\"text\"><a href=\"https:\/\/www.youtube.com\/watch?v=_L0bIK_2qws\" class=\"pop-up-iframe\"><b>Encuesta Iudop<\/b><\/a><\/div>\n<\/div>\n<\/div>\n<\/div>\n<\/div>\n<\/div>\n\r\n                    <\/div>\r\n                <\/div>\r\n                \r\n                <div class=\"carousel-item \">\r\n                    <div class=\"d-block w-100\">\r\n                        <div class=\"container-fluid cocontainer\">\n<div class=\"row\">\n<div class=\"col-sm-12 col-md-12\">\n<div class=\"hover11\">\n<figure><img loading=\"lazy\" src=\"https:\/\/uca.edu.sv\/iudop\/wp-content\/uploads\/2024\/07\/2-Editorial-Podcast.jpg\" alt=\"\" class=\"wp-image-1376 aligncenter\" width=\"471\" height=\"246\"><\/figure>\n<div class=\"overlay\">\n<div class=\"text\"><a href=\"https:\/\/ysuca.org.sv\/2024\/07\/amar-temer\/\" class=\"pop-up-iframe\"><b>Amar-temer<\/b><\/a><\/div>\n<\/div>\n<\/div>\n<\/div>\n<\/div>\n<\/div>\n\r\n                    <\/div>\r\n                <\/div>\r\n                \r\n                <div class=\"carousel-item \">\r\n                    <div class=\"d-block w-100\">\r\n                        <div class=\"container-fluid cocontainer\">\n<div class=\"row\">\n<div class=\"col-sm-12 col-md-12\">\n<div class=\"hover11\">\n<figure><img loading=\"lazy\" src=\"https:\/\/uca.edu.sv\/iudop\/wp-content\/uploads\/2024\/07\/5-Audiovisuales-Editorial-Audiovisuales.jpg\" alt=\"\" class=\"wp-image-1376 aligncenter\" width=\"1000\" height=\"1000\"><\/figure>\n<div class=\"overlay\">\n<div class=\"text\"><a href=\"https:\/\/www.youtube.com\/watch?v=gR3DG7v7hXA&amp;list=PLCXe-5R_d_Ug0W2bpvDWt7zcGv68H4PBj&amp;index=5&amp;t=1s\" class=\"pop-up-iframe\"><b>R\u00e9gimen y falta de informaci\u00f3n<\/b><\/a><\/div>\n<\/div>\n<\/div>\n<\/div>\n<\/div>\n<\/div>\n\r\n                    <\/div>\r\n                <\/div>\r\n                \r\n                <div class=\"carousel-item \">\r\n                    <div class=\"d-block w-100\">\r\n                        <div class=\"container-fluid cocontainer\">\n<div class=\"row\">\n<div class=\"col-sm-12 col-md-12 \">\n<div class=\"hover11\">\n<figure><img loading=\"lazy\" src=\"https:\/\/uca.edu.sv\/iudop\/wp-content\/uploads\/2024\/07\/4-En-Vivo.jpg\" alt=\"\" class=\"wp-image-1376 aligncenter\" width=\"1000\" height=\"1000\"><\/figure>\n<div class=\"overlay\">\n<div class=\"text\"><a href=\"https:\/\/www.youtube.com\/watch?v=xaICDDmtQto&amp;t=301s\" class=\"pop-up-iframe\"><b>IUDOP: Presentaci\u00f3n de resultados de encuesta<\/b><\/a><\/div>\n<\/div>\n<\/div>\n<\/div>\n<\/div>\n<\/div>\n\r\n                    <\/div>\r\n                <\/div>\r\n                \r\n                <div class=\"carousel-item \">\r\n                    <div class=\"d-block w-100\">\r\n                        <div class=\"container-fluid cocontainer\">\n<div class=\"row\">\n<div class=\"col-sm-12 col-md-12 \">\n<div class=\"hover11\">\n<figure><img loading=\"lazy\" src=\"https:\/\/uca.edu.sv\/iudop\/wp-content\/uploads\/2024\/07\/5-Audiovisuales-Editorial-Audiovisuales.jpg\" alt=\"\" class=\"wp-image-1376 aligncenter\" width=\"1000\" height=\"1000\"><\/figure>\n<div class=\"overlay\">\n<div class=\"text\"><a href=\"https:\/\/www.youtube.com\/watch?v=SoTSlqhtun0&amp;list=PLCXe-5R_d_Ug0W2bpvDWt7zcGv68H4PBj&amp;index=9\" class=\"pop-up-iframe\"><b><br \/>\nEditorial UCA: Sistema de salud deficiente (2024)<\/b><\/a><\/div>\n<\/div>\n<\/div>\n<\/div>\n<\/div>\n<\/div>\n\r\n                    <\/div>\r\n                <\/div>\r\n                \r\n                <\/div>\r\n            <\/div>\r\n\r\n            \n<\/div>\n<\/div>\n<\/div>\n<\/div>\n<\/div>\n<\/div>\n<div class=\"container-fluid\">\n<div class=\"row justify-content-md-center\">\n<div class=\"col-sm-12 subcont align-self-center col-md-12\" style=\"background-color: #0f2743;\">\n<div class=\"convertful-123129\"><\/div>\n<\/div>\n<\/div>\n<\/div>\n<div class=\"container-fluid\">\n<div class=\"row justify-content-md-center\" style=\"background-color: #e6e6e6;\">\n<div class=\"col-sm-12 col-md-12 pt-3\" style=\"background-color: #e6e6e6;\">\n<p style=\"text-align: center;\"><strong style=\"display: block; color: #fffff; font-size: 20px;\">Visualice tambi\u00e9n:<\/strong><span style=\"height: 3px; width: 88px; margin: 10px 0; display: inline-block; background-color: #c99815; border-radius: 1px;\"><\/span><\/p>\n<\/div>\n<div class=\"col-sm-12 col-md-4\"><a href=\"https:\/\/ysuca.org.sv\/\"><img loading=\"lazy\" src=\"https:\/\/uca.edu.sv\/iudop\/wp-content\/uploads\/Banner-YSUCA-1.png\" alt=\"\" class=\"size-full wp-image-142 aligncenter\" width=\"\" height=\"\"><\/a><\/div>\n<div class=\"col-sm-12 col-md-4\"><a href=\"https:\/\/www.youtube.com\/c\/audiovisualesuca\"><img loading=\"lazy\" src=\"https:\/\/uca.edu.sv\/iudop\/wp-content\/uploads\/Banner-Audiovisuales-1.png\" alt=\"\" class=\"size-full wp-image-142 aligncenter\" width=\"\" height=\"\"><\/a><\/div>\n<div class=\"col-sm-12 col-md-4\"><a href=\"https:\/\/www.wola.org\/es\/monitor-centroamericano\/\"><img loading=\"lazy\" src=\"https:\/\/uca.edu.sv\/iudop\/wp-content\/uploads\/Banner-WOLA-1.png\" alt=\"\" class=\"size-full wp-image-142 aligncenter\" width=\"\" height=\"\"><\/a><\/div>\n<\/div>\n<\/div>\n<p>&nbsp;<\/p>\n<div class=\"container-fluid\">\n<div class=\"row\">\n<div class=\"col-sm-12 col-md-6\"><a href=\"https:\/\/pulte.nd.edu\/research-policy\/central-america-research-alliance-cara\/\"><img loading=\"lazy\" src=\"https:\/\/uca.edu.sv\/iudop\/wp-content\/uploads\/2024\/03\/CARA.png\" alt=\"\" class=\"aligncenter wp-image-142\" width=\"\" height=\"\"><\/a><\/div>\n<div class=\"col-sm-12 col-md-6\">\n<p><a href=\"https:\/\/www.internal-displacement.org\/global-report\/\"><img loading=\"lazy\" src=\"https:\/\/uca.edu.sv\/iudop\/wp-content\/uploads\/2024\/03\/IDMC.png\" alt=\"\" class=\" wp-image-142 aligncenter\" width=\"\" height=\"\"><\/a><\/p>\n<\/div>\n<\/div>\n<\/div>\n","protected":false},"excerpt":{"rendered":"<p>Instituto Universitario de Opini\u00f3n P\u00fablica (Iudop) &nbsp; INVESTIGACIONES RECIENTES Otras encuestas de opini\u00f3n p\u00fablica&#8230; &nbsp; \u00bfQUIEN\u00c9S SOMOS? \u00abMientras los pueblos no cuenten con poder social, sus necesidades ser\u00e1n ignoradas y su voz silenciada\u00bb &nbsp; Conoce nuestra historia NUESTRO TRABAJO &nbsp; &nbsp; &nbsp; &nbsp; REDES SOCIALES Y MULTIMEDIA \ufeff\ufeff\ufeff\ufeff Tweets by IudopUCA Tweet Visualice tambi\u00e9n: &nbsp;<\/p>\n","protected":false},"author":1,"featured_media":0,"parent":0,"menu_order":34,"comment_status":"closed","ping_status":"closed","template":"","meta":{"ngg_post_thumbnail":0},"_links":{"self":[{"href":"https:\/\/uca.edu.sv\/iudop\/wp-json\/wp\/v2\/pages\/11"}],"collection":[{"href":"https:\/\/uca.edu.sv\/iudop\/wp-json\/wp\/v2\/pages"}],"about":[{"href":"https:\/\/uca.edu.sv\/iudop\/wp-json\/wp\/v2\/types\/page"}],"author":[{"embeddable":true,"href":"https:\/\/uca.edu.sv\/iudop\/wp-json\/wp\/v2\/users\/1"}],"replies":[{"embeddable":true,"href":"https:\/\/uca.edu.sv\/iudop\/wp-json\/wp\/v2\/comments?post=11"}],"version-history":[{"count":226,"href":"https:\/\/uca.edu.sv\/iudop\/wp-json\/wp\/v2\/pages\/11\/revisions"}],"predecessor-version":[{"id":4452,"href":"https:\/\/uca.edu.sv\/iudop\/wp-json\/wp\/v2\/pages\/11\/revisions\/4452"}],"wp:attachment":[{"href":"https:\/\/uca.edu.sv\/iudop\/wp-json\/wp\/v2\/media?parent=11"}],"curies":[{"name":"wp","href":"https:\/\/api.w.org\/{rel}","templated":true}]}}