{"id":15,"date":"2020-12-16T15:40:39","date_gmt":"2020-12-16T15:40:39","guid":{"rendered":"https:\/\/uca.edu.sv\/iudop\/?page_id=15"},"modified":"2025-05-19T16:45:18","modified_gmt":"2025-05-19T16:45:18","slug":"institucion","status":"publish","type":"page","link":"https:\/\/uca.edu.sv\/iudop\/institucion\/","title":{"rendered":"Instituci\u00f3n"},"content":{"rendered":"<div class=\"container-fluid container\">\n<div class=\"row\">\n<h1 class=\"col-sm-12 col-md-12\" style=\"text-align: center;\"><span style=\"height: 3px; width: 10%; margin: 10px 0; display: inline-block; background-color: #c99815; border-radius: 1px;\"><\/span><\/h1>\n\r\n        <div id=\"banner-portada\" class=\"carousel slide carousel-fade\" data-ride=\"carousel\">\r\n            <div class=\"carousel-inner\">\r\n                \r\n                <div class=\"carousel-item active\">\r\n                    <img src=\"https:\/\/uca.edu.sv\/iudop\/wp-content\/uploads\/foto-arreglada.jpg\" class=\"d-block w-100\" alt=\"...\">\r\n                <\/div>\r\n            <\/div>\r\n            \r\n        <\/div>\n<p>&nbsp;<\/p>\n<p>&nbsp;<\/p>\n<p>&nbsp;<\/p>\n<p>&nbsp;<\/p>\n<\/div>\n<\/div>\n<div class=\"container-fluid container\">\n<div class=\"row\">\n<div class=\"col-sm-12 col-md-12\">\n<div class=\"container-fluid container\">\n<div class=\"row\">\n<div class=\"container-fluid container\">\n<div class=\"row\">\n<h1 class=\"col-sm-12 col-md-12\" style=\"text-align: center;\"><span style=\"height: 3px; width: 100%; margin: 10px 0; display: inline-block; background-color: #c99815; border-radius: 1px;\">\u00bfQui\u00e9nes somos?<\/span><\/h1>\n<p>&nbsp;<\/p>\n<\/div>\n<\/div>\n<\/div>\n<\/div>\n<h4><span style=\"color: #102743;\"><strong>\u00bfQu\u00e9 es el Iudop?<\/strong><\/span><\/h4>\n<div class=\"container-fluid container\">\n<div class=\"row\">\n<div class=\"col-sm-12 col-md-12 justificado\">\n<p><span>El Instituto Universitario de Opini\u00f3n P\u00fablica (Iudop), fundado en 1986 por Ignacio Mart\u00edn-Bar\u00f3, es un centro de investigaciones que forma parte de la Vicerrector\u00eda de Proyecci\u00f3n Social de la Universidad Centroamericana Jos\u00e9 Sime\u00f3n Ca\u00f1as (UCA). <\/span><\/p>\n<p><span>El Iudop, en colaboraci\u00f3n con las dem\u00e1s unidades de Proyecci\u00f3n Social y con otras unidades de la UCA, da seguimiento sistem\u00e1tico y cient\u00edfico a la opini\u00f3n de los salvadore\u00f1os y salvadore\u00f1as, sobre la situaci\u00f3n social, pol\u00edtica, econ\u00f3mica y cultural del pa\u00eds. <\/span><\/p>\n<\/div>\n<\/div>\n<\/div>\n<p>&nbsp;<\/p>\n<\/div>\n<\/div>\n<\/div>\n<div class=\"container-fluid container\">\n<div class=\"row\">\n<div class=\"col-sm-12 col-md-12 justificado\">\n<h4><span style=\"color: #102743;\"><strong>Objetivos Institucionales<br \/>\n<\/strong><\/span><\/h4>\n<ul>\n<li><span>Investigar y examinar la realidad social salvadore\u00f1a y centroamericana, a trav\u00e9s de estudios acad\u00e9micos caracterizados por su independencia y objetividad.<\/span><\/li>\n<li><span>Dar seguimiento sistem\u00e1tico, con rigor cient\u00edfico, a los sucesos sociales que tienen lugar en Centroam\u00e9rica.<\/span><\/li>\n<li><span>Realizar investigaciones peri\u00f3dicas sobre diversos \u00e1mbitos de la realidad social salvadore\u00f1a, con \u00e9nfasis en la opini\u00f3n p\u00fablica.<\/span><\/li>\n<li><span>Contribuir al debate social sobre los temas m\u00e1s relevantes para la poblaci\u00f3n salvadore\u00f1a y fomentar la comprensi\u00f3n del contexto sociopol\u00edtico, para que el pueblo de El Salvador se vuelva consciente de sus problemas e identidad social, y se convierta en agente participante de los cambios sociales.<\/span><\/li>\n<li><span>A trav\u00e9s de los sondeos de opini\u00f3n peri\u00f3dicos, y de las investigaciones en diversas \u00e1reas sociales, reflejar las condiciones y las opiniones de la ciudadan\u00eda y ofrecer herramientas para conocer desde d\u00f3nde y con cu\u00e1nta urgencia deben ser abordados los problemas se\u00f1alados por los ciudadanos.<\/span><\/li>\n<\/ul>\n<p>&nbsp;<\/p>\n<\/div>\n<\/div>\n<\/div>\n<div class=\"container-fluid container justificado\">\n<div class=\"row\">\n<div class=\"col-sm-12 col-md-12\">\n<h4><span style=\"color: #102743;\"><strong>\u00c1reas de trabajo<\/strong><\/span><\/h4>\n<div class=\"container-fluid\">\n<div class=\"row\">\n<div class=\"col-sm-12 col-md-12 justificado\">\n<p>El Iudop ha trabajado con agencias de cooperaci\u00f3n, instituciones acad\u00e9micas y ONGs nacionales e internacionales. M\u00e1s de 135 encuestas nacionales de opini\u00f3n p\u00fablica, m\u00e1s de 20 sondeos locales y m\u00e1s de 60 trabajos de investigaci\u00f3n privados ilustran la experiencia de nuestro instituto. Las investigaciones del Iudop son consideradas como fuentes de informaci\u00f3n obligada para estudiar y acercarse a la realidad social del pa\u00eds. Tambi\u00e9n el Iudop ha diversificado sus \u00e1mbitos de estudio en la realidad social.<\/p>\n<p>Otros medios de difusi\u00f3n: las publicaciones de UCA editores (Revista ECA, Seminario Proceso, Carta a las Iglesias), en publicaciones especializada del Iudop y en programas de la Radio YSUCA.<\/p>\n<p>El Iudop ha publicado m\u00e1s de 40 libros sobre diversas tem\u00e1ticas: cultura pol\u00edtica, opini\u00f3n p\u00fablica, violencia, j\u00f3venes y otros temas. A la vez, nuestros investigadores han participado en publicaciones acad\u00e9micas editadas por otras instituciones.<\/p>\n<\/div>\n<\/div>\n<\/div>\n<p>&nbsp;<\/p>\n<\/div>\n<\/div>\n<\/div>\n<p>&nbsp;<\/p>\n<div class=\"container-fluid container\">\n<div class=\"row\">\n<div class=\"col-sm-12 col-md-12\">\n<div class=\"container-fluid container\">\n<div class=\"row\">\n<div class=\"container-fluid container\">\n<div class=\"row\">\n<h1 class=\"col-sm-12 col-md-12\" style=\"text-align: center;\"><span style=\"height: 3px; width: 100%; margin: 10px 0; display: inline-block; background-color: #c99815; border-radius: 1px;\">Nuestra historia<\/span><\/h1>\n<p>&nbsp;<\/p>\n<\/div>\n<\/div>\n<\/div>\n<\/div>\n<h4><strong>\u00bfC\u00f3mo nace el Iudop?<\/strong><\/h4>\n<div class=\"container-fluid\">\n<div class=\"row\">\n<div class=\"col-sm-12 col-md-12 justificado\">\n<p><span>El psic\u00f3logo social Ignacio Mart\u00edn-Bar\u00f3 S.J., uno de los intelectuales de la UCA asesinados en 1989, funda el Iudop en 1986, en un esfuerzo por crear un centro acad\u00e9mico de recolecci\u00f3n del pensamiento de la poblaci\u00f3n nacional. Mart\u00edn-Bar\u00f3 consideraba que las encuestas de opini\u00f3n p\u00fablica brindar\u00edan al pueblo salvadore\u00f1o<\/span> <span>un espejo social que le permitiera mirarse a s\u00ed mismo, reconocerse conociendo su realidad, y tomar conciencia sobre su propia identidad. <\/span><\/p>\n<p><span>El Iudop nace con una definida vocaci\u00f3n a favor de la transformaci\u00f3n de la realidad salvadore\u00f1a, y con el prop\u00f3sito de constituirse en un canal v\u00e1lido de expresi\u00f3n de las aspiraciones y preocupaciones de las mayor\u00edas salvadore\u00f1as, todo ello con el fin \u00faltimo de favorecer la democratizaci\u00f3n de la sociedad. <\/span><\/p>\n<\/div>\n<\/div>\n<\/div>\n<p>&nbsp;<\/p>\n<\/div>\n<\/div>\n<\/div>\n<div class=\"container-fluid container\">\n<div class=\"row\">\n<div class=\"col-sm-12 col-md-12 justificado\">\n<h4><strong>Trayectoria<\/strong><\/h4>\n<p><span>Desde su fundaci\u00f3n en 1986, el Instituto Universitario de Opini\u00f3n P\u00fablica de la UCA ha realizado sondeos peri\u00f3dicos sobre la opini\u00f3n de todos los sectores de la poblaci\u00f3n salvadore\u00f1a. El Iudop ha establecido un precedente en la historia de los institutos de opini\u00f3n p\u00fablica centroamericana, porque no constituye un centro de investigaciones con fines comerciales; por el contrario, mediante la realizaci\u00f3n de sondeos objetivos e independientes, el Iudop busca contribuir al fortalecimiento los procesos de democratizaci\u00f3n, reconciliaci\u00f3n, desarrollo social, derechos humanos y otros temas de inter\u00e9s nacional, al difundir la informaci\u00f3n recabada sobre la opini\u00f3n p\u00fablica salvadore\u00f1a, a trav\u00e9s de los medios de comunicaci\u00f3n nacionales y universitarios.<\/span><\/p>\n<p><span>Adem\u00e1s, el Iudop realiza estudios por convenio o contrato con otras instituciones y centros acad\u00e9micos para llevar a cabo investigaciones que puedan ser \u00fatiles para la implementaci\u00f3n de programas de desarrollo social de la poblaci\u00f3n y, por tanto, puedan ser beneficiosos para las y los salvadore\u00f1os.<\/span><\/p>\n<p><span>Muchos de los estudios que forman parte del trabajo habitual del Iudop en la actualidad no s\u00f3lo exceden el \u00e1mbito de la opini\u00f3n p\u00fablica nacional, sino que tambi\u00e9n utilizan herramientas metodol\u00f3gicas adicionales a aquellas utilizadas en estos sondeos. Adem\u00e1s de acercarse a la realidad mediante la aplicaci\u00f3n de encuestas, el Iudop lleva a cabo estudios de caso, entrevistas estructuradas, grupos focales, an\u00e1lisis de datos de panel, revisi\u00f3n bibliogr\u00e1fica, monitoreo de noticias en medios de comunicaci\u00f3n, etc. todo lo cual enriquece la informaci\u00f3n obtenida y fortalece el an\u00e1lisis de la realidad que se hace a partir de la misma.<\/span><\/p>\n<p><span>Desde 1996, y como producto de los elevados porcentajes de victimizaci\u00f3n reportados por las encuestas sobre delincuencia, el Iudop abri\u00f3 una l\u00ednea de investigaci\u00f3n especializada sobre el tema de la violencia. Desde entonces, el Iudop ha realizado numerosos estudios sobre esta problem\u00e1tica. <\/span><\/p>\n<p><!--<\/div>\n\n\n<\/div>\n\n\n<\/div>\n\n\n&nbsp;\n\n\n<div class=\"container-fluid container\">\n\n\n<div class=\"row\">\n\n\n<div class=\"col-sm-12 col-md-12\">\n\n\n<div class=\"container-fluid container\">\n\n\n<div class=\"row\">\n\n\n<div class=\"container-fluid container\">\n\n\n<div class=\"row\">\n\n\n<h1 class=\"col-sm-12 col-md-12\" style=\"text-align: center;\"><span style=\"height: 3px; width: 100%; margin: 10px 0; display: inline-block; background-color: #c99815; border-radius: 1px;\">Nuestro Equipo<\/span><\/h1>\n\n\n&nbsp;\n\n<\/div>\n\n\n<\/div>\n\n\n<\/div>\n\n\n<\/div>\n\n\n&nbsp;\n\n\n<div class=\"container-fluid\">\n\n\n<div class=\"row\">\n\n\n<div class=\"col-sm-12 col-md-12\" data-animated=\"animate__fadeInDown\">\n\n[banner                                   1706][\/banner]\n\n<\/div>\n\n\n<\/div>\n\n\n<\/div>\n\n --><br \/>\n&nbsp;<\/p>\n<\/div>\n<\/div>\n<\/div>\n<div class=\"container-fluid container\">\n<div class=\"row\">\n<div class=\"col-sm-12 col-md-6\">\n<p>&nbsp;<\/p>\n<div class=\"container-fluid shadow-lg\">\n<div class=\"row\">\n<div class=\"col-sm-12 align-self-center col-md-4\" data-animated=\"animate__backInLeft\"><a hrdef=\"https:\/\/uca.edu.sv\/iudop\/direccion\/\"><img loading=\"lazy\" src=\"https:\/\/uca.edu.sv\/iudop\/wp-content\/uploads\/DIRECCION.png\" alt=\"\" class=\"alignnone wp-image-1497 size-full\" width=\"309\" height=\"295\"><\/a><\/div>\n<div class=\"col-sm-12 col-md-8\">&nbsp;<\/p>\n<h2 style=\"text-align: left;\"><strong><a hdref=\"https:\/\/uca.edu.sv\/iudop\/direccion\/\">Direcci\u00f3n<\/a><\/strong><\/h2>\n<p style=\"text-align: justify; text-justify: inter-word;\"><span style=\"font-weight: 400;\">Planifica, dise\u00f1a, monitorea y participa en la realizaci\u00f3n de cada uno de los proyectos de investigaci\u00f3n del instituto, fomentando el trabajo coordinado del equipo del Iudop, con sus socios acad\u00e9micos y con otras unidades de la UCA, a la vez que garantiza que el aporte realizado sea coherente con la misi\u00f3n y visi\u00f3n institucional.<\/span><\/p>\n<p>&nbsp;<\/p>\n<\/div>\n<\/div>\n<\/div>\n<\/div>\n<div class=\"col-sm-12 col-md-6\">\n<p>&nbsp;<\/p>\n<div class=\"container-fluid shadow-lg\">\n<div class=\"row\">\n<div class=\"col-sm-12 align-self-center col-md-4\" data-animated=\"animate__backInRight\">\n<p>&nbsp;<\/p>\n<p><a hrdef=\"https:\/\/uca.edu.sv\/iudop\/personal\/\"><img loading=\"lazy\" src=\"https:\/\/uca.edu.sv\/iudop\/wp-content\/uploads\/INVESTIGACION.png\" alt=\"\" class=\"alignnone size-full wp-image-1498\" width=\"309\" height=\"295\"><\/a><\/p>\n<\/div>\n<div class=\"col-sm-12 col-md-8\">\n<p>&nbsp;<\/p>\n<h2 style=\"text-align: left;\"><a hrdef=\"https:\/\/uca.edu.sv\/iudop\/personal\/\"><strong>Investigaci\u00f3n<\/strong><\/a><\/h2>\n<p style=\"text-align: justify; text-justify: inter-word;\"><span style=\"font-weight: 400;\">Implementa las distintas fases del proceso de investigaci\u00f3n para cada encuesta nacional o estudio llevado a cabo por el Iudop, participando en la elaboraci\u00f3n de propuestas t\u00e9cnicas, en el dise\u00f1o de indicadores y en la propuesta de instrumentos de medici\u00f3n. As\u00ed como tambi\u00e9n participa directamente en el an\u00e1lisis de datos, y la elaboraci\u00f3n de informes de resultados.<\/span><\/p>\n<p>&nbsp;<\/p>\n<\/div>\n<\/div>\n<\/div>\n<p>&nbsp;<\/p>\n<\/div>\n<\/div>\n<\/div>\n<p>&nbsp;<\/p>\n<div class=\"container-fluid container\">\n<div class=\"row\">\n<div class=\"col-sm-12 col-md-6\">\n<p>&nbsp;<\/p>\n<div class=\"container-fluid shadow-lg\">\n<div class=\"row\">\n<div class=\"col-sm-12 align-self-center col-md-4\" data-animated=\"animate__backInLeft\">\n<p>&nbsp;<\/p>\n<p><a hrdef=\"https:\/\/uca.edu.sv\/iudop\/administracion\/\"><img loading=\"lazy\" src=\"https:\/\/uca.edu.sv\/iudop\/wp-content\/uploads\/ADMINISTRACION.png\" alt=\"\" class=\"alignnone wp-image-1496\" width=\"227\" height=\"216\"><\/a><\/p>\n<\/div>\n<div class=\"col-sm-12 col-md-8\">\n<p>&nbsp;<\/p>\n<h2 style=\"text-align: left;\"><a hrdef=\"https:\/\/uca.edu.sv\/iudop\/administracion\/\"><strong>Administraci\u00f3n<\/strong><\/a><\/h2>\n<p style=\"text-align: justify; text-justify: inter-word;\"><span style=\"font-weight: 400;\">Organiza las finanzas institucionales, procura la \u00f3ptima utilizaci\u00f3n de los recursos, garantiza que el personal cuente con todas las herramientas de trabajo que requiere para llevar a cabo sus funciones y monitorea el cumplimiento de los compromisos institucionales en materia de contratos y ejecuci\u00f3n presupuestaria.<\/span><\/p>\n<p>&nbsp;<\/p>\n<\/div>\n<\/div>\n<\/div>\n<p>&nbsp;<\/p>\n<\/div>\n<div class=\"col-sm-12 col-md-6\">\n<p>&nbsp;<\/p>\n<div class=\"container-fluid shadow-lg\">\n<div class=\"row\">\n<div class=\"col-sm-12 align-self-center col-md-4\" data-animated=\"animate__backInRight\">\n<p>&nbsp;<\/p>\n<p><a hrdef=\"https:\/\/uca.edu.sv\/iudop\/procesamiento\/\"><img loading=\"lazy\" src=\"https:\/\/uca.edu.sv\/iudop\/wp-content\/uploads\/PROCESAMIENTO-DE-DATOS.png\" alt=\"\" class=\"alignnone size-full wp-image-1499\" width=\"309\" height=\"295\"><\/a><\/p>\n<\/div>\n<div class=\"col-sm-12 col-md-8\">\n<p>&nbsp;<\/p>\n<h2 style=\"text-align: left;\"><strong><a hrdef=\"https:\/\/uca.edu.sv\/iudop\/procesamiento\/\">Procesamiento de Datos<\/a><br \/>\n<\/strong><\/h2>\n<p style=\"text-align: justify; text-justify: inter-word;\"><span>Es el \u00e1rea encargada de procesar los datos que el Iudop recolecta en sus distintos estudios de opini\u00f3n. S<\/span><span>upervisa la descarga y transmisi\u00f3n de informaci\u00f3n recolectada al servidor del Iudop; monitorea la cantidad y calidad de las encuestas aplicadas.<\/span><\/p>\n<p>&nbsp;<\/p>\n<\/div>\n<\/div>\n<\/div>\n<p>&nbsp;<\/p>\n<\/div>\n<\/div>\n<\/div>\n<div class=\"container-fluid container\">\n<div class=\"row\">\n<div class=\"col-sm-12 col-md-3\"><\/div>\n<div class=\"col-sm-12 col-md-6\">\n<p>&nbsp;<\/p>\n<div class=\"container-fluid shadow-lg\">\n<div class=\"row\">\n<div class=\"col-sm-12 align-self-center col-md-4\" data-animated=\"animate__backInLeft\">\n<p>&nbsp;<\/p>\n<p><a hrdef=\"https:\/\/uca.edu.sv\/iudop\/levantamiento-de-datos\/\"><img loading=\"lazy\" src=\"https:\/\/uca.edu.sv\/iudop\/wp-content\/uploads\/RECOLECCION-DE-DATOS.png\" alt=\"\" class=\"alignnone size-full wp-image-1500\" width=\"309\" height=\"295\"><\/a><\/p>\n<\/div>\n<div class=\"col-sm-12 col-md-8\">\n<p>&nbsp;<\/p>\n<h2 style=\"text-align: left;\"><strong><a hrdef=\"https:\/\/uca.edu.sv\/iudop\/levantamiento-de-datos\/\">Levantamiento de Datos<\/a><br \/>\n<\/strong><\/h2>\n<p style=\"text-align: justify; text-justify: inter-word;\"><span style=\"font-weight: 400;\">El Jefe de campo en conjunto con el equipo de encuestadores y supervisores lleva a cabo la recolecci\u00f3n de la informaci\u00f3n, dando cobertura a la muestra de participantes proyectada para cada encuesta, en modalidad residencial, telef\u00f3nica u online, garantizando que los datos recolectados reflejen de manera fidedigna lo reportado por la poblaci\u00f3n entrevistada.<\/span><\/p>\n<p>&nbsp;<\/p>\n<\/div>\n<\/div>\n<\/div>\n<p>&nbsp;<\/p>\n<\/div>\n<div class=\"col-sm-12 col-md-3\"><\/div>\n<\/div>\n<\/div>\n","protected":false},"excerpt":{"rendered":"<p>&nbsp; &nbsp; &nbsp; &nbsp; \u00bfQui\u00e9nes somos? &nbsp; \u00bfQu\u00e9 es el Iudop? El Instituto Universitario de Opini\u00f3n P\u00fablica (Iudop), fundado en 1986 por Ignacio Mart\u00edn-Bar\u00f3, es un centro de investigaciones que forma parte de la Vicerrector\u00eda de Proyecci\u00f3n Social de la Universidad Centroamericana Jos\u00e9 Sime\u00f3n Ca\u00f1as (UCA). El Iudop, en colaboraci\u00f3n con las dem\u00e1s unidades de [&hellip;]<\/p>\n","protected":false},"author":1,"featured_media":0,"parent":0,"menu_order":30,"comment_status":"closed","ping_status":"closed","template":"","meta":{"ngg_post_thumbnail":0},"_links":{"self":[{"href":"https:\/\/uca.edu.sv\/iudop\/wp-json\/wp\/v2\/pages\/15"}],"collection":[{"href":"https:\/\/uca.edu.sv\/iudop\/wp-json\/wp\/v2\/pages"}],"about":[{"href":"https:\/\/uca.edu.sv\/iudop\/wp-json\/wp\/v2\/types\/page"}],"author":[{"embeddable":true,"href":"https:\/\/uca.edu.sv\/iudop\/wp-json\/wp\/v2\/users\/1"}],"replies":[{"embeddable":true,"href":"https:\/\/uca.edu.sv\/iudop\/wp-json\/wp\/v2\/comments?post=15"}],"version-history":[{"count":58,"href":"https:\/\/uca.edu.sv\/iudop\/wp-json\/wp\/v2\/pages\/15\/revisions"}],"predecessor-version":[{"id":4551,"href":"https:\/\/uca.edu.sv\/iudop\/wp-json\/wp\/v2\/pages\/15\/revisions\/4551"}],"wp:attachment":[{"href":"https:\/\/uca.edu.sv\/iudop\/wp-json\/wp\/v2\/media?parent=15"}],"curies":[{"name":"wp","href":"https:\/\/api.w.org\/{rel}","templated":true}]}}