{"id":3125,"date":"2021-06-03T21:13:38","date_gmt":"2021-06-03T21:13:38","guid":{"rendered":"https:\/\/uca.edu.sv\/iudop\/?page_id=3125"},"modified":"2022-06-02T20:59:26","modified_gmt":"2022-06-02T20:59:26","slug":"boletines","status":"publish","type":"page","link":"https:\/\/uca.edu.sv\/iudop\/nuestro-trabajo\/boletines\/","title":{"rendered":"Boletines"},"content":{"rendered":"<div class=\"container-fluid container shadow-lg\">\n<div class=\"row\">\n<div class=\"col-sm-12 col-md-12\">\n&nbsp;<\/p>\n<div class=\"container-fluid container\">\n<div class=\"row\">\n<div class=\"col-sm-12 col-md-3 align-self-center\">\n<p><img loading=\"lazy\" src=\"https:\/\/uca.edu.sv\/iudop\/wp-content\/uploads\/2020\/12\/boletin.png\" alt=\"\" class=\"size-full wp-image-141 aligncenter\" width=\"158\" height=\"171\" \/><\/p>\n<\/div>\n<div class=\"col-sm-12 col-md-9 justificado align-self-center\"><span>Cada bolet\u00edn de prensa presenta de forma sint\u00e9tica los resultados principales obtenidos en las encuestas realizadas por el Iudop. El bolet\u00edn se\u00f1ala brevemente los aspectos metodol\u00f3gicos de la encuesta, que se hallan resumidos en una ficha t\u00e9cnica, y presenta el an\u00e1lisis de los distintos indicadores que han sido explorados en las encuestas, organizando en un texto claro y de f\u00e1cil comprensi\u00f3n las opiniones de la poblaci\u00f3n en torno a tem\u00e1ticas econ\u00f3micas, sociales, pol\u00edticas, de seguridad, electorales, entre otras. Esta descripci\u00f3n se acompa\u00f1a de gr\u00e1ficos, tablas y figuras que permiten al lector tener una mirada r\u00e1pida de los resultados. En el caso de distintos indicadores a los cuales el Iudop ha dado seguimiento a lo largo de los a\u00f1os, el bolet\u00edn ofrece gr\u00e1ficos con comparativos hist\u00f3ricos, que permiten observar la tendencia de la opini\u00f3n p\u00fablica sobre dichos aspectos, en a\u00f1os recientes. La secci\u00f3n de anexos del bolet\u00edn de prensa contiene tablas en las que se visualizan las distintas alternativas de respuesta de cada \u00edtem del cuestionario, con el correspondiente porcentaje de participantes que seleccion\u00f3 o expres\u00f3 cada una de estas respuestas, al momento de brindar su opini\u00f3n. En algunos \u00edtems particulares (tales como las calificaciones otorgadas a entidades y funcionarios, o el posicionamiento ideol\u00f3gico) las tablas de resultados contienen promedios y desviaciones t\u00edpicas que corresponden a las respuestas obtenidas en dichos \u00edtems.<\/span><\/div>\n<\/div>\n<\/div>\n<p>&nbsp;<\/p>\n<div class=\"container-fluid container\">\n<div class=\"row\">\n<div class=\"col-sm-12 col-md-4\">\n<\/div>\n<div class=\"col-sm-12 col-md-4\">\n<p style=\"text-align: center;\"><a class=\"bn31\" href=\"https:\/\/uca.edu.sv\/iudop\/encuestas-de-opinion\/2022\/\"><span class=\"bn31span\">Consultar boletines<\/span><\/a><\/p>\n<\/div>\n<\/div>\n<\/div>\n<\/div>\n<\/div>\n<\/div>\n<p>&nbsp;<\/p>\n","protected":false},"excerpt":{"rendered":"<p>&nbsp; Cada bolet\u00edn de prensa presenta de forma sint\u00e9tica los resultados principales obtenidos en las encuestas realizadas por el Iudop. El bolet\u00edn se\u00f1ala brevemente los aspectos metodol\u00f3gicos de la encuesta, que se hallan resumidos en una ficha t\u00e9cnica, y presenta el an\u00e1lisis de los distintos indicadores que han sido explorados en las encuestas, organizando en [&hellip;]<\/p>\n","protected":false},"author":5,"featured_media":0,"parent":2981,"menu_order":6,"comment_status":"closed","ping_status":"closed","template":"pagina-menu.php","meta":{"ngg_post_thumbnail":0},"_links":{"self":[{"href":"https:\/\/uca.edu.sv\/iudop\/wp-json\/wp\/v2\/pages\/3125"}],"collection":[{"href":"https:\/\/uca.edu.sv\/iudop\/wp-json\/wp\/v2\/pages"}],"about":[{"href":"https:\/\/uca.edu.sv\/iudop\/wp-json\/wp\/v2\/types\/page"}],"author":[{"embeddable":true,"href":"https:\/\/uca.edu.sv\/iudop\/wp-json\/wp\/v2\/users\/5"}],"replies":[{"embeddable":true,"href":"https:\/\/uca.edu.sv\/iudop\/wp-json\/wp\/v2\/comments?post=3125"}],"version-history":[{"count":18,"href":"https:\/\/uca.edu.sv\/iudop\/wp-json\/wp\/v2\/pages\/3125\/revisions"}],"predecessor-version":[{"id":3668,"href":"https:\/\/uca.edu.sv\/iudop\/wp-json\/wp\/v2\/pages\/3125\/revisions\/3668"}],"up":[{"embeddable":true,"href":"https:\/\/uca.edu.sv\/iudop\/wp-json\/wp\/v2\/pages\/2981"}],"wp:attachment":[{"href":"https:\/\/uca.edu.sv\/iudop\/wp-json\/wp\/v2\/media?parent=3125"}],"curies":[{"name":"wp","href":"https:\/\/api.w.org\/{rel}","templated":true}]}}