{"id":3130,"date":"2021-06-03T21:21:46","date_gmt":"2021-06-03T21:21:46","guid":{"rendered":"https:\/\/uca.edu.sv\/iudop\/?page_id=3130"},"modified":"2021-06-14T21:24:27","modified_gmt":"2021-06-14T21:24:27","slug":"articulos","status":"publish","type":"page","link":"https:\/\/uca.edu.sv\/iudop\/nuestro-trabajo\/articulos\/","title":{"rendered":"Art\u00edculos"},"content":{"rendered":"<div class=\"container-fluid container shadow-lg\">\n<div class=\"row\">\n<div class=\"col-sm-12 col-md-12\">\n&nbsp;<\/p>\n<div class=\"container-fluid container\">\n<div class=\"row\">\n<div class=\"col-sm-12 col-md-3 align-self-center\">\n<p><img loading=\"lazy\" src=\"https:\/\/uca.edu.sv\/iudop\/wp-content\/uploads\/ARTICULOS-ACADEMICOS-F-553x600.png\" alt=\"\" class=\"size-medium wp-image-3058 aligncenter\" width=\"158\" height=\"171\" srcset=\"https:\/\/uca.edu.sv\/iudop\/wp-content\/uploads\/ARTICULOS-ACADEMICOS-F-553x600.png 553w, https:\/\/uca.edu.sv\/iudop\/wp-content\/uploads\/ARTICULOS-ACADEMICOS-F.png 708w\" sizes=\"(max-width: 158px) 100vw, 158px\" \/><\/p>\n<\/div>\n<div class=\"col-sm-12 col-md-9 align-self-center justificado\"><span><span><span>Los art\u00edculos acad\u00e9micos tienen la finalidad de contribuir a la profundizaci\u00f3n en el an\u00e1lisis sobre diversos resultados obtenidos en las encuestas que el Iudop realiza a nivel nacional, o al an\u00e1lisis de datos estad\u00edsticos de fuentes oficiales y otras fuentes de informaci\u00f3n. Los art\u00edculos procuran discutir estos datos, examin\u00e1ndolos a la luz de elementos te\u00f3ricos y de informaci\u00f3n del contexto nacional; con ello, se busca contribuir a una mayor comprensi\u00f3n de diversos aspectos de la realidad salvadore\u00f1a y a la generaci\u00f3n de nuevos conocimientos basados en evidencia.<\/span> <\/span><\/span><\/div>\n<\/div>\n<\/div>\n<p>&nbsp;<\/p>\n<div class=\"container-fluid container\">\n<div class=\"row\">\n<div class=\"col-sm-12 col-md-4\">\n<\/div>\n<div class=\"col-sm-12 col-md-4\">\n<p style=\"text-align: center;\"><a class=\"bn31\" href=\"https:\/\/uca.edu.sv\/iudop\/articulos\/2021\/\"><span class=\"bn31span\">Consultar art\u00edculos<\/span><\/a><\/p>\n<\/div>\n<\/div>\n<\/div>\n<\/div>\n<\/div>\n<\/div>\n<p>&nbsp;<\/p>\n","protected":false},"excerpt":{"rendered":"<p>&nbsp; Los art\u00edculos acad\u00e9micos tienen la finalidad de contribuir a la profundizaci\u00f3n en el an\u00e1lisis sobre diversos resultados obtenidos en las encuestas que el Iudop realiza a nivel nacional, o al an\u00e1lisis de datos estad\u00edsticos de fuentes oficiales y otras fuentes de informaci\u00f3n. Los art\u00edculos procuran discutir estos datos, examin\u00e1ndolos a la luz de elementos [&hellip;]<\/p>\n","protected":false},"author":5,"featured_media":0,"parent":2981,"menu_order":8,"comment_status":"closed","ping_status":"closed","template":"pagina-menu.php","meta":{"ngg_post_thumbnail":0},"_links":{"self":[{"href":"https:\/\/uca.edu.sv\/iudop\/wp-json\/wp\/v2\/pages\/3130"}],"collection":[{"href":"https:\/\/uca.edu.sv\/iudop\/wp-json\/wp\/v2\/pages"}],"about":[{"href":"https:\/\/uca.edu.sv\/iudop\/wp-json\/wp\/v2\/types\/page"}],"author":[{"embeddable":true,"href":"https:\/\/uca.edu.sv\/iudop\/wp-json\/wp\/v2\/users\/5"}],"replies":[{"embeddable":true,"href":"https:\/\/uca.edu.sv\/iudop\/wp-json\/wp\/v2\/comments?post=3130"}],"version-history":[{"count":7,"href":"https:\/\/uca.edu.sv\/iudop\/wp-json\/wp\/v2\/pages\/3130\/revisions"}],"predecessor-version":[{"id":3405,"href":"https:\/\/uca.edu.sv\/iudop\/wp-json\/wp\/v2\/pages\/3130\/revisions\/3405"}],"up":[{"embeddable":true,"href":"https:\/\/uca.edu.sv\/iudop\/wp-json\/wp\/v2\/pages\/2981"}],"wp:attachment":[{"href":"https:\/\/uca.edu.sv\/iudop\/wp-json\/wp\/v2\/media?parent=3130"}],"curies":[{"name":"wp","href":"https:\/\/api.w.org\/{rel}","templated":true}]}}