{"id":3132,"date":"2021-06-03T21:23:12","date_gmt":"2021-06-03T21:23:12","guid":{"rendered":"https:\/\/uca.edu.sv\/iudop\/?page_id=3132"},"modified":"2022-06-02T21:09:17","modified_gmt":"2022-06-02T21:09:17","slug":"presentacion","status":"publish","type":"page","link":"https:\/\/uca.edu.sv\/iudop\/nuestro-trabajo\/presentacion\/","title":{"rendered":"Presentaciones"},"content":{"rendered":"<div class=\"container-fluid container shadow-lg\">\n<div class=\"row\">\n<div class=\"col-sm-12 col-md-12\">\n&nbsp;<\/p>\n<div class=\"container-fluid container\">\n<div class=\"row\">\n<div class=\"col-sm-12 col-md-3 align-self-center\">\n<p><img loading=\"lazy\" src=\"https:\/\/uca.edu.sv\/iudop\/wp-content\/uploads\/2020\/12\/presentaciones.png\" alt=\"\" class=\"size-full wp-image-144 aligncenter\" width=\"158\" height=\"171\" \/><\/p>\n<\/div>\n<div class=\"col-sm-12 col-md-9 align-self-center justificado\"><span>Cada presentaci\u00f3n constituye un apoyo visual para dar a conocer los resultados principales obtenidos en las encuestas realizadas por el Iudop. Las l\u00e1minas de la presentaci\u00f3n exponen de manera sucinta los aspectos metodol\u00f3gicos de la encuesta, y muestran a trav\u00e9s de tablas, figuras y gr\u00e1ficos, los resultados obtenidos para cada uno de los indicadores o tem\u00e1ticas centrales que han sido explorados en las encuestas. Las gr\u00e1ficas, tablas y figuras de las diapositivas pueden incluir, adem\u00e1s, el contraste de algunas respuestas en perspectiva hist\u00f3rica o su desagregaci\u00f3n en funci\u00f3n de variables de inter\u00e9s. Las figuras contenidas en las l\u00e1minas tambi\u00e9n son un apoyo visual para facilitar una mayor comprensi\u00f3n de las secuencias de \u00edtems que se encuentran concatenados en los cuestionarios: estos se visualizan a trav\u00e9s de diagramas de flujo, que muestran las preguntas de profundizaci\u00f3n que se hacen a los participantes, en funci\u00f3n de las alternativas de respuesta que han brindado en preguntas previas.<\/span><\/div>\n<\/div>\n<\/div>\n<p>&nbsp;<\/p>\n<div class=\"container-fluid container\">\n<div class=\"row\">\n<div class=\"col-sm-12 col-md-4\">\n<\/div>\n<div class=\"col-sm-12 col-md-4\">\n<p style=\"text-align: center;\"><a class=\"bn31\" href=\"https:\/\/uca.edu.sv\/iudop\/encuestas-de-opinion\/2022\/\"><span class=\"bn31span\">Consultar presentaciones<\/span><\/a><\/p>\n<\/div>\n<\/div>\n<\/div>\n<\/div>\n<\/div>\n<\/div>\n<p>&nbsp;<\/p>\n","protected":false},"excerpt":{"rendered":"<p>&nbsp; Cada presentaci\u00f3n constituye un apoyo visual para dar a conocer los resultados principales obtenidos en las encuestas realizadas por el Iudop. Las l\u00e1minas de la presentaci\u00f3n exponen de manera sucinta los aspectos metodol\u00f3gicos de la encuesta, y muestran a trav\u00e9s de tablas, figuras y gr\u00e1ficos, los resultados obtenidos para cada uno de los indicadores [&hellip;]<\/p>\n","protected":false},"author":5,"featured_media":0,"parent":2981,"menu_order":10,"comment_status":"closed","ping_status":"closed","template":"pagina-menu.php","meta":{"ngg_post_thumbnail":0},"_links":{"self":[{"href":"https:\/\/uca.edu.sv\/iudop\/wp-json\/wp\/v2\/pages\/3132"}],"collection":[{"href":"https:\/\/uca.edu.sv\/iudop\/wp-json\/wp\/v2\/pages"}],"about":[{"href":"https:\/\/uca.edu.sv\/iudop\/wp-json\/wp\/v2\/types\/page"}],"author":[{"embeddable":true,"href":"https:\/\/uca.edu.sv\/iudop\/wp-json\/wp\/v2\/users\/5"}],"replies":[{"embeddable":true,"href":"https:\/\/uca.edu.sv\/iudop\/wp-json\/wp\/v2\/comments?post=3132"}],"version-history":[{"count":6,"href":"https:\/\/uca.edu.sv\/iudop\/wp-json\/wp\/v2\/pages\/3132\/revisions"}],"predecessor-version":[{"id":3672,"href":"https:\/\/uca.edu.sv\/iudop\/wp-json\/wp\/v2\/pages\/3132\/revisions\/3672"}],"up":[{"embeddable":true,"href":"https:\/\/uca.edu.sv\/iudop\/wp-json\/wp\/v2\/pages\/2981"}],"wp:attachment":[{"href":"https:\/\/uca.edu.sv\/iudop\/wp-json\/wp\/v2\/media?parent=3132"}],"curies":[{"name":"wp","href":"https:\/\/api.w.org\/{rel}","templated":true}]}}