{"id":3134,"date":"2021-06-03T21:23:51","date_gmt":"2021-06-03T21:23:51","guid":{"rendered":"https:\/\/uca.edu.sv\/iudop\/?page_id=3134"},"modified":"2022-06-02T21:02:00","modified_gmt":"2022-06-02T21:02:00","slug":"infografico","status":"publish","type":"page","link":"https:\/\/uca.edu.sv\/iudop\/nuestro-trabajo\/infografico\/","title":{"rendered":"Infogr\u00e1ficos"},"content":{"rendered":"<div class=\"container-fluid container shadow-lg\">\n<div class=\"row\">\n<div class=\"col-sm-12 col-md-12\">\n&nbsp;<\/p>\n<div class=\"container-fluid container\">\n<div class=\"row\">\n<div class=\"col-sm-12 col-md-3 align-self-center\">\n<p><img loading=\"lazy\" src=\"https:\/\/uca.edu.sv\/iudop\/wp-content\/uploads\/2020\/12\/infografico.png\" alt=\"\" class=\"size-full wp-image-142 aligncenter\" width=\"158\" height=\"171\" \/><\/p>\n<\/div>\n<div class=\"col-sm-12 col-md-9 align-self-center justificado\"><span>Los infogr\u00e1ficos contribuyen a la divulgaci\u00f3n de los resultados m\u00e1s relevantes de cada encuesta realizada por el Iudop, de forma breve y clara. Estos tienen un dise\u00f1o visual sencillo y agradable, que contiene una reducida cantidad de texto y que fundamentalmente se compone de im\u00e1genes. Cada infogr\u00e1fico expone los elementos clave de la ficha metodol\u00f3gica referida a la encuesta realizada, las caracter\u00edsticas principales de la muestra de participantes, y asimismo presenta un conjunto de gr\u00e1ficos, figuras y diagramas de flujo que esquematizan de manera comprensible los hallazgos centrales de cada sondeo realizado.<\/span><\/div>\n<\/div>\n<\/div>\n<p>&nbsp;<\/p>\n<div class=\"container-fluid container\">\n<div class=\"row\">\n<div class=\"col-sm-12 col-md-4\">\n<\/div>\n<div class=\"col-sm-12 col-md-4\">\n<p style=\"text-align: center;\"><a class=\"bn31\" href=\"https:\/\/uca.edu.sv\/iudop\/encuestas-de-opinion\/2022\/\"><span class=\"bn31span\">Consultar infogr\u00e1ficos<\/span><\/a><\/p>\n<\/div>\n<\/div>\n<\/div>\n<\/div>\n<\/div>\n<\/div>\n<p>&nbsp;<\/p>\n","protected":false},"excerpt":{"rendered":"<p>&nbsp; Los infogr\u00e1ficos contribuyen a la divulgaci\u00f3n de los resultados m\u00e1s relevantes de cada encuesta realizada por el Iudop, de forma breve y clara. Estos tienen un dise\u00f1o visual sencillo y agradable, que contiene una reducida cantidad de texto y que fundamentalmente se compone de im\u00e1genes. Cada infogr\u00e1fico expone los elementos clave de la ficha [&hellip;]<\/p>\n","protected":false},"author":5,"featured_media":0,"parent":2981,"menu_order":11,"comment_status":"closed","ping_status":"closed","template":"pagina-menu.php","meta":{"ngg_post_thumbnail":0},"_links":{"self":[{"href":"https:\/\/uca.edu.sv\/iudop\/wp-json\/wp\/v2\/pages\/3134"}],"collection":[{"href":"https:\/\/uca.edu.sv\/iudop\/wp-json\/wp\/v2\/pages"}],"about":[{"href":"https:\/\/uca.edu.sv\/iudop\/wp-json\/wp\/v2\/types\/page"}],"author":[{"embeddable":true,"href":"https:\/\/uca.edu.sv\/iudop\/wp-json\/wp\/v2\/users\/5"}],"replies":[{"embeddable":true,"href":"https:\/\/uca.edu.sv\/iudop\/wp-json\/wp\/v2\/comments?post=3134"}],"version-history":[{"count":6,"href":"https:\/\/uca.edu.sv\/iudop\/wp-json\/wp\/v2\/pages\/3134\/revisions"}],"predecessor-version":[{"id":3670,"href":"https:\/\/uca.edu.sv\/iudop\/wp-json\/wp\/v2\/pages\/3134\/revisions\/3670"}],"up":[{"embeddable":true,"href":"https:\/\/uca.edu.sv\/iudop\/wp-json\/wp\/v2\/pages\/2981"}],"wp:attachment":[{"href":"https:\/\/uca.edu.sv\/iudop\/wp-json\/wp\/v2\/media?parent=3134"}],"curies":[{"name":"wp","href":"https:\/\/api.w.org\/{rel}","templated":true}]}}