{"id":3666,"date":"2022-06-02T21:13:18","date_gmt":"2022-06-02T21:13:18","guid":{"rendered":"https:\/\/uca.edu.sv\/iudop\/?page_id=3666"},"modified":"2023-02-28T17:02:27","modified_gmt":"2023-02-28T17:02:27","slug":"multimedia","status":"publish","type":"page","link":"https:\/\/uca.edu.sv\/iudop\/nuestro-trabajo\/multimedia\/","title":{"rendered":"Multimedia"},"content":{"rendered":"<div class=\"container-fluid container shadow-lg\">\n<div class=\"row\">\n<div class=\"col-sm-12 col-md-12\">\n<div class=\"container-fluid container\">\n<div class=\"row\">\n<div class=\"col-sm-12 col-md-3 align-self-center\">\n<p><img loading=\"lazy\" src=\"https:\/\/uca.edu.sv\/iudop\/wp-content\/uploads\/Multimedios.png\" alt=\"\" class=\"size-medium wp-image-3059 aligncenter\" width=\"158\" height=\"171\" \/><\/p>\n<\/div>\n<div class=\"col-sm-12 col-md-9 align-self-center justificado\"><span>Los productos multimedia son un esfuerzo por presentar, puntualmente, algunos de los resultados m\u00e1s relevantes de las encuestas realizadas por el Iudop. Estos est\u00e1n conformados por videos cortos e informativos que muestran la evoluci\u00f3n hist\u00f3rica del comportamiento de algunos de los principales indicadores que el Iudop ha recopilado en m\u00e1s de tres d\u00e9cadas de trabajo; as\u00ed como tambi\u00e9n galer\u00edas fotogr\u00e1ficas tem\u00e1ticas que permiten brindar\u00a0un punto de vista m\u00e1s ilustrativo sobre temas de inter\u00e9s nacional.<\/span><\/div>\n<\/div>\n<\/div>\n<p>&nbsp;<\/p>\n<div class=\"container-fluid container\">\n<div class=\"row\">\n<div class=\"col-sm-12 col-md-4\"><\/div>\n<div class=\"col-sm-12 col-md-4\">\n<p style=\"text-align: center;\"><a class=\"bn31\" href=\"https:\/\/uca.edu.sv\/iudop\/publicacion\/evaluacion-de-gobierno-3-anio-nayib-bukele\/\"><span class=\"bn31span\">Consultar multimedia<\/span><\/a><\/p>\n<\/div>\n<\/div>\n<\/div>\n<\/div>\n<\/div>\n<\/div>\n","protected":false},"excerpt":{"rendered":"<p>Los productos multimedia son un esfuerzo por presentar, puntualmente, algunos de los resultados m\u00e1s relevantes de las encuestas realizadas por el Iudop. Estos est\u00e1n conformados por videos cortos e informativos que muestran la evoluci\u00f3n hist\u00f3rica del comportamiento de algunos de los principales indicadores que el Iudop ha recopilado en m\u00e1s de tres d\u00e9cadas de trabajo; [&hellip;]<\/p>\n","protected":false},"author":4,"featured_media":0,"parent":2981,"menu_order":14,"comment_status":"closed","ping_status":"closed","template":"pagina-menu.php","meta":{"ngg_post_thumbnail":0},"_links":{"self":[{"href":"https:\/\/uca.edu.sv\/iudop\/wp-json\/wp\/v2\/pages\/3666"}],"collection":[{"href":"https:\/\/uca.edu.sv\/iudop\/wp-json\/wp\/v2\/pages"}],"about":[{"href":"https:\/\/uca.edu.sv\/iudop\/wp-json\/wp\/v2\/types\/page"}],"author":[{"embeddable":true,"href":"https:\/\/uca.edu.sv\/iudop\/wp-json\/wp\/v2\/users\/4"}],"replies":[{"embeddable":true,"href":"https:\/\/uca.edu.sv\/iudop\/wp-json\/wp\/v2\/comments?post=3666"}],"version-history":[{"count":8,"href":"https:\/\/uca.edu.sv\/iudop\/wp-json\/wp\/v2\/pages\/3666\/revisions"}],"predecessor-version":[{"id":3820,"href":"https:\/\/uca.edu.sv\/iudop\/wp-json\/wp\/v2\/pages\/3666\/revisions\/3820"}],"up":[{"embeddable":true,"href":"https:\/\/uca.edu.sv\/iudop\/wp-json\/wp\/v2\/pages\/2981"}],"wp:attachment":[{"href":"https:\/\/uca.edu.sv\/iudop\/wp-json\/wp\/v2\/media?parent=3666"}],"curies":[{"name":"wp","href":"https:\/\/api.w.org\/{rel}","templated":true}]}}