{"id":455,"date":"2020-12-18T00:28:52","date_gmt":"2020-12-18T00:28:52","guid":{"rendered":"https:\/\/uca.edu.sv\/iudop\/?page_id=455"},"modified":"2021-06-02T17:03:49","modified_gmt":"2021-06-02T17:03:49","slug":"encuestas-de-opinion","status":"publish","type":"page","link":"https:\/\/uca.edu.sv\/iudop\/encuestas-de-opinion\/","title":{"rendered":"Encuestas de opini\u00f3n"},"content":{"rendered":"<div class=\"container-fluid container\">\n<div class=\"row\">\n<h1 class=\"col-sm-12 col-md-12\" style=\"text-align: center;\"><span style=\"height: 3px; width: 88px; margin: 10px 0; display: inline-block; background-color: #c99815; border-radius: 1px;\"><\/span><\/h1>\n\r\n        <div id=\"banner-encuestas\" class=\"carousel slide carousel-fade\" data-ride=\"carousel\">\r\n            <div class=\"carousel-inner\">\r\n                \r\n                <div class=\"carousel-item active\">\r\n                    <img src=\"https:\/\/uca.edu.sv\/iudop\/wp-content\/uploads\/FOTO-CAMPO-LAURA-FINAL-CARLOS.png\" class=\"d-block w-100\" alt=\"...\">\r\n                <\/div>\r\n            <\/div>\r\n            \r\n        <\/div>\n<p>&nbsp;<\/p>\n<p>&nbsp;<\/p>\n<p>&nbsp;<\/p>\n<p>&nbsp;<\/p>\n<\/div>\n<\/div>\n<div class=\"container-fluid container\">\n<div class=\"row\">\n<div class=\"col-sm-12 col-md-12\">\n\r\n    <div class=\"container\">\r\n        <div class=\"row\">\r\n            <div class=\"col-md-9\">\r\n                <h1 class=\"font-weight-bold\">2026<\/h1>\r\n                \r\n            <div class=\"row mb-5 encuestas-de-opinion\">\r\n                <div class=\"col pr-0 text-center border-right\" style=\"min-width:75px; max-width:100px;\">\r\n                    <img src=\"https:\/\/uca.edu.sv\/iudop\/wp-content\/uploads\/EVALUACION-DE-ANO@2x-1024x768.png\" class=\"rounded-lg\">\r\n                    <\/div>\r\n                <div class=\"col mt-2 mt-md-0\">\r\n                    \r\n                        <a href=\"https:\/\/uca.edu.sv\/iudop\/publicacion\/evaluacion-de-anio-2025\/\"><h3 class=\"font-weight-bold\"> Evaluaci\u00f3n de a\u00f1o 2025<\/h3> La poblaci\u00f3n salvadore\u00f1a eval\u00faa la situaci\u00f3n del pa\u00eds a finales del a\u00f1o 2025<\/a>\r\n                    \r\n                <\/div>\r\n            <\/div>\r\n            <\/div>\r\n            <div class=\"col-md-3\">\r\n                Historial\r\n                <hr \/>\r\n                <a href=\"https:\/\/uca.edu.sv\/iudop\/encuestas-de-opinion\/2026\" class=\"btn btn-outline-secondary mb-2 active\">2026<\/a> <a href=\"https:\/\/uca.edu.sv\/iudop\/encuestas-de-opinion\/2025\" class=\"btn btn-outline-secondary mb-2 \">2025<\/a> <a href=\"https:\/\/uca.edu.sv\/iudop\/encuestas-de-opinion\/2024\" class=\"btn btn-outline-secondary mb-2 \">2024<\/a> <a href=\"https:\/\/uca.edu.sv\/iudop\/encuestas-de-opinion\/2023\" class=\"btn btn-outline-secondary mb-2 \">2023<\/a> <a href=\"https:\/\/uca.edu.sv\/iudop\/encuestas-de-opinion\/2022\" class=\"btn btn-outline-secondary mb-2 \">2022<\/a> <a href=\"https:\/\/uca.edu.sv\/iudop\/encuestas-de-opinion\/2021\" class=\"btn btn-outline-secondary mb-2 \">2021<\/a> <a href=\"https:\/\/uca.edu.sv\/iudop\/encuestas-de-opinion\/2020\" class=\"btn btn-outline-secondary mb-2 \">2020<\/a> <a href=\"https:\/\/uca.edu.sv\/iudop\/encuestas-de-opinion\/2019\" class=\"btn btn-outline-secondary mb-2 \">2019<\/a> <a href=\"https:\/\/uca.edu.sv\/iudop\/encuestas-de-opinion\/2018\" class=\"btn btn-outline-secondary mb-2 \">2018<\/a> <a href=\"https:\/\/uca.edu.sv\/iudop\/encuestas-de-opinion\/2017\" class=\"btn btn-outline-secondary mb-2 \">2017<\/a> <a href=\"https:\/\/uca.edu.sv\/iudop\/encuestas-de-opinion\/2016\" class=\"btn btn-outline-secondary mb-2 \">2016<\/a> <a href=\"https:\/\/uca.edu.sv\/iudop\/encuestas-de-opinion\/2015\" class=\"btn btn-outline-secondary mb-2 \">2015<\/a> <a href=\"https:\/\/uca.edu.sv\/iudop\/encuestas-de-opinion\/2014\" class=\"btn btn-outline-secondary mb-2 \">2014<\/a> <a href=\"https:\/\/uca.edu.sv\/iudop\/encuestas-de-opinion\/2013\" class=\"btn btn-outline-secondary mb-2 \">2013<\/a> <a href=\"https:\/\/uca.edu.sv\/iudop\/encuestas-de-opinion\/2012\" class=\"btn btn-outline-secondary mb-2 \">2012<\/a> <a href=\"https:\/\/uca.edu.sv\/iudop\/encuestas-de-opinion\/2011\" class=\"btn btn-outline-secondary mb-2 \">2011<\/a> <a href=\"https:\/\/uca.edu.sv\/iudop\/encuestas-de-opinion\/2010\" class=\"btn btn-outline-secondary mb-2 \">2010<\/a> <a href=\"https:\/\/uca.edu.sv\/iudop\/encuestas-de-opinion\/2009\" class=\"btn btn-outline-secondary mb-2 \">2009<\/a> <a href=\"https:\/\/uca.edu.sv\/iudop\/encuestas-de-opinion\/2008\" class=\"btn btn-outline-secondary mb-2 \">2008<\/a> <a href=\"https:\/\/uca.edu.sv\/iudop\/encuestas-de-opinion\/2007\" class=\"btn btn-outline-secondary mb-2 \">2007<\/a> <a href=\"https:\/\/uca.edu.sv\/iudop\/encuestas-de-opinion\/2006\" class=\"btn btn-outline-secondary mb-2 \">2006<\/a> <a href=\"https:\/\/uca.edu.sv\/iudop\/encuestas-de-opinion\/2005\" class=\"btn btn-outline-secondary mb-2 \">2005<\/a> <a href=\"https:\/\/uca.edu.sv\/iudop\/encuestas-de-opinion\/2004\" class=\"btn btn-outline-secondary mb-2 \">2004<\/a> <a href=\"https:\/\/uca.edu.sv\/iudop\/encuestas-de-opinion\/2003\" class=\"btn btn-outline-secondary mb-2 \">2003<\/a> <a href=\"https:\/\/uca.edu.sv\/iudop\/encuestas-de-opinion\/2002\" class=\"btn btn-outline-secondary mb-2 \">2002<\/a> <a href=\"https:\/\/uca.edu.sv\/iudop\/encuestas-de-opinion\/2001\" class=\"btn btn-outline-secondary mb-2 \">2001<\/a> <a href=\"https:\/\/uca.edu.sv\/iudop\/encuestas-de-opinion\/2000\" class=\"btn btn-outline-secondary mb-2 \">2000<\/a> <a href=\"https:\/\/uca.edu.sv\/iudop\/encuestas-de-opinion\/1999\" class=\"btn btn-outline-secondary mb-2 \">1999<\/a> <a href=\"https:\/\/uca.edu.sv\/iudop\/encuestas-de-opinion\/1998\" class=\"btn btn-outline-secondary mb-2 \">1998<\/a> <a href=\"https:\/\/uca.edu.sv\/iudop\/encuestas-de-opinion\/1997\" class=\"btn btn-outline-secondary mb-2 \">1997<\/a> <a href=\"https:\/\/uca.edu.sv\/iudop\/encuestas-de-opinion\/1996\" class=\"btn btn-outline-secondary mb-2 \">1996<\/a> <a href=\"https:\/\/uca.edu.sv\/iudop\/encuestas-de-opinion\/1995\" class=\"btn btn-outline-secondary mb-2 \">1995<\/a> <a href=\"https:\/\/uca.edu.sv\/iudop\/encuestas-de-opinion\/1994\" class=\"btn btn-outline-secondary mb-2 \">1994<\/a> <a href=\"https:\/\/uca.edu.sv\/iudop\/encuestas-de-opinion\/1993\" class=\"btn btn-outline-secondary mb-2 \">1993<\/a> <a href=\"https:\/\/uca.edu.sv\/iudop\/encuestas-de-opinion\/1992\" class=\"btn btn-outline-secondary mb-2 \">1992<\/a> <a href=\"https:\/\/uca.edu.sv\/iudop\/encuestas-de-opinion\/1991\" class=\"btn btn-outline-secondary mb-2 \">1991<\/a> <a href=\"https:\/\/uca.edu.sv\/iudop\/encuestas-de-opinion\/1990\" class=\"btn btn-outline-secondary mb-2 \">1990<\/a> <a href=\"https:\/\/uca.edu.sv\/iudop\/encuestas-de-opinion\/1989\" class=\"btn btn-outline-secondary mb-2 \">1989<\/a> <a href=\"https:\/\/uca.edu.sv\/iudop\/encuestas-de-opinion\/1988\" class=\"btn btn-outline-secondary mb-2 \">1988<\/a> <a href=\"https:\/\/uca.edu.sv\/iudop\/encuestas-de-opinion\/1987\" class=\"btn btn-outline-secondary mb-2 \">1987<\/a> <a href=\"https:\/\/uca.edu.sv\/iudop\/encuestas-de-opinion\/1986\" class=\"btn btn-outline-secondary mb-2 \">1986<\/a> \r\n            <\/div>\r\n        <\/div>\r\n    <\/div>\r\n    \n<\/div>\n<\/div>\n<\/div>\n","protected":false},"excerpt":{"rendered":"<p>&nbsp; &nbsp; &nbsp; &nbsp;<\/p>\n","protected":false},"author":1,"featured_media":0,"parent":0,"menu_order":29,"comment_status":"closed","ping_status":"closed","template":"","meta":{"ngg_post_thumbnail":0},"_links":{"self":[{"href":"https:\/\/uca.edu.sv\/iudop\/wp-json\/wp\/v2\/pages\/455"}],"collection":[{"href":"https:\/\/uca.edu.sv\/iudop\/wp-json\/wp\/v2\/pages"}],"about":[{"href":"https:\/\/uca.edu.sv\/iudop\/wp-json\/wp\/v2\/types\/page"}],"author":[{"embeddable":true,"href":"https:\/\/uca.edu.sv\/iudop\/wp-json\/wp\/v2\/users\/1"}],"replies":[{"embeddable":true,"href":"https:\/\/uca.edu.sv\/iudop\/wp-json\/wp\/v2\/comments?post=455"}],"version-history":[{"count":8,"href":"https:\/\/uca.edu.sv\/iudop\/wp-json\/wp\/v2\/pages\/455\/revisions"}],"predecessor-version":[{"id":3006,"href":"https:\/\/uca.edu.sv\/iudop\/wp-json\/wp\/v2\/pages\/455\/revisions\/3006"}],"wp:attachment":[{"href":"https:\/\/uca.edu.sv\/iudop\/wp-json\/wp\/v2\/media?parent=455"}],"curies":[{"name":"wp","href":"https:\/\/api.w.org\/{rel}","templated":true}]}}