{"id":472,"date":"2020-12-18T22:34:06","date_gmt":"2020-12-18T22:34:06","guid":{"rendered":"https:\/\/uca.edu.sv\/iudop\/?page_id=472"},"modified":"2023-06-23T23:39:59","modified_gmt":"2023-06-23T23:39:59","slug":"publicaciones-especializadas","status":"publish","type":"page","link":"https:\/\/uca.edu.sv\/iudop\/publicaciones-especializadas\/","title":{"rendered":"Investigaciones especializadas"},"content":{"rendered":"<div class=\"container-fluid container\">\n<div class=\"row\">\n<h1 class=\"col-sm-12 col-md-12\" style=\"text-align: center;\"><span style=\"height: 3px; width: 88px; margin: 10px 0; display: inline-block; background-color: #c99815; border-radius: 1px;\"><\/span><\/h1>\n\r\n        <div id=\"especializadas\" class=\"carousel slide carousel-fade\" data-ride=\"carousel\">\r\n            <div class=\"carousel-inner\">\r\n                \r\n                <div class=\"carousel-item active\">\r\n                    <img src=\"https:\/\/uca.edu.sv\/iudop\/wp-content\/uploads\/Investigacion-especializada-scaled.jpg\" class=\"d-block w-100\" alt=\"...\">\r\n                <\/div>\r\n            <\/div>\r\n            \r\n        <\/div>\n<p>&nbsp;<\/p>\n<p>&nbsp;<\/p>\n<p>&nbsp;<\/p>\n<p>&nbsp;<\/p>\n<\/div>\n<\/div>\n<div class=\"container-fluid container\">\n<div class=\"row\">\n<div class=\"col-sm-12 col-md-6\">\n<div class=\"container-fluid shadow-lg\">\n<div class=\"row\">\n<div class=\"col-sm-12 col-md-12 hover shadow-lg align-self-center\" style=\"cursor: pointer;\" onclick=\"window.location='https:\/\/uca.edu.sv\/iudop\/violencia-e-inseguridad\/';\">&nbsp;<\/p>\n<h2 style=\"text-align: center;\"><span class=\"artext\"><strong>Violencia e inseguridad<\/strong><\/span><span class=\"artext\"><strong><\/strong><\/span><strong><\/strong><\/h2>\n<p>&nbsp;<\/p>\n<\/div>\n<\/div>\n<\/div>\n<p>&nbsp;<\/p>\n<\/div>\n<div class=\"col-sm-12 col-md-6\">\n<div class=\"container-fluid shadow-lg\">\n<div class=\"row\">\n<div class=\"col-sm-12 col-md-12 hover shadow-lg\" style=\"cursor: pointer;\" onclick=\"window.location='https:\/\/uca.edu.sv\/iudop\/jovenes\/';\">&nbsp;<\/p>\n<h2 style=\"text-align: center;\"><span class=\"artext\"><strong>J\u00f3venes<\/strong><\/span><span class=\"artext\"><strong><\/strong><\/span><strong><\/strong><\/h2>\n<p>&nbsp;<\/p>\n<\/div>\n<\/div>\n<\/div>\n<p>&nbsp;<\/p>\n<\/div>\n<\/div>\n<\/div>\n<div class=\"container-fluid container\">\n<div class=\"row\">\n<div class=\"col-sm-12 col-md-6\">\n<div class=\"container-fluid shadow-lg\">\n<div class=\"row\">\n<div class=\"col-sm-12 col-md-12 hover shadow-lg\" style=\"cursor: pointer;\" onclick=\"window.location='https:\/\/uca.edu.sv\/iudop\/cultura-politica\/';\">&nbsp;<\/p>\n<h2 style=\"text-align: center;\"><span class=\"artext\"><strong>Cultura pol\u00edtica<\/strong><\/span><span class=\"artext\"><strong><\/strong><\/span><strong><\/strong><\/h2>\n<p>&nbsp;<\/p>\n<\/div>\n<\/div>\n<\/div>\n<p>&nbsp;<\/p>\n<\/div>\n<div class=\"col-sm-12 col-md-6\">\n<div class=\"container-fluid shadow-lg\">\n<div class=\"row\">\n<div class=\"col-sm-12 col-md-12 hover shadow-lg\" style=\"cursor: pointer;\" onclick=\"window.location='https:\/\/uca.edu.sv\/iudop\/maras-y-pandillas\/';\">&nbsp;<\/p>\n<h2 style=\"text-align: center;\"><span class=\"artext\"><strong>Maras y pandillas<\/strong><\/span><span class=\"artext\"><strong><\/strong><\/span><strong><\/strong><\/h2>\n<p>&nbsp;<\/p>\n<\/div>\n<\/div>\n<\/div>\n<p>&nbsp;<\/p>\n<\/div>\n<\/div>\n<\/div>\n<div class=\"container-fluid container\">\n<div class=\"row\">\n<div class=\"col-sm-12 col-md-6\">\n<div class=\"container-fluid shadow-lg\">\n<div class=\"row\">\n<div class=\"col-sm-12 col-md-12 hover shadow-lg align-self-center\" style=\"cursor: pointer;\" onclick=\"window.location='https:\/\/uca.edu.sv\/iudop\/transparencia-y-corrupcion\/';\">&nbsp;<\/p>\n<h2 style=\"text-align: center;\"><span class=\"artext\"><strong>Transparencia y corrupci\u00f3n<\/strong><\/span><span class=\"artext\"><strong><\/strong><\/span><strong><\/strong><\/h2>\n<p>&nbsp;<\/p>\n<\/div>\n<\/div>\n<\/div>\n<p>&nbsp;<\/p>\n<\/div>\n<div class=\"col-sm-12 col-md-6\">\n<div class=\"container-fluid shadow-lg\">\n<div class=\"row\">\n<div class=\"col-sm-12 col-md-12 hover shadow-lg\" style=\"cursor: pointer;\" onclick=\"window.location='https:\/\/uca.edu.sv\/iudop\/armas-de-fuego\/';\">&nbsp;<\/p>\n<h2 style=\"text-align: center;\"><span class=\"artext\"><strong>Armas de fuego<\/strong><\/span><span class=\"artext\"><strong><\/strong><\/span><strong><\/strong><\/h2>\n<p>&nbsp;<\/p>\n<\/div>\n<\/div>\n<\/div>\n<p>&nbsp;<\/p>\n<\/div>\n<\/div>\n<\/div>\n<div class=\"container-fluid container \">\n<div class=\"row\">\n<div class=\"col-sm-12 col-md-6\">\n<div class=\"container-fluid shadow-lg \">\n<div class=\"row\">\n<div class=\"col-sm-12 col-md-12 hover shadow-lg\" style=\"cursor: pointer;\" onclick=\"window.location='https:\/\/uca.edu.sv\/iudop\/genero-2\/';\">&nbsp;<\/p>\n<h2 style=\"text-align: center;\"><span class=\"artext\"><strong>G\u00e9nero<\/strong><\/span><strong><\/strong><\/h2>\n<p>&nbsp;\n<\/p><\/div>\n<\/div>\n<\/div>\n<p>&nbsp;<\/p>\n<\/div>\n<div class=\"col-sm-12 col-md-6\">\n<div class=\"container-fluid shadow-lg invisible\">\n<div class=\"row\">\n<div class=\"col-sm-12 col-md-12 hover shadow-lg\" style=\"cursor: pointer;\" onclick=\"window.location='https:\/\/uca.edu.sv\/iudop\/transparencia-y-corrupcion\/';\">&nbsp;<\/p>\n<h2 style=\"text-align: center;\"><span class=\"artext\"><strong>G\u00e9nero<\/strong><\/span><strong><\/strong><\/h2>\n<p>&nbsp;<\/p>\n<\/div>\n<\/div>\n<\/div>\n<\/div>\n<\/div>\n<\/div>\n<div class=\"container-fluid mt-5 mb-5 container\">\n<div class=\"row margenes bgimg-2 blokeImg-4\" style=\"background-color: #efedee;\">\n<a href=\"https:\/\/www.wola.org\/es\/cam\/\"> <img src=\"https:\/\/uca.edu.sv\/iudop\/wp-content\/uploads\/2023\/04\/WOLA-Banner-Abril-2023.png\"><\/a>\n<\/div>\n<\/div>\n<\/div>\n","protected":false},"excerpt":{"rendered":"<p>&nbsp; &nbsp; &nbsp; &nbsp; &nbsp; Violencia e inseguridad &nbsp; &nbsp; &nbsp; J\u00f3venes &nbsp; &nbsp; &nbsp; Cultura pol\u00edtica &nbsp; &nbsp; &nbsp; Maras y pandillas &nbsp; &nbsp; &nbsp; Transparencia y corrupci\u00f3n &nbsp; &nbsp; &nbsp; Armas de fuego &nbsp; &nbsp; &nbsp; G\u00e9nero &nbsp; &nbsp; &nbsp; G\u00e9nero &nbsp;<\/p>\n","protected":false},"author":1,"featured_media":0,"parent":0,"menu_order":27,"comment_status":"closed","ping_status":"closed","template":"","meta":{"ngg_post_thumbnail":0},"_links":{"self":[{"href":"https:\/\/uca.edu.sv\/iudop\/wp-json\/wp\/v2\/pages\/472"}],"collection":[{"href":"https:\/\/uca.edu.sv\/iudop\/wp-json\/wp\/v2\/pages"}],"about":[{"href":"https:\/\/uca.edu.sv\/iudop\/wp-json\/wp\/v2\/types\/page"}],"author":[{"embeddable":true,"href":"https:\/\/uca.edu.sv\/iudop\/wp-json\/wp\/v2\/users\/1"}],"replies":[{"embeddable":true,"href":"https:\/\/uca.edu.sv\/iudop\/wp-json\/wp\/v2\/comments?post=472"}],"version-history":[{"count":156,"href":"https:\/\/uca.edu.sv\/iudop\/wp-json\/wp\/v2\/pages\/472\/revisions"}],"predecessor-version":[{"id":4312,"href":"https:\/\/uca.edu.sv\/iudop\/wp-json\/wp\/v2\/pages\/472\/revisions\/4312"}],"wp:attachment":[{"href":"https:\/\/uca.edu.sv\/iudop\/wp-json\/wp\/v2\/media?parent=472"}],"curies":[{"name":"wp","href":"https:\/\/api.w.org\/{rel}","templated":true}]}}