{"id":865,"date":"2021-01-13T15:59:39","date_gmt":"2021-01-13T15:59:39","guid":{"rendered":"https:\/\/uca.edu.sv\/iudop\/?page_id=865"},"modified":"2021-06-01T14:35:28","modified_gmt":"2021-06-01T14:35:28","slug":"cultura-politica","status":"publish","type":"page","link":"https:\/\/uca.edu.sv\/iudop\/cultura-politica\/","title":{"rendered":"Cultura pol\u00edtica"},"content":{"rendered":"<p>&nbsp;<\/p>\n\r\n    <div class=\"container\">\r\n        <div class=\"row\">\r\n            <div class=\"col\">\r\n            \r\n            <div class=\"container mb-3\">\r\n            <div class=\"row bg-color-bloke-1 rounded-lg pt-3 pb-3\">\r\n                <div class=\"col-2  pr-0 text-center\"><img class=\"rounded img-fluid\" src=\"https:\/\/uca.edu.sv\/iudop\/wp-content\/uploads\/cul10.jpg\"><\/div>\r\n                <div class=\"col-10\">\r\n                        <div class=\"d-block\"><h2 class=\"font-weight-bold\">2010<\/h3><\/div>\r\n                        <h3 class=\"font-color-bloke-1 mb-3\">Political Culture of Democracy in El Salvador, 2010. Democratic Consolidation in the Americas in Hard Times<\/h3><a href=\"https:\/\/uca.edu.sv\/iudop\/wp-content\/uploads\/cultura10ingles.pdf\" class=\"btn btn-light mr-3\">Descargar documento-ingles<\/a>\r\n                   \r\n                <\/div>\r\n            <\/div>\r\n            <\/div>\r\n            <div class=\"container mb-3\">\r\n            <div class=\"row bg-color-bloke-1 rounded-lg pt-3 pb-3\">\r\n                <div class=\"col-2  pr-0 text-center\"><img class=\"rounded img-fluid\" src=\"https:\/\/uca.edu.sv\/iudop\/wp-content\/uploads\/PortadaCMYK-i.jpg\"><\/div>\r\n                <div class=\"col-10\">\r\n                        <div class=\"d-block\"><h2 class=\"font-weight-bold\">2010<\/h3><\/div>\r\n                        <h3 class=\"font-color-bloke-1 mb-3\">Cultura pol\u00edtica de la democracia en El Salvador, 2010. Consolidaci\u00f3n democr\u00e1tica en las Am\u00e9ricas en tiempos dif\u00edciles<\/h3><a href=\"https:\/\/uca.edu.sv\/iudop\/wp-content\/uploads\/informe126.pdf\" class=\"btn btn-light mr-3\">Descargar documento-espa\u00f1ol<\/a>\r\n                   \r\n                <\/div>\r\n            <\/div>\r\n            <\/div>\r\n            <div class=\"container mb-3\">\r\n            <div class=\"row bg-color-bloke-1 rounded-lg pt-3 pb-3\">\r\n                <div class=\"col-2  pr-0 text-center\"><img class=\"rounded img-fluid\" src=\"https:\/\/uca.edu.sv\/iudop\/wp-content\/uploads\/cultura08-791x1024.jpg\"><\/div>\r\n                <div class=\"col-10\">\r\n                        <div class=\"d-block\"><h2 class=\"font-weight-bold\">2008<\/h3><\/div>\r\n                        <h3 class=\"font-color-bloke-1 mb-3\">Cultura Pol\u00edtica de la democracia en El Salvador: 2008<\/h3><a href=\"https:\/\/uca.edu.sv\/iudop\/wp-content\/uploads\/InformeESLAPOPsep08.pdf\" class=\"btn btn-light mr-3\">Descargar documento<\/a><a href=\"https:\/\/uca.edu.sv\/iudop\/wp-content\/uploads\/ElSalvadorresumenejecutivo08.pdf\" class=\"btn btn-light mr-3\">Descargar resumen ejecutivo<\/a>\r\n                   \r\n                <\/div>\r\n            <\/div>\r\n            <\/div>\r\n            <div class=\"container mb-3\">\r\n            <div class=\"row bg-color-bloke-1 rounded-lg pt-3 pb-3\">\r\n                <div class=\"col-2  pr-0 text-center\"><img class=\"rounded img-fluid\" src=\"https:\/\/uca.edu.sv\/iudop\/wp-content\/uploads\/cultura06-781x1024.jpg\"><\/div>\r\n                <div class=\"col-10\">\r\n                        <div class=\"d-block\"><h2 class=\"font-weight-bold\">2007<\/h3><\/div>\r\n                        <h3 class=\"font-color-bloke-1 mb-3\">Cultura Pol\u00edtica de la democracia en El Salvador: 2006<\/h3><a href=\"https:\/\/uca.edu.sv\/iudop\/wp-content\/uploads\/cultura2006.pdf\" class=\"btn btn-light mr-3\">Descargar documento<\/a>\r\n                   \r\n                <\/div>\r\n            <\/div>\r\n            <\/div>\r\n            <div class=\"container mb-3\">\r\n            <div class=\"row bg-color-bloke-1 rounded-lg pt-3 pb-3\">\r\n                <div class=\"col-2  pr-0 text-center\"><img class=\"rounded img-fluid\" src=\"https:\/\/uca.edu.sv\/iudop\/wp-content\/uploads\/cultura04-792x1024.jpg\"><\/div>\r\n                <div class=\"col-10\">\r\n                        <div class=\"d-block\"><h2 class=\"font-weight-bold\">2004<\/h3><\/div>\r\n                        <h3 class=\"font-color-bloke-1 mb-3\">Cultura Pol\u00edtica de la democracia en El Salvador: 2004<\/h3><a href=\"https:\/\/uca.edu.sv\/iudop\/wp-content\/uploads\/CulturaPoliticadelaDemocracia2004.pdf\" class=\"btn btn-light mr-3\">Descargar documento v1<\/a><a href=\"https:\/\/uca.edu.sv\/iudop\/wp-content\/uploads\/2021\/01\/lapop-v2.pdf\" class=\"btn btn-light mr-3\">Descargar documento v2<\/a><a href=\"https:\/\/uca.edu.sv\/iudop\/wp-content\/uploads\/2021\/01\/lapop-especial.pdf\" class=\"btn btn-light mr-3\">Descargar documento especial<\/a>\r\n                   \r\n                <\/div>\r\n            <\/div>\r\n            <\/div>\r\n            <div class=\"container mb-3\">\r\n            <div class=\"row bg-color-bloke-1 rounded-lg pt-3 pb-3\">\r\n                <div class=\"col-2  pr-0 text-center\"><img class=\"rounded img-fluid\" src=\"https:\/\/uca.edu.sv\/iudop\/wp-content\/uploads\/opac-image.pl_.png\"><\/div>\r\n                <div class=\"col-10\">\r\n                        <div class=\"d-block\"><h2 class=\"font-weight-bold\">2003<\/h3><\/div>\r\n                        <h3 class=\"font-color-bloke-1 mb-3\">Una aproximaci\u00f3n al estudio sobre las clases medias y su comportamiento pol\u00edtico<\/h3><a href=\"https:\/\/uca.edu.sv\/iudop\/wp-content\/uploads\/Una-aproximacion-al-estudio-sobre-las-clases-medias-y-su-comportamiento-politico_compressed.pdf\" class=\"btn btn-light mr-3\">Descargar libro<\/a>\r\n                   \r\n                <\/div>\r\n            <\/div>\r\n            <\/div>\r\n            <div class=\"container mb-3\">\r\n            <div class=\"row bg-color-bloke-1 rounded-lg pt-3 pb-3\">\r\n                <div class=\"col-2  pr-0 text-center\"><img class=\"rounded img-fluid\" src=\"https:\/\/uca.edu.sv\/iudop\/wp-content\/uploads\/2024\/11\/lapop1999-1.png\"><\/div>\r\n                <div class=\"col-10\">\r\n                        <div class=\"d-block\"><h2 class=\"font-weight-bold\">1999<\/h3><\/div>\r\n                        <h3 class=\"font-color-bloke-1 mb-3\">Cultura pol\u00edtica de la democracia en El Salvador. Auditor\u00eda de la Democracia El Salvador 1999<\/h3><a href=\"https:\/\/uca.edu.sv\/iudop\/wp-content\/uploads\/2024\/11\/1999-auditoria.pdf\" class=\"btn btn-light mr-3\">Descargar libro<\/a>\r\n                   \r\n                <\/div>\r\n            <\/div>\r\n            <\/div>\r\n            <\/div>\r\n        <\/div>\r\n    <\/div>\r\n    \n","protected":false},"excerpt":{"rendered":"<p>&nbsp;<\/p>\n","protected":false},"author":1,"featured_media":0,"parent":0,"menu_order":23,"comment_status":"closed","ping_status":"closed","template":"","meta":{"ngg_post_thumbnail":0},"_links":{"self":[{"href":"https:\/\/uca.edu.sv\/iudop\/wp-json\/wp\/v2\/pages\/865"}],"collection":[{"href":"https:\/\/uca.edu.sv\/iudop\/wp-json\/wp\/v2\/pages"}],"about":[{"href":"https:\/\/uca.edu.sv\/iudop\/wp-json\/wp\/v2\/types\/page"}],"author":[{"embeddable":true,"href":"https:\/\/uca.edu.sv\/iudop\/wp-json\/wp\/v2\/users\/1"}],"replies":[{"embeddable":true,"href":"https:\/\/uca.edu.sv\/iudop\/wp-json\/wp\/v2\/comments?post=865"}],"version-history":[{"count":2,"href":"https:\/\/uca.edu.sv\/iudop\/wp-json\/wp\/v2\/pages\/865\/revisions"}],"predecessor-version":[{"id":2874,"href":"https:\/\/uca.edu.sv\/iudop\/wp-json\/wp\/v2\/pages\/865\/revisions\/2874"}],"wp:attachment":[{"href":"https:\/\/uca.edu.sv\/iudop\/wp-json\/wp\/v2\/media?parent=865"}],"curies":[{"name":"wp","href":"https:\/\/api.w.org\/{rel}","templated":true}]}}