{"id":1325,"date":"2021-07-28T02:32:26","date_gmt":"2021-07-28T02:32:26","guid":{"rendered":"https:\/\/uca.edu.sv\/psicologia\/?page_id=1325"},"modified":"2021-07-28T04:35:30","modified_gmt":"2021-07-28T04:35:30","slug":"laboratorio-de-psicologia","status":"publish","type":"page","link":"https:\/\/uca.edu.sv\/psicologia\/laboratorio-de-psicologia\/","title":{"rendered":"Laboratorio de Psicolog\u00eda"},"content":{"rendered":"<p>&nbsp;<\/p>\n<div class=\"container-fluid container\">\n<div class=\"row\">\n<div class=\"col-sm-12 col-md-12\">\n<p>El Laboratorio de Psicolog\u00eda es un espacio en donde nuestros estudiantes tienen un acercamiento con la investigaci\u00f3n para fortalecer los conocimientos adquiridos en el aula a trav\u00e9s del pensamiento cient\u00edfico.<\/p>\n<p>El Laboratorio de Psicolog\u00eda de la UCA, cuenta con una c\u00e1mara Gesell, es un espacio provisto de equipos de video y audio, as\u00ed como de un espejo unidireccional anexo a un sal\u00f3n donde se puede ubicar a un grupo de observadores, analistas, expertos o aprendices, entre otros.<\/p>\n<p>&nbsp;<\/p>\n<div class=\"container-fluid\">\n<div class=\"row\">\n<div class=\"col-sm-12 col-md-4\">\n<p><img loading=\"lazy\" src=\"https:\/\/uca.edu.sv\/psicologia\/wp-content\/uploads\/2021\/07\/Gesell1-600x575.jpg\" alt=\"\" width=\"600\" height=\"575\" class=\"aligncenter wp-image-1342 size-medium\" srcset=\"https:\/\/uca.edu.sv\/psicologia\/wp-content\/uploads\/2021\/07\/Gesell1-600x575.jpg 600w, https:\/\/uca.edu.sv\/psicologia\/wp-content\/uploads\/2021\/07\/Gesell1.jpg 609w\" sizes=\"(max-width: 600px) 100vw, 600px\" \/><\/p>\n<\/div>\n<div class=\"col-sm-12 col-md-6\">\n<p>En Psicolog\u00eda se emplea para estudiar las conductas, reacciones emocionales y procesos cognitivos de las personas, tanto de forma individual como en las interacciones grupales. Se observan tanto casos reales como simulados.<\/p>\n<p>Como profesionales en psicolog\u00eda, la c\u00e1mara Gesell es un instrumento que permite la evaluaci\u00f3n de uno o m\u00e1s pacientes a nivel de comportamiento, de pensamientos y de emociones, desde una perspectiva biol\u00f3gica, psicol\u00f3gica y social, sin que la presencia del observador influya sobre el comportamiento del observado.<\/p>\n<p>La c\u00e1mara Gesell se estructura de la siguiente manera:<\/p>\n<ul>\n<li>Sala de Entrevista<\/li>\n<li>Sala de Observaci\u00f3n<\/li>\n<li>\u00c1rea de Audio y Video<\/li>\n<\/ul>\n<\/div>\n<\/div>\n<\/div>\n<hr \/>\n<div class=\"container-fluid\">\n<div class=\"row\">\n<div class=\"col-sm-12 col-md-3\">\n<p><img loading=\"lazy\" src=\"https:\/\/uca.edu.sv\/psicologia\/wp-content\/uploads\/2021\/07\/Gesell2.jpg\" alt=\"\" width=\"524\" height=\"403\" class=\"alignnone size-full wp-image-1354\" \/><\/p>\n<\/div>\n<div class=\"col-sm-12 col-md-3\">\n<p><strong>Sala de entrevista<\/strong><\/p>\n<p>Cuenta con un micr\u00f3fono imperceptible<br \/>\ny mobiliario adecuado para las personas que participaran en<br \/>\nel estudio a desarrollarse, conforme a su edad o condici\u00f3n.<br \/>\nLa sala debe ser impermeabilizada a los sonidos externos para que los participantes no escuchen las conversaciones de las partes que est\u00e1n presentes en la sala de observaci\u00f3n.<\/p>\n<\/div>\n<div class=\"col-sm-12 col-md-3\">\n<p><img loading=\"lazy\" src=\"https:\/\/uca.edu.sv\/psicologia\/wp-content\/uploads\/2021\/07\/Gesell3.jpg\" alt=\"\" width=\"488\" height=\"365\" class=\"alignnone size-full wp-image-1353\" \/><\/p>\n<\/div>\n<div class=\"col-sm-12 col-md-3\">\n<p><strong>Sala de observaci\u00f3n<\/strong><\/p>\n<p>La sala de observaci\u00f3n es el espacio donde permanecen<br \/>\nlas partes que se encuentran desarrollando o analizando el<br \/>\nestudio.<br \/>\nEsta sala cuenta con equipo de audio para la grabaci\u00f3n del estudio y el \u00e1rea de butacas o sillas.<\/p>\n<\/div>\n<\/div>\n<\/div>\n<p>&nbsp;<\/p>\n<div class=\"container-fluid\">\n<div class=\"row justify-content-md-center\">\n<div class=\"col-sm-12 col-md-4\">\n<p><img loading=\"lazy\" src=\"https:\/\/uca.edu.sv\/psicologia\/wp-content\/uploads\/2021\/07\/Gesell4.jpg\" alt=\"\" width=\"372\" height=\"358\" class=\"alignright wp-image-1352 size-full\" \/><\/p>\n<\/div>\n<div class=\"col-sm-12 col-md-4\">\n<p><strong>\u00c1rea de audio y video<\/strong><\/p>\n<p>Se encuentra ubicada en la misma sala de<br \/>\nobservaci\u00f3n; est\u00e1 \u00e1rea cuenta con equipo inform\u00e1tico y audiovisual actualizado y necesario para el desarrollo del estudio.<br \/>\nLa c\u00e1mara Gesell tambi\u00e9n cuenta con una sala de espera, es un espacio contiguo a la sala de entrevista.<\/p>\n<\/div>\n<\/div>\n<\/div>\n<p>&nbsp;<\/p>\n<p style=\"text-align: center;\"><strong><em>ESPERAMOS QUE LA C\u00c1MARA GESELL SIGA SIENDO UN INSTRUMENTO DE<\/em><\/strong><br \/>\n<strong><em>INVESTIGACI\u00d3N QUE PROPICIE EL APRENDIZAJE DE M\u00c1S GENERACIONES<\/em><\/strong><br \/>\n<strong><em>DE PSIC\u00d3LOGOS Y PSIC\u00d3LOGAS<\/em><\/strong><\/p>\n<hr \/>\n<p><img loading=\"lazy\" src=\"https:\/\/uca.edu.sv\/psicologia\/wp-content\/uploads\/2021\/07\/Gesell5-600x232.jpg\" alt=\"\" width=\"701\" height=\"271\" class=\" wp-image-1366 aligncenter\" srcset=\"https:\/\/uca.edu.sv\/psicologia\/wp-content\/uploads\/2021\/07\/Gesell5-600x232.jpg 600w, https:\/\/uca.edu.sv\/psicologia\/wp-content\/uploads\/2021\/07\/Gesell5-1024x395.jpg 1024w, https:\/\/uca.edu.sv\/psicologia\/wp-content\/uploads\/2021\/07\/Gesell5-768x297.jpg 768w, https:\/\/uca.edu.sv\/psicologia\/wp-content\/uploads\/2021\/07\/Gesell5.jpg 1225w\" sizes=\"(max-width: 701px) 100vw, 701px\" \/><\/p>\n<\/div>\n<\/div>\n<\/div>\n","protected":false},"excerpt":{"rendered":"<p>&nbsp; El Laboratorio de Psicolog\u00eda es un espacio en donde nuestros estudiantes tienen un acercamiento con la investigaci\u00f3n para fortalecer los conocimientos adquiridos en el aula a trav\u00e9s del pensamiento cient\u00edfico. El Laboratorio de Psicolog\u00eda de la UCA, cuenta con una c\u00e1mara Gesell, es un espacio provisto de equipos de video y audio, as\u00ed como [&hellip;]<\/p>\n","protected":false},"author":2,"featured_media":0,"parent":0,"menu_order":0,"comment_status":"closed","ping_status":"closed","template":"","meta":[],"_links":{"self":[{"href":"https:\/\/uca.edu.sv\/psicologia\/wp-json\/wp\/v2\/pages\/1325"}],"collection":[{"href":"https:\/\/uca.edu.sv\/psicologia\/wp-json\/wp\/v2\/pages"}],"about":[{"href":"https:\/\/uca.edu.sv\/psicologia\/wp-json\/wp\/v2\/types\/page"}],"author":[{"embeddable":true,"href":"https:\/\/uca.edu.sv\/psicologia\/wp-json\/wp\/v2\/users\/2"}],"replies":[{"embeddable":true,"href":"https:\/\/uca.edu.sv\/psicologia\/wp-json\/wp\/v2\/comments?post=1325"}],"version-history":[{"count":32,"href":"https:\/\/uca.edu.sv\/psicologia\/wp-json\/wp\/v2\/pages\/1325\/revisions"}],"predecessor-version":[{"id":1375,"href":"https:\/\/uca.edu.sv\/psicologia\/wp-json\/wp\/v2\/pages\/1325\/revisions\/1375"}],"wp:attachment":[{"href":"https:\/\/uca.edu.sv\/psicologia\/wp-json\/wp\/v2\/media?parent=1325"}],"curies":[{"name":"wp","href":"https:\/\/api.w.org\/{rel}","templated":true}]}}