{"id":1332,"date":"2021-07-28T03:38:22","date_gmt":"2021-07-28T03:38:22","guid":{"rendered":"https:\/\/uca.edu.sv\/psicologia\/?page_id=1332"},"modified":"2021-07-28T04:03:55","modified_gmt":"2021-07-28T04:03:55","slug":"quiero-ser-voluntario","status":"publish","type":"page","link":"https:\/\/uca.edu.sv\/psicologia\/quiero-ser-voluntario\/","title":{"rendered":"Quiero ser voluntario"},"content":{"rendered":"<p>&nbsp;<\/p>\n<div class=\"container-fluid container\">\n<div class=\"row\">\n<div class=\"col-sm-12 col-md-10\">\n<h3><strong>\u00bfC\u00f3mo puedo ser voluntario en la Cl\u00ednica de asistencia psicol\u00f3gica?<\/strong><\/h3>\n<p>Se puede ser voluntario en Psicoterapia, evaluaci\u00f3n y terapia educativa.<\/p>\n<p>Requisitos\u00a0para ser aceptado como voluntario:<\/p>\n<ul>\n<li>Haber cursado las materias de Tratamiento psicol\u00f3gico en la ni\u00f1ez y adolescencia para atender ni\u00f1os y adolescentes, y Tratamiento psicol\u00f3gico en la adultez y vejez para atender pacientes adultos; M\u00e9todos de evaluaci\u00f3n I, para realizar evaluaciones psicoeducativas y terapia educativa con ni\u00f1os.<\/li>\n<li>Haber aprobado tales materias con un m\u00ednimo de nota de 8.0<\/li>\n<li>Tener la recomendaci\u00f3n del terapeuta de la cl\u00ednica que supervis\u00f3 su pr\u00e1ctica.<\/li>\n<li>Establecer el compromiso expl\u00edcito de atender al paciente una vez por semana ( dos en terapia educativa), por el tiempo necesario hasta finalizar el proceso en funci\u00f3n de haber logrado los objetivos terap\u00e9uticos, y de cumplir las normas de de la cl\u00ednica.<\/li>\n<li>Compromiso de participar en un grupo de supervisi\u00f3n semanal seg\u00fan el \u00e1rea en la que est\u00e1 realizando el voluntariado.<\/li>\n<\/ul>\n<p>La solicitud para ser voluntario puede hacerse por medio del terapeuta que supervis\u00f3 la pr\u00e1ctica de la materia af\u00edn al voluntariado o directamente con la coordinaci\u00f3n.<\/p>\n<hr \/>\n<h3><strong>\u00bfC\u00f3mo puedo realizar mis horas sociales en la Cl\u00ednica de asistencia psicol\u00f3gica?<\/strong><\/h3>\n<p>Las horas sociales pueden realizarse en dos actividades: evaluaci\u00f3n\u00a0 y terapia educativa, previo tr\u00e1mite con la Oficina de Servicio social de la universidad.<\/p>\n<p>Los requisitos son similares al voluntariado para estas actividades.<\/p>\n<hr \/>\n<p>&nbsp;<\/p>\n<p><strong>Para m\u00e1s informaci\u00f3n escribir a clinica.psicologica@uca.edu.sv o llama al 2210-6600 Ext.429<\/strong><\/p>\n<\/div>\n<\/div>\n<\/div>\n","protected":false},"excerpt":{"rendered":"<p>&nbsp; \u00bfC\u00f3mo puedo ser voluntario en la Cl\u00ednica de asistencia psicol\u00f3gica? Se puede ser voluntario en Psicoterapia, evaluaci\u00f3n y terapia educativa. Requisitos\u00a0para ser aceptado como voluntario: Haber cursado las materias de Tratamiento psicol\u00f3gico en la ni\u00f1ez y adolescencia para atender ni\u00f1os y adolescentes, y Tratamiento psicol\u00f3gico en la adultez y vejez para atender pacientes adultos; [&hellip;]<\/p>\n","protected":false},"author":2,"featured_media":0,"parent":0,"menu_order":0,"comment_status":"closed","ping_status":"closed","template":"","meta":[],"_links":{"self":[{"href":"https:\/\/uca.edu.sv\/psicologia\/wp-json\/wp\/v2\/pages\/1332"}],"collection":[{"href":"https:\/\/uca.edu.sv\/psicologia\/wp-json\/wp\/v2\/pages"}],"about":[{"href":"https:\/\/uca.edu.sv\/psicologia\/wp-json\/wp\/v2\/types\/page"}],"author":[{"embeddable":true,"href":"https:\/\/uca.edu.sv\/psicologia\/wp-json\/wp\/v2\/users\/2"}],"replies":[{"embeddable":true,"href":"https:\/\/uca.edu.sv\/psicologia\/wp-json\/wp\/v2\/comments?post=1332"}],"version-history":[{"count":8,"href":"https:\/\/uca.edu.sv\/psicologia\/wp-json\/wp\/v2\/pages\/1332\/revisions"}],"predecessor-version":[{"id":1341,"href":"https:\/\/uca.edu.sv\/psicologia\/wp-json\/wp\/v2\/pages\/1332\/revisions\/1341"}],"wp:attachment":[{"href":"https:\/\/uca.edu.sv\/psicologia\/wp-json\/wp\/v2\/media?parent=1332"}],"curies":[{"name":"wp","href":"https:\/\/api.w.org\/{rel}","templated":true}]}}