{"id":137,"date":"2020-12-14T15:59:58","date_gmt":"2020-12-14T15:59:58","guid":{"rendered":"https:\/\/uca.edu.sv\/psicologia\/?page_id=137"},"modified":"2025-11-12T15:27:09","modified_gmt":"2025-11-12T15:27:09","slug":"personal-administrativo","status":"publish","type":"page","link":"https:\/\/uca.edu.sv\/psicologia\/personal-administrativo\/","title":{"rendered":"Personal administrativo"},"content":{"rendered":"<p>&nbsp;<\/p>\n<p>&nbsp;<\/p>\n<div class=\"container-fluid container\">\n<div class=\"row justify-content-md-center\">\n<div class=\"col-sm-12 col-md-4\">\n<h6 style=\"text-align: center;\"><img loading=\"lazy\" src=\"https:\/\/uca.edu.sv\/psicologia\/wp-content\/uploads\/2023\/01\/mercy-burgos-600x600.jpg\" alt=\"\" width=\"177\" height=\"177\" class=\"rounded-circle wp-image-1705 aligncenter\" srcset=\"https:\/\/uca.edu.sv\/psicologia\/wp-content\/uploads\/2023\/01\/mercy-burgos-600x600.jpg 600w, https:\/\/uca.edu.sv\/psicologia\/wp-content\/uploads\/2023\/01\/mercy-burgos-300x300.jpg 300w, https:\/\/uca.edu.sv\/psicologia\/wp-content\/uploads\/2023\/01\/mercy-burgos.jpg 732w\" sizes=\"(max-width: 177px) 100vw, 177px\" \/><\/h6>\n<h3 style=\"text-align: center;\"><span style=\"color: #33cccc;\"><strong>Mercedes Rodr\u00edguez Burgos<\/strong><\/span><\/h3>\n<h6 style=\"text-align: center;\"><span style=\"color: #808080;\">Jefa, Departamento de Psicolog\u00eda y Salud P\u00fablica<\/span><\/h6>\n<h6 style=\"text-align: center;\"><img loading=\"lazy\" src=\"https:\/\/uca.edu.sv\/psicologia\/wp-content\/uploads\/2021\/01\/iconfinder_mail_1814108.png\" alt=\"\" width=\"30\" height=\"30\" class=\"alignnone wp-image-244\" srcset=\"https:\/\/uca.edu.sv\/psicologia\/wp-content\/uploads\/2021\/01\/iconfinder_mail_1814108.png 512w, https:\/\/uca.edu.sv\/psicologia\/wp-content\/uploads\/2021\/01\/iconfinder_mail_1814108-300x300.png 300w\" sizes=\"(max-width: 30px) 100vw, 30px\" \/><a href=\"mdburgos@uca.edu.sv\">mdburgos@uca.edu.sv<\/a><\/h6>\n<h6 style=\"text-align: center;\"><img loading=\"lazy\" src=\"https:\/\/uca.edu.sv\/psicologia\/wp-content\/uploads\/2021\/01\/iconfinder_mail_1814108.png\" alt=\"\" width=\"30\" height=\"30\" class=\"alignnone wp-image-244\" srcset=\"https:\/\/uca.edu.sv\/psicologia\/wp-content\/uploads\/2021\/01\/iconfinder_mail_1814108.png 512w, https:\/\/uca.edu.sv\/psicologia\/wp-content\/uploads\/2021\/01\/iconfinder_mail_1814108-300x300.png 300w\" sizes=\"(max-width: 30px) 100vw, 30px\" \/><a href=\"mailto:depto.psicologiaysaludpublica@uca.edu.sv\">depto.psicologiaysaludpublica@uca.edu.sv\u00a0<\/a><\/h6>\n<\/div>\n<div class=\"col-sm-12 col-md-4\">\n<h6 style=\"text-align: center;\"><img loading=\"lazy\" src=\"https:\/\/uca.edu.sv\/psicologia\/wp-content\/uploads\/2021\/01\/Lucy-Cano.jpg\" alt=\"\" width=\"170\" height=\"171\" class=\"wp-image-277 aligncenter rounded-circle\" srcset=\"https:\/\/uca.edu.sv\/psicologia\/wp-content\/uploads\/2021\/01\/Lucy-Cano.jpg 390w, https:\/\/uca.edu.sv\/psicologia\/wp-content\/uploads\/2021\/01\/Lucy-Cano-300x300.jpg 300w\" sizes=\"(max-width: 170px) 100vw, 170px\" \/><\/h6>\n<h3 style=\"text-align: center;\"><span style=\"color: #33cccc;\"><strong>Lucila Cano<\/strong><\/span><\/h3>\n<h6 style=\"text-align: center;\"><span style=\"color: #808080;\">Directora, Licenciatura en Psicolog\u00eda.<\/span><\/h6>\n<h6 style=\"text-align: center;\"><span style=\"color: #808080;\">Acad\u00e9mica, Departamento de Psicolog\u00eda y Salud P\u00fablica<\/span><\/h6>\n<h6 style=\"text-align: center;\"><img loading=\"lazy\" src=\"https:\/\/uca.edu.sv\/psicologia\/wp-content\/uploads\/2021\/01\/iconfinder_mail_1814108.png\" alt=\"\" width=\"30\" height=\"30\" class=\"alignnone wp-image-244\" srcset=\"https:\/\/uca.edu.sv\/psicologia\/wp-content\/uploads\/2021\/01\/iconfinder_mail_1814108.png 512w, https:\/\/uca.edu.sv\/psicologia\/wp-content\/uploads\/2021\/01\/iconfinder_mail_1814108-300x300.png 300w\" sizes=\"(max-width: 30px) 100vw, 30px\" \/><a href=\"mailto:lcano@uca.edu.sv\">lcano@uca.edu.sv<\/a><\/h6>\n<p>&nbsp;<\/p>\n<\/div>\n<div class=\"col-sm-12 col-md-4\">\n<h6 style=\"text-align: center;\"><img loading=\"lazy\" src=\"https:\/\/uca.edu.sv\/psicologia\/wp-content\/uploads\/2025\/01\/Foto-CIO_2024-e1736202913108-573x600.jpg\" alt=\"\" width=\"181\" height=\"190\" class=\"rounded-circle alignnone wp-image-1949 \" srcset=\"https:\/\/uca.edu.sv\/psicologia\/wp-content\/uploads\/2025\/01\/Foto-CIO_2024-e1736202913108-573x600.jpg 573w, https:\/\/uca.edu.sv\/psicologia\/wp-content\/uploads\/2025\/01\/Foto-CIO_2024-e1736202913108.jpg 584w\" sizes=\"(max-width: 181px) 100vw, 181px\" \/><\/h6>\n<h3 style=\"text-align: center;\"><span style=\"color: #33cccc;\"><b>Carlos Iv\u00e1n Orellana<\/b><\/span><\/h3>\n<h6 style=\"text-align: center;\"><span style=\"color: #808080;\">Director, Maestr\u00eda en Intervenci\u00f3n Social<\/span><\/h6>\n<h6 style=\"text-align: center;\"><img loading=\"lazy\" src=\"https:\/\/uca.edu.sv\/psicologia\/wp-content\/uploads\/2021\/01\/iconfinder_mail_1814108.png\" alt=\"\" width=\"30\" height=\"30\" class=\"alignnone wp-image-244\" srcset=\"https:\/\/uca.edu.sv\/psicologia\/wp-content\/uploads\/2021\/01\/iconfinder_mail_1814108.png 512w, https:\/\/uca.edu.sv\/psicologia\/wp-content\/uploads\/2021\/01\/iconfinder_mail_1814108-300x300.png 300w\" sizes=\"(max-width: 30px) 100vw, 30px\" \/><a href=\"corellana@uca.edu.sv\">corellana@uca.edu.sv<\/a><\/h6>\n<\/div>\n<div class=\"col-sm-12 col-md-4\">\n<h6 style=\"text-align: center;\"><img loading=\"lazy\" src=\"https:\/\/uca.edu.sv\/psicologia\/wp-content\/uploads\/2021\/03\/logo-300x300.jpg\" alt=\"\" width=\"170\" height=\"170\" class=\"aligncenter wp-image-394\" srcset=\"https:\/\/uca.edu.sv\/psicologia\/wp-content\/uploads\/2021\/03\/logo-300x300.jpg 300w, https:\/\/uca.edu.sv\/psicologia\/wp-content\/uploads\/2021\/03\/logo-600x600.jpg 600w, https:\/\/uca.edu.sv\/psicologia\/wp-content\/uploads\/2021\/03\/logo-1024x1024.jpg 1024w, https:\/\/uca.edu.sv\/psicologia\/wp-content\/uploads\/2021\/03\/logo-768x768.jpg 768w, https:\/\/uca.edu.sv\/psicologia\/wp-content\/uploads\/2021\/03\/logo.jpg 1191w\" sizes=\"(max-width: 170px) 100vw, 170px\" \/><\/h6>\n<h3 style=\"text-align: center;\"><span style=\"color: #33cccc;\"><strong>Karla Chinchilla<\/strong><\/span><\/h3>\n<h6 style=\"text-align: center;\"><span style=\"color: #808080;\">Asistente Administrativa,<\/span><\/h6>\n<h6 style=\"text-align: center;\"><span style=\"color: #808080;\">Departamento de Psicolog\u00eda y Salud P\u00fablica<\/span><\/h6>\n<h6 style=\"text-align: center;\"><img loading=\"lazy\" src=\"https:\/\/uca.edu.sv\/psicologia\/wp-content\/uploads\/2021\/01\/iconfinder_mail_1814108.png\" alt=\"\" width=\"30\" height=\"30\" class=\"alignnone wp-image-244\" srcset=\"https:\/\/uca.edu.sv\/psicologia\/wp-content\/uploads\/2021\/01\/iconfinder_mail_1814108.png 512w, https:\/\/uca.edu.sv\/psicologia\/wp-content\/uploads\/2021\/01\/iconfinder_mail_1814108-300x300.png 300w\" sizes=\"(max-width: 30px) 100vw, 30px\" \/><a href=\"mailto:kpchinchilla@uca.edu.sv\">kpchinchilla@uca.edu.sv\u00a0<\/a><\/h6>\n<h6 style=\"text-align: center;\"><img loading=\"lazy\" src=\"https:\/\/uca.edu.sv\/psicologia\/wp-content\/uploads\/2021\/01\/iconfinder_mail_1814108.png\" alt=\"\" width=\"30\" height=\"30\" class=\"alignnone wp-image-244\" srcset=\"https:\/\/uca.edu.sv\/psicologia\/wp-content\/uploads\/2021\/01\/iconfinder_mail_1814108.png 512w, https:\/\/uca.edu.sv\/psicologia\/wp-content\/uploads\/2021\/01\/iconfinder_mail_1814108-300x300.png 300w\" sizes=\"(max-width: 30px) 100vw, 30px\" \/><a href=\"mailto:depto.psicologiaysaludpublica@uca.edu.sv\">depto.psicologiaysaludpublica@uca.edu.sv\u00a0<\/a><\/h6>\n<\/div>\n<div class=\"col-sm-12 col-md-4\">\n<h6 style=\"text-align: center;\"><img loading=\"lazy\" src=\"https:\/\/uca.edu.sv\/psicologia\/wp-content\/uploads\/2021\/09\/Yanet.jpg\" alt=\"\" width=\"169\" height=\"169\" class=\"wp-image-1455 rounded-circle aligncenter\" srcset=\"https:\/\/uca.edu.sv\/psicologia\/wp-content\/uploads\/2021\/09\/Yanet.jpg 382w, https:\/\/uca.edu.sv\/psicologia\/wp-content\/uploads\/2021\/09\/Yanet-300x300.jpg 300w\" sizes=\"(max-width: 169px) 100vw, 169px\" \/><\/h6>\n<h3 style=\"text-align: center;\"><span style=\"color: #33cccc;\"><strong>Yanet Guti\u00e9rrez<\/strong><\/span><\/h3>\n<h6 style=\"text-align: center;\"><span style=\"color: #808080;\">Secretaria,<\/span><\/h6>\n<h6 style=\"text-align: center;\"><span style=\"color: #808080;\">Departamento de Psicolog\u00eda y Salud P\u00fablica<\/span><\/h6>\n<h6 style=\"text-align: center;\"><img loading=\"lazy\" src=\"https:\/\/uca.edu.sv\/psicologia\/wp-content\/uploads\/2021\/01\/iconfinder_mail_1814108.png\" alt=\"\" width=\"30\" height=\"30\" class=\"alignnone wp-image-244\" srcset=\"https:\/\/uca.edu.sv\/psicologia\/wp-content\/uploads\/2021\/01\/iconfinder_mail_1814108.png 512w, https:\/\/uca.edu.sv\/psicologia\/wp-content\/uploads\/2021\/01\/iconfinder_mail_1814108-300x300.png 300w\" sizes=\"(max-width: 30px) 100vw, 30px\" \/><a href=\"mailto:agutierrez@uca.edu.sv\">agutierrez@uca.edu.sv<\/a><\/h6>\n<\/div>\n<div class=\"col-sm-12 col-md-4\">\n<h3 style=\"text-align: center;\"><span style=\"color: #33cccc;\"><strong><img loading=\"lazy\" src=\"https:\/\/uca.edu.sv\/psicologia\/wp-content\/uploads\/2021\/03\/logo-600x600.jpg\" alt=\"\" width=\"170\" height=\"170\" class=\"aligncenter wp-image-394\" srcset=\"https:\/\/uca.edu.sv\/psicologia\/wp-content\/uploads\/2021\/03\/logo-600x600.jpg 600w, https:\/\/uca.edu.sv\/psicologia\/wp-content\/uploads\/2021\/03\/logo-1024x1024.jpg 1024w, https:\/\/uca.edu.sv\/psicologia\/wp-content\/uploads\/2021\/03\/logo-300x300.jpg 300w, https:\/\/uca.edu.sv\/psicologia\/wp-content\/uploads\/2021\/03\/logo-768x768.jpg 768w, https:\/\/uca.edu.sv\/psicologia\/wp-content\/uploads\/2021\/03\/logo.jpg 1191w\" sizes=\"(max-width: 170px) 100vw, 170px\" \/><\/strong><\/span><\/h3>\n<h3 style=\"text-align: center;\"><span style=\"color: #33cccc;\"><strong>Mar\u00eda Pe\u00f1ate<\/strong><\/span><\/h3>\n<h6 style=\"text-align: center;\"><span style=\"color: #808080;\">Encargada, Laboratorio de Psicolog\u00eda<\/span><\/h6>\n<h6 style=\"text-align: center;\"><img loading=\"lazy\" src=\"https:\/\/uca.edu.sv\/psicologia\/wp-content\/uploads\/2021\/01\/iconfinder_mail_1814108.png\" alt=\"\" width=\"30\" height=\"30\" class=\"alignnone wp-image-244\" srcset=\"https:\/\/uca.edu.sv\/psicologia\/wp-content\/uploads\/2021\/01\/iconfinder_mail_1814108.png 512w, https:\/\/uca.edu.sv\/psicologia\/wp-content\/uploads\/2021\/01\/iconfinder_mail_1814108-300x300.png 300w\" sizes=\"(max-width: 30px) 100vw, 30px\" \/><a href=\"mailto:agutierrez@uca.edu.sv\">mpenate@uca.edu.sv<\/a><\/h6>\n<\/div>\n<div class=\"col-sm-12 col-md-4\">\n<h6 style=\"text-align: center;\"><\/h6>\n<\/div>\n<div class=\"col-sm-12 col-md-4\">\n<h6 style=\"text-align: center;\"><img loading=\"lazy\" src=\"https:\/\/uca.edu.sv\/psicologia\/wp-content\/uploads\/2021\/03\/logo-300x300.jpg\" alt=\"\" width=\"170\" height=\"170\" class=\"aligncenter wp-image-394\" srcset=\"https:\/\/uca.edu.sv\/psicologia\/wp-content\/uploads\/2021\/03\/logo-300x300.jpg 300w, https:\/\/uca.edu.sv\/psicologia\/wp-content\/uploads\/2021\/03\/logo-600x600.jpg 600w, https:\/\/uca.edu.sv\/psicologia\/wp-content\/uploads\/2021\/03\/logo-1024x1024.jpg 1024w, https:\/\/uca.edu.sv\/psicologia\/wp-content\/uploads\/2021\/03\/logo-768x768.jpg 768w, https:\/\/uca.edu.sv\/psicologia\/wp-content\/uploads\/2021\/03\/logo.jpg 1191w\" sizes=\"(max-width: 170px) 100vw, 170px\" \/><\/h6>\n<h3 style=\"text-align: center;\"><span style=\"color: #33cccc;\"><strong>Zoila Guadalupe Hern\u00e1ndez<\/strong><\/span><\/h3>\n<h6 style=\"text-align: center;\"><span style=\"color: #808080;\">Asistente Administrativa,<\/span><\/h6>\n<h6 style=\"text-align: center;\"><span style=\"color: #808080;\">Maestr\u00eda en Intervenci\u00f3n Social<\/span><\/h6>\n<h6 style=\"text-align: center;\"><img loading=\"lazy\" src=\"https:\/\/uca.edu.sv\/psicologia\/wp-content\/uploads\/2021\/01\/iconfinder_mail_1814108.png\" alt=\"\" width=\"30\" height=\"30\" class=\"alignnone wp-image-244\" srcset=\"https:\/\/uca.edu.sv\/psicologia\/wp-content\/uploads\/2021\/01\/iconfinder_mail_1814108.png 512w, https:\/\/uca.edu.sv\/psicologia\/wp-content\/uploads\/2021\/01\/iconfinder_mail_1814108-300x300.png 300w\" sizes=\"(max-width: 30px) 100vw, 30px\" \/><a href=\"zhernandez@uca.edu.sv\">zhernandez@uca.edu.sv<\/a><a href=\"mailto:dmmorales@uca.edu.sv\"><\/a><\/h6>\n<h6 style=\"text-align: center;\"><img loading=\"lazy\" src=\"https:\/\/uca.edu.sv\/psicologia\/wp-content\/uploads\/2021\/01\/iconfinder_mail_1814108.png\" alt=\"\" width=\"30\" height=\"30\" class=\"alignnone wp-image-244\" style=\"font-size: 1rem;\" srcset=\"https:\/\/uca.edu.sv\/psicologia\/wp-content\/uploads\/2021\/01\/iconfinder_mail_1814108.png 512w, https:\/\/uca.edu.sv\/psicologia\/wp-content\/uploads\/2021\/01\/iconfinder_mail_1814108-300x300.png 300w\" sizes=\"(max-width: 30px) 100vw, 30px\" \/><a href=\"mailto:maestria.intervencionsocial@uca.edu.sv\">maestria.intervencionsocial@uca.edu.sv\u00a0<\/a><\/h6>\n<h6 style=\"text-align: center;\"><\/h6>\n<h6 style=\"text-align: center;\"><a href=\"mailto:rdelgado@uca.edu.sv\">\u00a0<\/a><\/h6>\n<\/div>\n<div class=\"col-sm-12 col-md-4\">\n<p>&nbsp;<\/p>\n<\/div>\n<\/div>\n<\/div>\n","protected":false},"excerpt":{"rendered":"<p>&nbsp; &nbsp; Mercedes Rodr\u00edguez Burgos Jefa, Departamento de Psicolog\u00eda y Salud P\u00fablica mdburgos@uca.edu.sv depto.psicologiaysaludpublica@uca.edu.sv\u00a0 Lucila Cano Directora, Licenciatura en Psicolog\u00eda. Acad\u00e9mica, Departamento de Psicolog\u00eda y Salud P\u00fablica lcano@uca.edu.sv &nbsp; Carlos Iv\u00e1n Orellana Director, Maestr\u00eda en Intervenci\u00f3n Social corellana@uca.edu.sv Karla Chinchilla Asistente Administrativa, Departamento de Psicolog\u00eda y Salud P\u00fablica kpchinchilla@uca.edu.sv\u00a0 depto.psicologiaysaludpublica@uca.edu.sv\u00a0 Yanet Guti\u00e9rrez Secretaria, Departamento de [&hellip;]<\/p>\n","protected":false},"author":1,"featured_media":0,"parent":0,"menu_order":0,"comment_status":"closed","ping_status":"closed","template":"","meta":[],"_links":{"self":[{"href":"https:\/\/uca.edu.sv\/psicologia\/wp-json\/wp\/v2\/pages\/137"}],"collection":[{"href":"https:\/\/uca.edu.sv\/psicologia\/wp-json\/wp\/v2\/pages"}],"about":[{"href":"https:\/\/uca.edu.sv\/psicologia\/wp-json\/wp\/v2\/types\/page"}],"author":[{"embeddable":true,"href":"https:\/\/uca.edu.sv\/psicologia\/wp-json\/wp\/v2\/users\/1"}],"replies":[{"embeddable":true,"href":"https:\/\/uca.edu.sv\/psicologia\/wp-json\/wp\/v2\/comments?post=137"}],"version-history":[{"count":46,"href":"https:\/\/uca.edu.sv\/psicologia\/wp-json\/wp\/v2\/pages\/137\/revisions"}],"predecessor-version":[{"id":2057,"href":"https:\/\/uca.edu.sv\/psicologia\/wp-json\/wp\/v2\/pages\/137\/revisions\/2057"}],"wp:attachment":[{"href":"https:\/\/uca.edu.sv\/psicologia\/wp-json\/wp\/v2\/media?parent=137"}],"curies":[{"name":"wp","href":"https:\/\/api.w.org\/{rel}","templated":true}]}}