{"id":1558,"date":"2022-03-21T19:52:05","date_gmt":"2022-03-21T19:52:05","guid":{"rendered":"https:\/\/uca.edu.sv\/psicologia\/?page_id=1558"},"modified":"2022-04-25T21:06:48","modified_gmt":"2022-04-25T21:06:48","slug":"semana-del-cerebro","status":"publish","type":"page","link":"https:\/\/uca.edu.sv\/psicologia\/semana-del-cerebro\/","title":{"rendered":"Semana del cerebro 2022"},"content":{"rendered":"<p>&nbsp;<\/p>\n<div class=\"container-fluid container\">\n<div class=\"row justify-content-md-center\">\n<div class=\"col-sm-12 col-md-8\">\n<h3 style=\"text-align: center;\"><strong>Bienvenidos y bienvenidas a la Semana del Cerebro UCA 2022<\/strong><\/h3>\n<\/div>\n<\/div>\n<\/div>\n<p>&nbsp;<\/p>\n<div class=\"container-fluid container\">\n<div class=\"row justify-content-md-center\">\n<div class=\"col-sm-12 col-md-9\">\n<p><span style=\"color: #808080;\">La Semana del Cerebro o Brain Awareness Week se celebra en diferentes universidades, hospitales y organizaciones educativas alrededor del mundo. La primera Brain Awareness Week se celebr\u00f3 en el a\u00f1o 1996, organizada por la Fundaci\u00f3n Dana (Dana.org), con el objetivo de educar sobre el cerebro y sensibilizar sobre c\u00f3mo protegerlo.<\/span><\/p>\n<p><span style=\"color: #808080;\">A trav\u00e9s del Departamento de Psicolog\u00eda y Salud P\u00fablica, la UCA ha participado en esta celebraci\u00f3n mundial <a href=\"https:\/\/drive.google.com\/file\/d\/1rcbQOZ3y6xhOlhpjUL4Ee6kvcEyIsTYV\/view\" target=\"_blank\" rel=\"noopener\">desde el a\u00f1o 2010<\/a>. La participaci\u00f3n de toda la comunidad universitaria ha sido clave para el exitoso desarrollo de las actividades programadas. En el pasado, estudiantes de la licenciatura de Psicolog\u00eda han presentado sus investigaciones bibliogr\u00e1ficas sobre neurociencias y salud cerebral en la \u201cFeria del Cerebro\u201d. Tambi\u00e9n, se ha contado con la participaci\u00f3n de profesionales nacionales e internacionales afines a las neurociencias, a trav\u00e9s de conferencias. Estos eventos han servido para educar y distribuir material informativo sobre el cerebro al p\u00fablico general. \u00a0<\/span><\/p>\n<p><span style=\"color: #808080;\">Luego de la pausa impuesta por la pandemia por COVID-19, este a\u00f1o retomamos la celebraci\u00f3n de la Semana del Cerebro UCA. Con el apoyo de la Fundaci\u00f3n Dana y la International Brain Research Organization (IBRO), la UCA se une a m\u00e1s de 120 pa\u00edses en el mundo que celebran la salud cerebral y la educaci\u00f3n sobre nuestros cerebros, tan maravillosos y diversos.<\/span><\/p>\n<p><span style=\"color: #808080;\">Toda la comunidad UCA (estudiantes, docentes, amistades de la universidad) est\u00e1 invitada a acompa\u00f1arnos <\/span><strong><span style=\"color: #0000ff;\">(ver enlaces abajo)<\/span><span style=\"color: #808080;\">:<\/span><\/strong><\/p>\n<p><strong><span style=\"color: #808080;\"><u>Lunes 28 a mi\u00e9rcoles 30 de marzo<\/u><\/span><\/strong><\/p>\n<p><span style=\"color: #808080;\"><em>Exposici\u00f3n virtual de afiches educativos<\/em><\/span><\/p>\n<p><strong><span style=\"color: #808080;\"><u>Jueves 31 de marzo, <\/u><u>3:30 p.m.<\/u><\/span><\/strong><\/p>\n<p><span style=\"color: #808080;\"><em>Conversatorio sobre COVID y cerebro<\/em><\/span><\/p>\n<p><span style=\"color: #808080;\">Invitados:<\/span><\/p>\n<ul>\n<li><span style=\"color: #808080;\">Dra. Susana Pe\u00f1a (neur\u00f3loga, Hospital Nacional Rosales\/Hospital San Rafael)<\/span><\/li>\n<li><span style=\"color: #808080;\">Dr. Mauricio Blanco-Molina (psic\u00f3logo y geront\u00f3logo, Universidad Nacional de Costa Rica)<\/span><\/li>\n<\/ul>\n<p><strong><span style=\"color: #808080;\"><u>Viernes 1\u00ba de abril,\u00a02:00\u00a0p.m.<\/u><\/span><\/strong><\/p>\n<p><span style=\"color: #808080;\"><em>Conferencia: \u201cMedicina Conductual: el papel de la psicolog\u00eda en los equipos interdisciplinarios de salud\u201d<\/em><\/span><\/p>\n<p><span style=\"color: #808080;\">Imparte:<\/span><\/p>\n<ul>\n<li><span style=\"color: #808080;\">Dra. Rebeca Castellanos (psic\u00f3loga cl\u00ednica y de la salud, Universidad M\u00e9dica de Carolina del Sur, EEUU.<\/span><\/li>\n<\/ul>\n<hr \/>\n<\/div>\n<\/div>\n<\/div>\n<p>&nbsp;<\/p>\n<div class=\"container-fluid container\">\n<div class=\"row\">\n<div class=\"col-sm-12 col-md-4\">\n<p><a href=\"https:\/\/uca.edu.sv\/psicologia\/exposicion-virtual-de-afiches-educativos\/\" target=\"_blank\" rel=\"noopener\"><img loading=\"lazy\" src=\"https:\/\/uca.edu.sv\/psicologia\/wp-content\/uploads\/2022\/03\/Portada-enlace-afiches-BAW-600x337.jpg\" alt=\"\" width=\"600\" height=\"337\" class=\"alignnone wp-image-1567 size-medium\" srcset=\"https:\/\/uca.edu.sv\/psicologia\/wp-content\/uploads\/2022\/03\/Portada-enlace-afiches-BAW-600x337.jpg 600w, https:\/\/uca.edu.sv\/psicologia\/wp-content\/uploads\/2022\/03\/Portada-enlace-afiches-BAW-1024x576.jpg 1024w, https:\/\/uca.edu.sv\/psicologia\/wp-content\/uploads\/2022\/03\/Portada-enlace-afiches-BAW-768x432.jpg 768w, https:\/\/uca.edu.sv\/psicologia\/wp-content\/uploads\/2022\/03\/Portada-enlace-afiches-BAW.jpg 1124w\" sizes=\"(max-width: 600px) 100vw, 600px\" \/><\/a><\/p>\n<\/div>\n<div class=\"col-sm-12 col-md-4\">\n<p><a href=\"https:\/\/www.youtube.com\/watch?v=hyfThj55dIQ\" target=\"_blank\" rel=\"noopener\"><img loading=\"lazy\" src=\"https:\/\/uca.edu.sv\/psicologia\/wp-content\/uploads\/2022\/03\/Portada-enlace-conversatorio-31-de-marzo-600x337.jpg\" alt=\"\" width=\"600\" height=\"337\" class=\"alignnone wp-image-1568 size-medium\" srcset=\"https:\/\/uca.edu.sv\/psicologia\/wp-content\/uploads\/2022\/03\/Portada-enlace-conversatorio-31-de-marzo-600x337.jpg 600w, https:\/\/uca.edu.sv\/psicologia\/wp-content\/uploads\/2022\/03\/Portada-enlace-conversatorio-31-de-marzo-1024x576.jpg 1024w, https:\/\/uca.edu.sv\/psicologia\/wp-content\/uploads\/2022\/03\/Portada-enlace-conversatorio-31-de-marzo-768x432.jpg 768w, https:\/\/uca.edu.sv\/psicologia\/wp-content\/uploads\/2022\/03\/Portada-enlace-conversatorio-31-de-marzo.jpg 1124w\" sizes=\"(max-width: 600px) 100vw, 600px\" \/><\/a><\/p>\n<\/div>\n<div class=\"col-sm-12 col-md-4\">\n<p><a href=\"https:\/\/www.youtube.com\/watch?v=mlUa5Nb4gnw\" target=\"_blank\" rel=\"noopener\"><img loading=\"lazy\" src=\"https:\/\/uca.edu.sv\/psicologia\/wp-content\/uploads\/2022\/03\/Portada-enlace-conferencia-1-de-abril-600x337.jpg\" alt=\"\" width=\"600\" height=\"337\" class=\"alignnone wp-image-1569 size-medium\" srcset=\"https:\/\/uca.edu.sv\/psicologia\/wp-content\/uploads\/2022\/03\/Portada-enlace-conferencia-1-de-abril-600x337.jpg 600w, https:\/\/uca.edu.sv\/psicologia\/wp-content\/uploads\/2022\/03\/Portada-enlace-conferencia-1-de-abril-1024x576.jpg 1024w, https:\/\/uca.edu.sv\/psicologia\/wp-content\/uploads\/2022\/03\/Portada-enlace-conferencia-1-de-abril-768x432.jpg 768w, https:\/\/uca.edu.sv\/psicologia\/wp-content\/uploads\/2022\/03\/Portada-enlace-conferencia-1-de-abril.jpg 1124w\" sizes=\"(max-width: 600px) 100vw, 600px\" \/><\/a><\/p>\n<\/div>\n<\/div>\n<\/div>\n<hr \/>\n<div class=\"container-fluid container\">\n<div class=\"row justify-content-md-center\">\n<div class=\"col-sm-12 col-md-9\">\n<h3><span style=\"color: #6210cc;\"><strong><u>CONCURSO \u201cStickers de la Semana del Cerebro UCA 2022\u201d <\/u><\/strong><\/span><\/h3>\n<p><span style=\"color: #808080;\">Recibimos ocho dise\u00f1os creativos de stickers. Agradecemos su participaci\u00f3n a los y las estudiantes UCA de las carreras de Licenciatura en Psicolog\u00eda e Ingenier\u00eda Qu\u00edmica: M\u00f3nica Sof\u00eda Hern\u00e1ndez Trejo, Michelle Alexandra Mej\u00eda C\u00e1rcamo, Ashley Vanessa G\u00f3chez S\u00e1nchez, Camila Marleni Paredes Salgado, Jos\u00e9 Andreu Alvarenga Rossell, Jocelyn Marilyn M\u00e9ndez Cuatro, G\u00e9nesis Marisol Guzm\u00e1n Romero y Ana Regina Rugamas Molina. <\/span><\/p>\n<p><span style=\"color: #808080;\">\u00a1Felicidades y gracias por su participaci\u00f3n!<\/span><\/p>\n<p><img loading=\"lazy\" src=\"https:\/\/uca.edu.sv\/psicologia\/wp-content\/uploads\/2022\/04\/Stickers-Semana-del-Cerebro-2022-600x338.jpg\" alt=\"\" width=\"600\" height=\"338\" class=\"size-medium wp-image-1632 aligncenter\" srcset=\"https:\/\/uca.edu.sv\/psicologia\/wp-content\/uploads\/2022\/04\/Stickers-Semana-del-Cerebro-2022-600x338.jpg 600w, https:\/\/uca.edu.sv\/psicologia\/wp-content\/uploads\/2022\/04\/Stickers-Semana-del-Cerebro-2022-1024x576.jpg 1024w, https:\/\/uca.edu.sv\/psicologia\/wp-content\/uploads\/2022\/04\/Stickers-Semana-del-Cerebro-2022-768x432.jpg 768w, https:\/\/uca.edu.sv\/psicologia\/wp-content\/uploads\/2022\/04\/Stickers-Semana-del-Cerebro-2022.jpg 1280w\" sizes=\"(max-width: 600px) 100vw, 600px\" \/><\/p>\n<p>&nbsp;<\/p>\n<\/div>\n<\/div>\n<\/div>\n<hr \/>\n<div class=\"container-fluid\">\n<div class=\"row justify-content-md-center\">\n<div class=\"col-sm-12 col-md-6 align-self-center\">\n<p><span style=\"color: #808080;\">Para conocer y asistir a otras actividades que se realizan en otros pa\u00edses del mundo, visita <strong><a href=\"http:\/\/brainawareness.org\/calendar\/\" style=\"color: #808080;\">brainawareness.org\/calendar\/<\/a><\/strong> y #brainawarenessweek #semanadelcerebro en redes sociales.<\/span><\/p>\n<\/div>\n<\/div>\n<\/div>\n<p>&nbsp;<\/p>\n<p>&nbsp;<\/p>\n","protected":false},"excerpt":{"rendered":"<p>&nbsp; Bienvenidos y bienvenidas a la Semana del Cerebro UCA 2022 &nbsp; La Semana del Cerebro o Brain Awareness Week se celebra en diferentes universidades, hospitales y organizaciones educativas alrededor del mundo. La primera Brain Awareness Week se celebr\u00f3 en el a\u00f1o 1996, organizada por la Fundaci\u00f3n Dana (Dana.org), con el objetivo de educar sobre [&hellip;]<\/p>\n","protected":false},"author":2,"featured_media":0,"parent":0,"menu_order":0,"comment_status":"closed","ping_status":"closed","template":"","meta":[],"_links":{"self":[{"href":"https:\/\/uca.edu.sv\/psicologia\/wp-json\/wp\/v2\/pages\/1558"}],"collection":[{"href":"https:\/\/uca.edu.sv\/psicologia\/wp-json\/wp\/v2\/pages"}],"about":[{"href":"https:\/\/uca.edu.sv\/psicologia\/wp-json\/wp\/v2\/types\/page"}],"author":[{"embeddable":true,"href":"https:\/\/uca.edu.sv\/psicologia\/wp-json\/wp\/v2\/users\/2"}],"replies":[{"embeddable":true,"href":"https:\/\/uca.edu.sv\/psicologia\/wp-json\/wp\/v2\/comments?post=1558"}],"version-history":[{"count":34,"href":"https:\/\/uca.edu.sv\/psicologia\/wp-json\/wp\/v2\/pages\/1558\/revisions"}],"predecessor-version":[{"id":1638,"href":"https:\/\/uca.edu.sv\/psicologia\/wp-json\/wp\/v2\/pages\/1558\/revisions\/1638"}],"wp:attachment":[{"href":"https:\/\/uca.edu.sv\/psicologia\/wp-json\/wp\/v2\/media?parent=1558"}],"curies":[{"name":"wp","href":"https:\/\/api.w.org\/{rel}","templated":true}]}}