{"id":1724,"date":"2023-03-10T14:50:49","date_gmt":"2023-03-10T14:50:49","guid":{"rendered":"https:\/\/uca.edu.sv\/psicologia\/?page_id=1724"},"modified":"2023-03-11T14:48:25","modified_gmt":"2023-03-11T14:48:25","slug":"semana-del-cerebro-2023","status":"publish","type":"page","link":"https:\/\/uca.edu.sv\/psicologia\/semana-del-cerebro-2023\/","title":{"rendered":"Semana del cerebro 2023"},"content":{"rendered":"<p>&nbsp;<\/p>\n<div class=\"container-fluid container\">\n<div class=\"row justify-content-md-center\">\n<div class=\"col-sm-12 col-md-10\">\n<h3 style=\"text-align: center;\"><strong>Bienvenidos y bienvenidas a la Semana del Cerebro UCA 2023<\/strong><\/h3>\n<p style=\"text-align: center;\"><span style=\"font-weight: 400;\">14 al 17 de marzo<\/span><\/p>\n<p><a href=\"https:\/\/drive.google.com\/file\/d\/1rcbQOZ3y6xhOlhpjUL4Ee6kvcEyIsTYV\/view\"><span style=\"font-weight: 400;\"><span style=\"color: #0000ff;\">Desde el a\u00f1o 2010<\/span><\/span><\/a><span style=\"font-weight: 400;\">, <span style=\"color: #808080;\">el Departamento de Psicolog\u00eda y Salud P\u00fablica de la UCA ha celebrado la Semana del Cerebro o Brain Awareness Week en El Salvador, uni\u00e9ndose a cientos de universidades, hospitales y organizaciones educativas alrededor del mundo.\u00a0<\/span><\/span><\/p>\n<p><span style=\"color: #808080;\"><span style=\"font-weight: 400;\">Con el regreso a las actividades presenciales en la UCA, este a\u00f1o hemos preparado un programa especial, contando siempre con el apoyo de la Fundaci\u00f3n Dana y la International Brain Research Organization (IBRO). Adicionalmente, hemos tenido una cercana colaboraci\u00f3n con el <span style=\"color: #0000ff;\">Dr. <\/span><\/span><span style=\"color: #0000ff;\"><a href=\"https:\/\/www.ntnu.edu\/employees\/luis.f.c.zelaya\" style=\"color: #0000ff;\"><span style=\"font-weight: 400;\">Luis C\u00f3bar<\/span><\/a><\/span><span style=\"font-weight: 400;\">, investigador postdoctoral del Kavli Institute for Systems Neuroscience en Noruega.<\/span><\/span><\/p>\n<p><span style=\"color: #333399;\"><b>Agenda &#8211; Semana del Cerebro UCA 2023<\/b><\/span><\/p>\n<p><span style=\"font-weight: 400; color: #808080;\">Auditorio \u201cSegundo Montes, S.J.\u201d<\/span><\/p>\n<p><span style=\"font-weight: 400; color: #808080;\">Edificio del ICAS<\/span><\/p>\n<p><span style=\"font-weight: 400; color: #808080;\">9:30 a 11:30 a.m.<\/span><\/p>\n<p><span style=\"color: #333399;\"><b>Martes 14 de marzo. Los sentidos y la percepci\u00f3n<\/b><\/span><\/p>\n<p><span style=\"color: #808080;\"><span style=\"font-weight: 400;\">Conferencias<\/span><span style=\"font-weight: 400;\">:<\/span><\/span><\/p>\n<p><span style=\"font-weight: 400; color: #808080;\">\u201cIntegraci\u00f3n sensorial y asociaciones emocionales\u201d\u00a0<\/span><\/p>\n<p><span style=\"color: #808080;\"><a href=\"https:\/\/www.linkedin.com\/in\/luis-cobar-39a3bb174\/?originalSubdomain=no\" style=\"color: #808080;\"><span style=\"font-weight: 400;\"><span style=\"color: #0000ff;\">Dr. Luis C\u00f3bar<\/span><\/span><\/a><span style=\"font-weight: 400;\"> (investigador posdoctoral del Instituto Kavli en Noruega)<\/span><\/span><\/p>\n<p><span style=\"font-weight: 400; color: #808080;\">\u201cIntegraci\u00f3n sensorial en la atenci\u00f3n a la neurodiversidad\u201d<\/span><\/p>\n<p><span style=\"color: #808080;\"><span style=\"color: #0000ff;\"><a href=\"https:\/\/www.facebook.com\/petitpas10\" style=\"color: #0000ff;\"><span style=\"font-weight: 400;\">Licda. M\u00f3nica Cu\u00e9llar<\/span><\/a><\/span><span style=\"font-weight: 400;\"> (psic\u00f3loga, logopeda y directora de Petit Pas):\u00a0\u00a0<\/span><\/span><\/p>\n<p>&nbsp;<\/p>\n<p><span style=\"color: #333399;\"><b>Mi\u00e9rcoles 15 de marzo. Tecnolog\u00eda y neurociencias: aplicaciones cl\u00ednicas<\/b><\/span><\/p>\n<p><span style=\"color: #808080;\"><span style=\"font-weight: 400;\">Conferencias<\/span><span style=\"font-weight: 400;\">:<\/span><\/span><\/p>\n<p><span style=\"font-weight: 400; color: #808080;\">\u201cFusi\u00f3n de informaci\u00f3n anat\u00f3mica y funcional\u201d<\/span><\/p>\n<p><span style=\"color: #808080;\"><a href=\"https:\/\/www.linkedin.com\/in\/mauricio-pohl-2a477559\/?originalSubdomain=sv\" style=\"color: #808080;\"><span style=\"font-weight: 400;\"><span style=\"color: #0000ff;\">Dr. Mauricio Pohl<\/span><\/span><\/a><span style=\"font-weight: 400;\"> (acad\u00e9mico del departamento de Electr\u00f3nica e Inform\u00e1tica, UCA)<\/span><\/span><\/p>\n<p><span style=\"font-weight: 400; color: #808080;\">\u201cEstudios cl\u00ednicos con neuroimagen en El Salvador, en el sistema p\u00fablico y privado\u201d\u00a0<\/span><\/p>\n<p><span style=\"color: #808080;\"><a href=\"https:\/\/www.hugomora.com\/\" style=\"color: #808080;\"><span style=\"font-weight: 400;\"><span style=\"color: #0000ff;\">Dr. Hugo Mora<\/span><\/span><\/a><span style=\"font-weight: 400;\"> (neurocirujano del Hospital Nacional Rosales)<\/span><\/span><\/p>\n<p>&nbsp;<\/p>\n<p><span style=\"color: #333399;\"><b>Jueves 16 de marzo. Adicciones<\/b><\/span><\/p>\n<p><span style=\"color: #808080;\"><span style=\"font-weight: 400;\">Videoconferencia<\/span><span style=\"font-weight: 400;\">:<\/span><\/span><\/p>\n<p><span style=\"font-weight: 400; color: #808080;\">\u201cNeurociencia de las adicciones\u201d<\/span><\/p>\n<p><span style=\"color: #808080;\"><span style=\"color: #0000ff;\"><a href=\"https:\/\/www.linkedin.com\/in\/vernon-garc%C3%ADa-rivas-94812880\/\" style=\"color: #0000ff;\"><span style=\"font-weight: 400;\">Dr. Vernon Garc\u00eda<\/span><\/a><\/span><span style=\"font-weight: 400;\"> (investigador posdoctoral de la Universidad de Yale)\u00a0<\/span><\/span><\/p>\n<p><span style=\"color: #808080;\"><span style=\"font-weight: 400;\">Conversatorio<\/span><span style=\"font-weight: 400;\">:<\/span><\/span><\/p>\n<p><span style=\"font-weight: 400; color: #808080;\">\u201cLa atenci\u00f3n de las adicciones en El Salvador\u201d<\/span><\/p>\n<p><span style=\"font-weight: 400; color: #808080;\">Invitados: Dra. Iliana Raquel Marroqu\u00edn (psiquiatra, FOSALUD), Sr. Jos\u00e9 Miguel Mora (experto en rehabilitaci\u00f3n, Alcoh\u00f3licos An\u00f3nimos).\u00a0<\/span><\/p>\n<p><span style=\"font-weight: 400; color: #808080;\">Modera: Mtro. Jos\u00e9 Luis Henr\u00edquez (Dpto. de Psicolog\u00eda y Salud P\u00fablica, UCA)<\/span><\/p>\n<p>&nbsp;<\/p>\n<p><span style=\"color: #333399;\"><b>Viernes 17 de marzo.\u00a0<\/b><\/span><\/p>\n<p><span style=\"color: #808080;\"><span style=\"font-weight: 400;\">Conversatorio<\/span><span style=\"font-weight: 400;\">: \u201cDocencia y neurociencias en instituciones de educaci\u00f3n superior\u201d\u00a0<\/span><\/span><\/p>\n<p><span style=\"font-weight: 400; color: #808080;\">Invitados: Docentes universitarios formadores e investigadores en neurociencias.<\/span><\/p>\n<p><span style=\"font-weight: 400; color: #808080;\">Modera: Dr. Luis C\u00f3bar (Instituto Kavli, Noruega).<\/span><\/p>\n<p><span style=\"font-weight: 400; color: #808080;\">Feria del cerebro<\/span><\/p>\n<p><span style=\"font-weight: 400; color: #808080;\">Presentan: estudiantes de la licenciatura en Psicolog\u00eda, UCA.<\/span><\/p>\n<p><span style=\"font-weight: 400; color: #808080;\">10:30 am &#8211; 12:00 m Atrio del edificio D<\/span><\/p>\n<p>&nbsp;<\/p>\n<p style=\"text-align: center;\"><span style=\"color: #333399;\"><span style=\"font-weight: 400;\">Para conocer y asistir a otras actividades que se realizan en otros pa\u00edses del mundo, visita <\/span><a href=\"http:\/\/brainawareness.org\/calendar\/\" style=\"color: #333399;\"><span style=\"font-weight: 400;\">brainawareness.org\/calendar\/<\/span><\/a><span style=\"font-weight: 400;\"> y #brainawarenessweek #semanadelcerebro en redes sociales.<\/span><\/span><\/p>\n<\/div>\n<\/div>\n<\/div>\n","protected":false},"excerpt":{"rendered":"<p>&nbsp; Bienvenidos y bienvenidas a la Semana del Cerebro UCA 2023 14 al 17 de marzo Desde el a\u00f1o 2010, el Departamento de Psicolog\u00eda y Salud P\u00fablica de la UCA ha celebrado la Semana del Cerebro o Brain Awareness Week en El Salvador, uni\u00e9ndose a cientos de universidades, hospitales y organizaciones educativas alrededor del mundo.\u00a0 [&hellip;]<\/p>\n","protected":false},"author":2,"featured_media":0,"parent":0,"menu_order":0,"comment_status":"closed","ping_status":"closed","template":"","meta":[],"_links":{"self":[{"href":"https:\/\/uca.edu.sv\/psicologia\/wp-json\/wp\/v2\/pages\/1724"}],"collection":[{"href":"https:\/\/uca.edu.sv\/psicologia\/wp-json\/wp\/v2\/pages"}],"about":[{"href":"https:\/\/uca.edu.sv\/psicologia\/wp-json\/wp\/v2\/types\/page"}],"author":[{"embeddable":true,"href":"https:\/\/uca.edu.sv\/psicologia\/wp-json\/wp\/v2\/users\/2"}],"replies":[{"embeddable":true,"href":"https:\/\/uca.edu.sv\/psicologia\/wp-json\/wp\/v2\/comments?post=1724"}],"version-history":[{"count":11,"href":"https:\/\/uca.edu.sv\/psicologia\/wp-json\/wp\/v2\/pages\/1724\/revisions"}],"predecessor-version":[{"id":1747,"href":"https:\/\/uca.edu.sv\/psicologia\/wp-json\/wp\/v2\/pages\/1724\/revisions\/1747"}],"wp:attachment":[{"href":"https:\/\/uca.edu.sv\/psicologia\/wp-json\/wp\/v2\/media?parent=1724"}],"curies":[{"name":"wp","href":"https:\/\/api.w.org\/{rel}","templated":true}]}}