{"id":184,"date":"2020-12-14T21:50:37","date_gmt":"2020-12-14T21:50:37","guid":{"rendered":"https:\/\/uca.edu.sv\/psicologia\/?page_id=184"},"modified":"2025-11-12T15:28:12","modified_gmt":"2025-11-12T15:28:12","slug":"personal-docente","status":"publish","type":"page","link":"https:\/\/uca.edu.sv\/psicologia\/personal-docente\/","title":{"rendered":"Personal acad\u00e9mico"},"content":{"rendered":"<p>&nbsp;<\/p>\n<div class=\"container-fluid container\">\n<div class=\"row justify-content-end\">\n<div class=\"col-sm-12 align-self-center col-md-4\">\n<h6 style=\"text-align: center;\"><\/h6>\n<h3 style=\"text-align: center;\"><span style=\"color: #33cccc;\"><strong><img loading=\"lazy\" src=\"https:\/\/uca.edu.sv\/psicologia\/wp-content\/uploads\/2025\/04\/20241130_152918-3-600x576.jpg\" alt=\"\" width=\"180\" height=\"173\" class=\"rounded-circle alignnone wp-image-1987 \" srcset=\"https:\/\/uca.edu.sv\/psicologia\/wp-content\/uploads\/2025\/04\/20241130_152918-3-600x576.jpg 600w, https:\/\/uca.edu.sv\/psicologia\/wp-content\/uploads\/2025\/04\/20241130_152918-3-1024x982.jpg 1024w, https:\/\/uca.edu.sv\/psicologia\/wp-content\/uploads\/2025\/04\/20241130_152918-3-768x737.jpg 768w, https:\/\/uca.edu.sv\/psicologia\/wp-content\/uploads\/2025\/04\/20241130_152918-3.jpg 1200w\" sizes=\"(max-width: 180px) 100vw, 180px\" \/><\/strong><\/span><\/h3>\n<h3 style=\"text-align: center;\"><span style=\"color: #33cccc;\"><strong>Denise Alegr\u00eda Bernal<\/strong><\/span><\/h3>\n<h6 style=\"text-align: center;\"><span style=\"color: #808080;\">Catedr\u00e1tica<\/span><\/h6>\n<h6 style=\"text-align: center;\"><span style=\"color: #808080;\">Departamento de Psicolog\u00eda y Salud P\u00fablica<\/span><\/h6>\n<h6 style=\"text-align: center;\"><img loading=\"lazy\" src=\"https:\/\/uca.edu.sv\/psicologia\/wp-content\/uploads\/2021\/01\/iconfinder_mail_1814108.png\" alt=\"\" width=\"30\" height=\"30\" class=\"alignnone wp-image-244\" srcset=\"https:\/\/uca.edu.sv\/psicologia\/wp-content\/uploads\/2021\/01\/iconfinder_mail_1814108.png 512w, https:\/\/uca.edu.sv\/psicologia\/wp-content\/uploads\/2021\/01\/iconfinder_mail_1814108-300x300.png 300w\" sizes=\"(max-width: 30px) 100vw, 30px\" \/><a href=\"daalegria@uca.edu.sv\">daalegria@uca.edu.sv<\/a><\/h6>\n<\/div>\n<div class=\"col-sm-12 col-md-4\">\n<p><img loading=\"lazy\" src=\"https:\/\/uca.edu.sv\/psicologia\/wp-content\/uploads\/2021\/03\/Larissa-600x600.jpeg\" alt=\"\" width=\"170\" height=\"170\" class=\"wp-image-387 aligncenter rounded-circle\" srcset=\"https:\/\/uca.edu.sv\/psicologia\/wp-content\/uploads\/2021\/03\/Larissa-600x600.jpeg 600w, https:\/\/uca.edu.sv\/psicologia\/wp-content\/uploads\/2021\/03\/Larissa-300x300.jpeg 300w, https:\/\/uca.edu.sv\/psicologia\/wp-content\/uploads\/2021\/03\/Larissa.jpeg 720w\" sizes=\"(max-width: 170px) 100vw, 170px\" \/><\/p>\n<h3 style=\"text-align: center;\"><span style=\"color: #33cccc;\"><strong>Larissa Brioso\u00a0<\/strong><\/span><\/h3>\n<h6 style=\"text-align: center;\"><span style=\"color: #808080;\">Catedr\u00e1tica<\/span><\/h6>\n<h6 style=\"text-align: center;\"><span style=\"color: #808080;\">Departamento de Psicolog\u00eda y Salud P\u00fablica<\/span><\/h6>\n<h6 style=\"text-align: center;\"><strong><img loading=\"lazy\" src=\"https:\/\/uca.edu.sv\/psicologia\/wp-content\/uploads\/2021\/01\/iconfinder_mail_1814108.png\" alt=\"\" width=\"30\" height=\"30\" class=\"alignnone wp-image-244\" srcset=\"https:\/\/uca.edu.sv\/psicologia\/wp-content\/uploads\/2021\/01\/iconfinder_mail_1814108.png 512w, https:\/\/uca.edu.sv\/psicologia\/wp-content\/uploads\/2021\/01\/iconfinder_mail_1814108-300x300.png 300w\" sizes=\"(max-width: 30px) 100vw, 30px\" \/><\/strong><a href=\"mailto:lbrioso@uca.edu.sv\">lbrioso@uca.edu.sv<\/a><\/h6>\n<\/div>\n<div class=\"col-sm-12 align-self-center col-md-4\">\n<p><img loading=\"lazy\" src=\"https:\/\/uca.edu.sv\/psicologia\/wp-content\/uploads\/2021\/01\/Norma-Monico-600x600.jpg\" alt=\"\" width=\"170\" height=\"170\" class=\"wp-image-268 aligncenter rounded-circle\" srcset=\"https:\/\/uca.edu.sv\/psicologia\/wp-content\/uploads\/2021\/01\/Norma-Monico-600x600.jpg 600w, https:\/\/uca.edu.sv\/psicologia\/wp-content\/uploads\/2021\/01\/Norma-Monico-1024x1024.jpg 1024w, https:\/\/uca.edu.sv\/psicologia\/wp-content\/uploads\/2021\/01\/Norma-Monico-300x300.jpg 300w, https:\/\/uca.edu.sv\/psicologia\/wp-content\/uploads\/2021\/01\/Norma-Monico-768x769.jpg 768w, https:\/\/uca.edu.sv\/psicologia\/wp-content\/uploads\/2021\/01\/Norma-Monico.jpg 1466w\" sizes=\"(max-width: 170px) 100vw, 170px\" \/><\/p>\n<h3 style=\"text-align: center;\"><span style=\"color: #33cccc;\"><strong>Norma M\u00f3nico<\/strong><\/span><\/h3>\n<h6 style=\"text-align: center;\"><span style=\"color: #808080;\">Catedr\u00e1tica<\/span><\/h6>\n<h6 style=\"text-align: center;\"><span style=\"color: #808080;\">Departamento de Psicolog\u00eda y Salud P\u00fablica<\/span><\/h6>\n<h6 style=\"text-align: center;\"><img loading=\"lazy\" src=\"https:\/\/uca.edu.sv\/psicologia\/wp-content\/uploads\/2021\/01\/iconfinder_mail_1814108.png\" alt=\"\" width=\"30\" height=\"30\" class=\"alignnone wp-image-244\" srcset=\"https:\/\/uca.edu.sv\/psicologia\/wp-content\/uploads\/2021\/01\/iconfinder_mail_1814108.png 512w, https:\/\/uca.edu.sv\/psicologia\/wp-content\/uploads\/2021\/01\/iconfinder_mail_1814108-300x300.png 300w\" sizes=\"(max-width: 30px) 100vw, 30px\" \/><a href=\"mailto:nmonico@uca.edu.sv\">nmonico@uca.edu.sv<\/a><\/h6>\n<p>&nbsp;<\/p>\n<\/div>\n<div class=\"col-sm-12 align-self-center col-md-4\">\n<h6 style=\"text-align: center;\"><\/h6>\n<h3 style=\"text-align: center;\"><span style=\"color: #33cccc;\"><strong><img loading=\"lazy\" src=\"https:\/\/uca.edu.sv\/psicologia\/wp-content\/uploads\/2023\/08\/20230613_183012-1-300x300.jpg\" alt=\"\" width=\"170\" height=\"170\" class=\"rounded-circle aligncenter wp-image-1827 \" \/><\/strong><\/span><\/h3>\n<h3 style=\"text-align: center;\"><span style=\"color: #33cccc;\"><b>Xochilt<\/b><strong style=\"color: #33cccc;\">\u00a0Urrutia<\/strong><\/span><\/h3>\n<h6 style=\"text-align: center;\"><span style=\"color: #808080;\">Catedr\u00e1tica<\/span><\/h6>\n<h6 style=\"text-align: center;\"><span style=\"color: #808080;\">Departamento de Psicolog\u00eda y Salud P\u00fablica<\/span><\/h6>\n<h6 style=\"text-align: center;\"><img loading=\"lazy\" src=\"https:\/\/uca.edu.sv\/psicologia\/wp-content\/uploads\/2021\/01\/iconfinder_mail_1814108.png\" alt=\"\" width=\"30\" height=\"30\" class=\"alignnone wp-image-244\" srcset=\"https:\/\/uca.edu.sv\/psicologia\/wp-content\/uploads\/2021\/01\/iconfinder_mail_1814108.png 512w, https:\/\/uca.edu.sv\/psicologia\/wp-content\/uploads\/2021\/01\/iconfinder_mail_1814108-300x300.png 300w\" sizes=\"(max-width: 30px) 100vw, 30px\" \/><a href=\"mailto:emestizo@uca.edu.sv\"> xurrutia@uca.edu.sv<\/a><\/h6>\n<\/div>\n<div class=\"col-sm-12 align-self-center col-md-4\">\n<p style=\"text-align: center;\"><img loading=\"lazy\" src=\"https:\/\/uca.edu.sv\/psicologia\/wp-content\/uploads\/2021\/01\/Olga-Donas-600x600.jpg\" alt=\"\" width=\"170\" height=\"170\" class=\"alignnone wp-image-324 rounded-circle\" srcset=\"https:\/\/uca.edu.sv\/psicologia\/wp-content\/uploads\/2021\/01\/Olga-Donas-600x600.jpg 600w, https:\/\/uca.edu.sv\/psicologia\/wp-content\/uploads\/2021\/01\/Olga-Donas-1024x1024.jpg 1024w, https:\/\/uca.edu.sv\/psicologia\/wp-content\/uploads\/2021\/01\/Olga-Donas-300x300.jpg 300w, https:\/\/uca.edu.sv\/psicologia\/wp-content\/uploads\/2021\/01\/Olga-Donas-768x768.jpg 768w, https:\/\/uca.edu.sv\/psicologia\/wp-content\/uploads\/2021\/01\/Olga-Donas-1536x1536.jpg 1536w, https:\/\/uca.edu.sv\/psicologia\/wp-content\/uploads\/2021\/01\/Olga-Donas-2048x2048.jpg 2048w\" sizes=\"(max-width: 170px) 100vw, 170px\" \/><\/p>\n<h3 style=\"text-align: center;\"><span style=\"color: #33cccc;\"><strong>Olga Do\u00f1as<\/strong><\/span><\/h3>\n<h6 style=\"text-align: center;\"><span style=\"color: #808080;\">Catedr\u00e1tica<\/span><\/h6>\n<h6 style=\"text-align: center;\"><span style=\"color: #808080;\">Departamento de Psicolog\u00eda y Salud P\u00fablica<\/span><\/h6>\n<h6 style=\"text-align: center;\"><img loading=\"lazy\" src=\"https:\/\/uca.edu.sv\/psicologia\/wp-content\/uploads\/2021\/01\/iconfinder_mail_1814108.png\" alt=\"\" width=\"30\" height=\"30\" class=\"alignnone wp-image-244\" srcset=\"https:\/\/uca.edu.sv\/psicologia\/wp-content\/uploads\/2021\/01\/iconfinder_mail_1814108.png 512w, https:\/\/uca.edu.sv\/psicologia\/wp-content\/uploads\/2021\/01\/iconfinder_mail_1814108-300x300.png 300w\" sizes=\"(max-width: 30px) 100vw, 30px\" \/><a href=\"mailto:odonas@uca.edu.sv\">odonas@uca.edu.sv<\/a><\/h6>\n<\/div>\n<div class=\"col-sm-12 align-self-center col-md-4\">\n<p><img loading=\"lazy\" src=\"https:\/\/uca.edu.sv\/psicologia\/wp-content\/uploads\/2023\/08\/PXL_20230808_235618019.MP2_-300x300.jpg\" alt=\"\" width=\"170\" height=\"170\" class=\"rounded-circle wp-image-1819 aligncenter\" \/><\/p>\n<h3 style=\"text-align: center;\"><span style=\"color: #33cccc;\"><strong>Sara Ch\u00e1vez<\/strong><\/span><\/h3>\n<h6 style=\"text-align: center;\"><span style=\"color: #808080;\">Catedr\u00e1tica<\/span><\/h6>\n<h6 style=\"text-align: center;\"><span style=\"color: #808080;\">Departamento de Psicolog\u00eda y Salud P\u00fablica<\/span><\/h6>\n<h6 style=\"text-align: center;\"><img loading=\"lazy\" src=\"https:\/\/uca.edu.sv\/psicologia\/wp-content\/uploads\/2021\/01\/iconfinder_mail_1814108.png\" alt=\"\" width=\"30\" height=\"30\" class=\"alignnone wp-image-244\" srcset=\"https:\/\/uca.edu.sv\/psicologia\/wp-content\/uploads\/2021\/01\/iconfinder_mail_1814108.png 512w, https:\/\/uca.edu.sv\/psicologia\/wp-content\/uploads\/2021\/01\/iconfinder_mail_1814108-300x300.png 300w\" sizes=\"(max-width: 30px) 100vw, 30px\" \/><a href=\"mailto:lromero@uca.edu.sv\">schavez@uca.edu.sv\u00a0<\/a><\/h6>\n<\/div>\n<div class=\"col-sm-12 align-self-center col-md-4\">\n<p>&nbsp;<\/p>\n<p><img loading=\"lazy\" src=\"https:\/\/uca.edu.sv\/psicologia\/wp-content\/uploads\/2021\/01\/Erika-Mestizo-600x600.jpg\" alt=\"\" width=\"170\" height=\"170\" class=\"wp-image-262 rounded-circle aligncenter\" srcset=\"https:\/\/uca.edu.sv\/psicologia\/wp-content\/uploads\/2021\/01\/Erika-Mestizo-600x600.jpg 600w, https:\/\/uca.edu.sv\/psicologia\/wp-content\/uploads\/2021\/01\/Erika-Mestizo-300x300.jpg 300w, https:\/\/uca.edu.sv\/psicologia\/wp-content\/uploads\/2021\/01\/Erika-Mestizo-768x768.jpg 768w, https:\/\/uca.edu.sv\/psicologia\/wp-content\/uploads\/2021\/01\/Erika-Mestizo.jpg 809w\" sizes=\"(max-width: 170px) 100vw, 170px\" \/><\/p>\n<h3 style=\"text-align: center;\"><span style=\"color: #33cccc;\"><strong>Erika Mestizo<\/strong><\/span><\/h3>\n<h6 style=\"text-align: center;\"><span style=\"color: #808080;\">Catedr\u00e1tica<\/span><\/h6>\n<h6 style=\"text-align: center;\"><span style=\"color: #808080;\">Departamento de Psicolog\u00eda y Salud P\u00fablica<\/span><\/h6>\n<h6 style=\"text-align: center;\"><img loading=\"lazy\" src=\"https:\/\/uca.edu.sv\/psicologia\/wp-content\/uploads\/2021\/01\/iconfinder_mail_1814108.png\" alt=\"\" width=\"30\" height=\"30\" class=\"alignnone wp-image-244\" srcset=\"https:\/\/uca.edu.sv\/psicologia\/wp-content\/uploads\/2021\/01\/iconfinder_mail_1814108.png 512w, https:\/\/uca.edu.sv\/psicologia\/wp-content\/uploads\/2021\/01\/iconfinder_mail_1814108-300x300.png 300w\" sizes=\"(max-width: 30px) 100vw, 30px\" \/><a href=\"mailto:emestizo@uca.edu.sv\"> emestizo@uca.edu.sv<\/a><\/h6>\n<p>&nbsp;<\/p>\n<\/div>\n<div class=\"col-sm-12 align-self-center col-md-4\">\n<p style=\"text-align: center;\"><img loading=\"lazy\" src=\"https:\/\/uca.edu.sv\/psicologia\/wp-content\/uploads\/2021\/03\/logo-600x600.jpg\" alt=\"\" width=\"170\" height=\"170\" class=\"alignnone wp-image-394\" srcset=\"https:\/\/uca.edu.sv\/psicologia\/wp-content\/uploads\/2021\/03\/logo-600x600.jpg 600w, https:\/\/uca.edu.sv\/psicologia\/wp-content\/uploads\/2021\/03\/logo-1024x1024.jpg 1024w, https:\/\/uca.edu.sv\/psicologia\/wp-content\/uploads\/2021\/03\/logo-300x300.jpg 300w, https:\/\/uca.edu.sv\/psicologia\/wp-content\/uploads\/2021\/03\/logo-768x768.jpg 768w, https:\/\/uca.edu.sv\/psicologia\/wp-content\/uploads\/2021\/03\/logo.jpg 1191w\" sizes=\"(max-width: 170px) 100vw, 170px\" \/><\/p>\n<h3 style=\"text-align: center;\"><span style=\"color: #33cccc;\"><strong>Patricia Montalvo<\/strong><\/span><\/h3>\n<h6 style=\"text-align: center;\"><span style=\"color: #808080;\">Catedr\u00e1tica<\/span><\/h6>\n<h6 style=\"text-align: center;\"><span style=\"color: #808080;\">Departamento de Psicolog\u00eda y Salud P\u00fablica<\/span><\/h6>\n<h6 style=\"text-align: center;\"><img loading=\"lazy\" src=\"https:\/\/uca.edu.sv\/psicologia\/wp-content\/uploads\/2021\/01\/iconfinder_mail_1814108.png\" alt=\"\" width=\"30\" height=\"30\" class=\"alignnone wp-image-244\" srcset=\"https:\/\/uca.edu.sv\/psicologia\/wp-content\/uploads\/2021\/01\/iconfinder_mail_1814108.png 512w, https:\/\/uca.edu.sv\/psicologia\/wp-content\/uploads\/2021\/01\/iconfinder_mail_1814108-300x300.png 300w\" sizes=\"(max-width: 30px) 100vw, 30px\" \/> <a href=\"mailto:pmontalvo@uca.edu.sv\">pmontalvo@uca.edu.sv<\/a><\/h6>\n<\/div>\n<div class=\"col-sm-12 align-self-center col-md-4\">\n<p><img loading=\"lazy\" src=\"https:\/\/uca.edu.sv\/psicologia\/wp-content\/uploads\/2021\/11\/6D28040D-55F8-4954-88C4-E22AB889A11C-600x600.jpg\" alt=\"\" width=\"170\" height=\"170\" class=\"wp-image-1513 aligncenter rounded-circle\" srcset=\"https:\/\/uca.edu.sv\/psicologia\/wp-content\/uploads\/2021\/11\/6D28040D-55F8-4954-88C4-E22AB889A11C-600x600.jpg 600w, https:\/\/uca.edu.sv\/psicologia\/wp-content\/uploads\/2021\/11\/6D28040D-55F8-4954-88C4-E22AB889A11C-300x300.jpg 300w, https:\/\/uca.edu.sv\/psicologia\/wp-content\/uploads\/2021\/11\/6D28040D-55F8-4954-88C4-E22AB889A11C.jpg 640w\" sizes=\"(max-width: 170px) 100vw, 170px\" \/><\/p>\n<h3 style=\"text-align: center;\"><span style=\"color: #33cccc;\"><strong>Sol Y\u00e1\u00f1ez<\/strong><\/span><\/h3>\n<h6 style=\"text-align: center;\"><span style=\"color: #808080;\">Catedr\u00e1tica<\/span><\/h6>\n<h6 style=\"text-align: center;\"><span style=\"color: #808080;\">Departamento de Psicolog\u00eda y Salud P\u00fablica<\/span><\/h6>\n<h6 style=\"text-align: center;\"><img loading=\"lazy\" src=\"https:\/\/uca.edu.sv\/psicologia\/wp-content\/uploads\/2021\/01\/iconfinder_mail_1814108.png\" alt=\"\" width=\"30\" height=\"30\" class=\"alignnone wp-image-244\" srcset=\"https:\/\/uca.edu.sv\/psicologia\/wp-content\/uploads\/2021\/01\/iconfinder_mail_1814108.png 512w, https:\/\/uca.edu.sv\/psicologia\/wp-content\/uploads\/2021\/01\/iconfinder_mail_1814108-300x300.png 300w\" sizes=\"(max-width: 30px) 100vw, 30px\" \/> <a href=\"mailto:syanez@uca.edu.sv\">syanez@uca.edu.sv<\/a><\/h6>\n<\/div>\n<div class=\"col-sm-12 align-self-center col-md-4\">\n<p><img loading=\"lazy\" src=\"https:\/\/uca.edu.sv\/psicologia\/wp-content\/uploads\/2021\/03\/logo-600x600.jpg\" alt=\"\" width=\"170\" height=\"170\" class=\"wp-image-394 aligncenter\" srcset=\"https:\/\/uca.edu.sv\/psicologia\/wp-content\/uploads\/2021\/03\/logo-600x600.jpg 600w, https:\/\/uca.edu.sv\/psicologia\/wp-content\/uploads\/2021\/03\/logo-1024x1024.jpg 1024w, https:\/\/uca.edu.sv\/psicologia\/wp-content\/uploads\/2021\/03\/logo-300x300.jpg 300w, https:\/\/uca.edu.sv\/psicologia\/wp-content\/uploads\/2021\/03\/logo-768x768.jpg 768w, https:\/\/uca.edu.sv\/psicologia\/wp-content\/uploads\/2021\/03\/logo.jpg 1191w\" sizes=\"(max-width: 170px) 100vw, 170px\" \/><\/p>\n<h3 style=\"text-align: center;\"><span style=\"color: #33cccc;\"><strong>Diego Carranza<\/strong><\/span><\/h3>\n<h6 style=\"text-align: center;\"><span style=\"color: #808080;\">Catedr\u00e1tico<\/span><\/h6>\n<h6 style=\"text-align: center;\"><span style=\"color: #808080;\">Departamento de Psicolog\u00eda y Salud P\u00fablica<\/span><\/h6>\n<h6 style=\"text-align: center;\"><img loading=\"lazy\" src=\"https:\/\/uca.edu.sv\/psicologia\/wp-content\/uploads\/2021\/01\/iconfinder_mail_1814108.png\" alt=\"\" width=\"30\" height=\"30\" class=\"alignnone wp-image-244\" srcset=\"https:\/\/uca.edu.sv\/psicologia\/wp-content\/uploads\/2021\/01\/iconfinder_mail_1814108.png 512w, https:\/\/uca.edu.sv\/psicologia\/wp-content\/uploads\/2021\/01\/iconfinder_mail_1814108-300x300.png 300w\" sizes=\"(max-width: 30px) 100vw, 30px\" \/> <a href=\"dcarranza@uca.edu.sv\">dcarranza@uca.edu.sv<\/a><\/h6>\n<\/div>\n<div class=\"col-sm-12 align-self-center col-md-4\">\n<h3 style=\"text-align: center;\"><span style=\"color: #33cccc;\"><strong><img loading=\"lazy\" src=\"https:\/\/uca.edu.sv\/psicologia\/wp-content\/uploads\/2023\/09\/Foto-Leslie.jpg\" alt=\"\" width=\"170\" height=\"170\" class=\"alignnone wp-image-1834 rounded-circle\" \/><\/strong><\/span><\/h3>\n<h3 style=\"text-align: center;\"><span style=\"color: #33cccc;\"><strong>Leslie <\/strong><\/span><span style=\"color: #33cccc;\"><strong><\/strong><\/span><span style=\"color: #33cccc;\"><strong>G\u00f3mez<\/strong><\/span><\/h3>\n<h6 style=\"text-align: center;\"><span style=\"color: #808080;\">Catedr\u00e1tica<\/span><\/h6>\n<h6 style=\"text-align: center;\"><span style=\"color: #808080;\">Departamento de Psicolog\u00eda y Salud P\u00fablica<\/span><\/h6>\n<h6 style=\"text-align: center;\"><img loading=\"lazy\" src=\"https:\/\/uca.edu.sv\/psicologia\/wp-content\/uploads\/2021\/01\/iconfinder_mail_1814108.png\" alt=\"\" width=\"30\" height=\"30\" class=\"alignnone wp-image-244\" srcset=\"https:\/\/uca.edu.sv\/psicologia\/wp-content\/uploads\/2021\/01\/iconfinder_mail_1814108.png 512w, https:\/\/uca.edu.sv\/psicologia\/wp-content\/uploads\/2021\/01\/iconfinder_mail_1814108-300x300.png 300w\" sizes=\"(max-width: 30px) 100vw, 30px\" \/><a href=\"mailto:lbatres@uca.edu.sv\"> lgomez@uca.edu.sv<\/a><\/h6>\n<\/div>\n<div class=\"col-sm-12 align-self-center col-md-4\">\n<p><img loading=\"lazy\" src=\"https:\/\/uca.edu.sv\/psicologia\/wp-content\/uploads\/2021\/03\/logo-600x600.jpg\" alt=\"\" width=\"170\" height=\"170\" class=\"wp-image-394 aligncenter\" srcset=\"https:\/\/uca.edu.sv\/psicologia\/wp-content\/uploads\/2021\/03\/logo-600x600.jpg 600w, https:\/\/uca.edu.sv\/psicologia\/wp-content\/uploads\/2021\/03\/logo-1024x1024.jpg 1024w, https:\/\/uca.edu.sv\/psicologia\/wp-content\/uploads\/2021\/03\/logo-300x300.jpg 300w, https:\/\/uca.edu.sv\/psicologia\/wp-content\/uploads\/2021\/03\/logo-768x768.jpg 768w, https:\/\/uca.edu.sv\/psicologia\/wp-content\/uploads\/2021\/03\/logo.jpg 1191w\" sizes=\"(max-width: 170px) 100vw, 170px\" \/><\/p>\n<h3 style=\"text-align: center;\"><span style=\"color: #33cccc;\"><strong>Mar\u00eda Emma Posada<\/strong><\/span><\/h3>\n<h6 style=\"text-align: center;\"><span style=\"color: #808080;\">Catedr\u00e1tica<\/span><\/h6>\n<h6 style=\"text-align: center;\"><span style=\"color: #808080;\">Departamento de Psicolog\u00eda y Salud P\u00fablica<\/span><\/h6>\n<h6 style=\"text-align: center;\"><img loading=\"lazy\" src=\"https:\/\/uca.edu.sv\/psicologia\/wp-content\/uploads\/2021\/01\/iconfinder_mail_1814108.png\" alt=\"\" width=\"30\" height=\"30\" class=\"alignnone wp-image-244\" srcset=\"https:\/\/uca.edu.sv\/psicologia\/wp-content\/uploads\/2021\/01\/iconfinder_mail_1814108.png 512w, https:\/\/uca.edu.sv\/psicologia\/wp-content\/uploads\/2021\/01\/iconfinder_mail_1814108-300x300.png 300w\" sizes=\"(max-width: 30px) 100vw, 30px\" \/><a href=\"meposada@uca.edu.sv\"> meposada@uca.edu.sv<\/a><\/h6>\n<\/div>\n<div class=\"col-sm-12 align-self-center col-md-4\">\n<p>&nbsp;<\/p>\n<h6 style=\"text-align: center;\"><\/h6>\n<\/div>\n<div class=\"col-sm-12 align-self-center col-md-4\">\n<h6 style=\"text-align: center;\"><\/h6>\n<h6 style=\"text-align: center;\"><\/h6>\n<\/div>\n<div class=\"col-sm-12 align-self-center col-md-4\">\n<p>&nbsp;<\/p>\n<\/div>\n<div class=\"col-sm-12 align-self-center col-md-4\">\n<p>&nbsp;<\/p>\n<\/div>\n<\/div>\n<\/div>\n","protected":false},"excerpt":{"rendered":"<p>&nbsp; Denise Alegr\u00eda Bernal Catedr\u00e1tica Departamento de Psicolog\u00eda y Salud P\u00fablica daalegria@uca.edu.sv Larissa Brioso\u00a0 Catedr\u00e1tica Departamento de Psicolog\u00eda y Salud P\u00fablica lbrioso@uca.edu.sv Norma M\u00f3nico Catedr\u00e1tica Departamento de Psicolog\u00eda y Salud P\u00fablica nmonico@uca.edu.sv &nbsp; Xochilt\u00a0Urrutia Catedr\u00e1tica Departamento de Psicolog\u00eda y Salud P\u00fablica xurrutia@uca.edu.sv Olga Do\u00f1as Catedr\u00e1tica Departamento de Psicolog\u00eda y Salud P\u00fablica odonas@uca.edu.sv Sara Ch\u00e1vez Catedr\u00e1tica [&hellip;]<\/p>\n","protected":false},"author":2,"featured_media":0,"parent":0,"menu_order":0,"comment_status":"closed","ping_status":"closed","template":"","meta":[],"_links":{"self":[{"href":"https:\/\/uca.edu.sv\/psicologia\/wp-json\/wp\/v2\/pages\/184"}],"collection":[{"href":"https:\/\/uca.edu.sv\/psicologia\/wp-json\/wp\/v2\/pages"}],"about":[{"href":"https:\/\/uca.edu.sv\/psicologia\/wp-json\/wp\/v2\/types\/page"}],"author":[{"embeddable":true,"href":"https:\/\/uca.edu.sv\/psicologia\/wp-json\/wp\/v2\/users\/2"}],"replies":[{"embeddable":true,"href":"https:\/\/uca.edu.sv\/psicologia\/wp-json\/wp\/v2\/comments?post=184"}],"version-history":[{"count":95,"href":"https:\/\/uca.edu.sv\/psicologia\/wp-json\/wp\/v2\/pages\/184\/revisions"}],"predecessor-version":[{"id":2058,"href":"https:\/\/uca.edu.sv\/psicologia\/wp-json\/wp\/v2\/pages\/184\/revisions\/2058"}],"wp:attachment":[{"href":"https:\/\/uca.edu.sv\/psicologia\/wp-json\/wp\/v2\/media?parent=184"}],"curies":[{"name":"wp","href":"https:\/\/api.w.org\/{rel}","templated":true}]}}