{"id":1847,"date":"2023-09-14T20:35:05","date_gmt":"2023-09-14T20:35:05","guid":{"rendered":"https:\/\/uca.edu.sv\/psicologia\/?page_id=1847"},"modified":"2025-09-02T17:19:29","modified_gmt":"2025-09-02T17:19:29","slug":"cursos-y-diplomados","status":"publish","type":"page","link":"https:\/\/uca.edu.sv\/psicologia\/cursos-y-diplomados\/","title":{"rendered":"Cursos y Diplomados"},"content":{"rendered":"<p>&nbsp;<\/p>\n<h4 style=\"text-align: center;\"><span>Diplomado: \u201cDificultades de Aprendizaje e Intervenci\u00f3n con Terapia Educativa\u201d<\/span><\/h4>\n<p>&nbsp;<\/p>\n<p><a href=\"https:\/\/uca.edu.sv\/cartelera\/dificultades-de-aprendizaje-e-intervencion-con-terapia-educativa-presencial\/\"><img loading=\"lazy\" src=\"https:\/\/uca.edu.sv\/psicologia\/wp-content\/uploads\/2024\/12\/Post-instagram-Edicion-2-480x600.png\" alt=\"\" width=\"480\" height=\"600\" class=\"wp-image-2005 size-medium aligncenter\" srcset=\"https:\/\/uca.edu.sv\/psicologia\/wp-content\/uploads\/2024\/12\/Post-instagram-Edicion-2-480x600.png 480w, https:\/\/uca.edu.sv\/psicologia\/wp-content\/uploads\/2024\/12\/Post-instagram-Edicion-2-819x1024.png 819w, https:\/\/uca.edu.sv\/psicologia\/wp-content\/uploads\/2024\/12\/Post-instagram-Edicion-2-768x960.png 768w, https:\/\/uca.edu.sv\/psicologia\/wp-content\/uploads\/2024\/12\/Post-instagram-Edicion-2.png 1080w\" sizes=\"(max-width: 480px) 100vw, 480px\" \/><\/a><\/p>\n<p>&nbsp;<\/p>\n<h4><\/h4>\n<p><span>La Cl\u00ednica de Asistencia Psicol\u00f3gica UCA te invita a ser parte de la 2\u00aa edici\u00f3n del Diplomado: \u201cDificultades de Aprendizaje e Intervenci\u00f3n con Terapia Educativa\u201d. \ud83e\udde0<\/span><\/p>\n<p><span>\ud83d\udcc5 Inicio: 27 de septiembre de 2025<\/span><br \/>\n<span>\u23f3 Duraci\u00f3n: septiembre 2025 \u2013 julio 2026<\/span><br \/>\n<span>\ud83d\udccd Modalidad: Presencial, con clases te\u00f3ricas y pr\u00e1cticas, estudio de casos reales y supervisi\u00f3n especializada.<\/span><br \/>\n<span>\ud83c\udf93 Dirigido a: Estudiantes de 5.\u00ba a\u00f1o de Psicolog\u00eda, profesionales en Psicolog\u00eda y carreras afines (Educaci\u00f3n, Psicopedagog\u00eda, Educaci\u00f3n Especial).<\/span><\/p>\n<p><span>\u26a0\ufe0f \u00a1Cupo limitado!<\/span><\/p>\n<p><span>Para m\u00e1s informaci\u00f3n e inscripciones, visita:<\/span><br \/>\n<span>\ud83d\udd17 https:\/\/uca.edu.sv\/cartelera\/dificultades-de-aprendizaje-e-intervencion-con-terapia-educativa-presencial\/<\/span><\/p>\n<p><span>\ud83d\udce9 Contacto: 2210-6600, ext. 429 \u2022 cgranados@uca.edu.sv<\/span><\/p>\n<p><span>\u00a1Da el siguiente paso en tu desarrollo profesional con nosotros! \ud83d\ude80<\/span><\/p>\n","protected":false},"excerpt":{"rendered":"<p>&nbsp; Diplomado: \u201cDificultades de Aprendizaje e Intervenci\u00f3n con Terapia Educativa\u201d &nbsp; &nbsp; La Cl\u00ednica de Asistencia Psicol\u00f3gica UCA te invita a ser parte de la 2\u00aa edici\u00f3n del Diplomado: \u201cDificultades de Aprendizaje e Intervenci\u00f3n con Terapia Educativa\u201d. \ud83e\udde0 \ud83d\udcc5 Inicio: 27 de septiembre de 2025 \u23f3 Duraci\u00f3n: septiembre 2025 \u2013 julio 2026 \ud83d\udccd Modalidad: Presencial, [&hellip;]<\/p>\n","protected":false},"author":3,"featured_media":0,"parent":0,"menu_order":0,"comment_status":"closed","ping_status":"closed","template":"","meta":[],"_links":{"self":[{"href":"https:\/\/uca.edu.sv\/psicologia\/wp-json\/wp\/v2\/pages\/1847"}],"collection":[{"href":"https:\/\/uca.edu.sv\/psicologia\/wp-json\/wp\/v2\/pages"}],"about":[{"href":"https:\/\/uca.edu.sv\/psicologia\/wp-json\/wp\/v2\/types\/page"}],"author":[{"embeddable":true,"href":"https:\/\/uca.edu.sv\/psicologia\/wp-json\/wp\/v2\/users\/3"}],"replies":[{"embeddable":true,"href":"https:\/\/uca.edu.sv\/psicologia\/wp-json\/wp\/v2\/comments?post=1847"}],"version-history":[{"count":22,"href":"https:\/\/uca.edu.sv\/psicologia\/wp-json\/wp\/v2\/pages\/1847\/revisions"}],"predecessor-version":[{"id":1972,"href":"https:\/\/uca.edu.sv\/psicologia\/wp-json\/wp\/v2\/pages\/1847\/revisions\/1972"}],"wp:attachment":[{"href":"https:\/\/uca.edu.sv\/psicologia\/wp-json\/wp\/v2\/media?parent=1847"}],"curies":[{"name":"wp","href":"https:\/\/api.w.org\/{rel}","templated":true}]}}