{"id":195,"date":"2020-12-14T23:38:16","date_gmt":"2020-12-14T23:38:16","guid":{"rendered":"https:\/\/uca.edu.sv\/psicologia\/?page_id=195"},"modified":"2021-09-06T20:30:07","modified_gmt":"2021-09-06T20:30:07","slug":"historial-proyectos","status":"publish","type":"page","link":"https:\/\/uca.edu.sv\/psicologia\/historial-proyectos\/","title":{"rendered":"Historial de proyectos"},"content":{"rendered":"<p>&nbsp;<\/p>\n<div class=\"container-fluid container\">\n<div class=\"row\">\n<div class=\"col-sm-12 col-md-12\">\n\r\n\t\t<div class=\"table-responsive\">\r\n\t\t<table class=\"table table-hover\">\r\n\t  \t<thead>\r\n\t    \t<tr style=\"background-color: #003C71;color: #fff;font-size: 19px;text-align: center;vertical-align: middle;\">\r\n\t      \t\t\r\n\t      \t\t<th scope=\"col\" style=\"min-width:300px;vertical-align: middle;\">Nombre<\/th>\r\n\t      \t\t<th scope=\"col\" style=\"min-width: 200px;vertical-align: middle;\">Equipo coordinador<\/th>\r\n\t      \t\t<th scope=\"col\" style=\"min-width: 475px;vertical-align: middle;\">Descripci\u00f3n<\/th>\r\n\t      \t\t<th scope=\"col\" style=\"min-width: 206px;vertical-align: middle;\">Periodo de ejecuci\u00f3n<\/th>\r\n\t    \t<\/tr>\r\n\t  \t<\/thead>\r\n\t  \t<tbody>\r\n\t        <tr class=\"border-bottom\">\r\n\t\t\t\t<td><strong>Investigaci\u00f3n:<\/strong><br>Investigaci\u00f3n sobre salud mental, necesidades de protecci\u00f3n de mujeres trans en situaci\u00f3n de desplazamiento forzado.<\/td>\r\n\t\t\t\t<td><p>F\u00e1tima Morales, <strong>Larissa Brioso<\/strong> y Lidia Menj\u00edvar. Convocatoria CLACSO.<\/p>\n<\/td>\r\n\t\t\t\t<td><\/td>\r\n\t\t\t\t<td style=\"text-align: center;\">Marzo 2022  - Diciembre 2022<\/td>\r\n    \t\t<\/tr>\r\n\t        <tr class=\"border-bottom\">\r\n\t\t\t\t<td><strong>Investigaci\u00f3n:<\/strong><br>Necesidades, estrategias y habilidades de adolescentes institucionalizados y su abordaje multidisciplinar desde el Sistema de Protecci\u00f3n<\/td>\r\n\t\t\t\t<td><p>Luc\u00eda Romero, Leslie G\u00f3mez, y afiliaci\u00f3n con el ISNA.<\/p>\n<\/td>\r\n\t\t\t\t<td><span>Este proyecto propone la identificaci\u00f3n de las principales necesidades, estrategias de supervivencia y habilidades de autonom\u00eda que est\u00e1n presentes en la adolescencia institucionalizada en El Salvador. Con el objetivo principal de aportar conocimiento al Sistema de Protecci\u00f3n y potenciar herramientas, insumos y estrategias de abordaje en los Equipos T\u00e9cnicos que trabajan con adolescentes institucionalizados.<\/span><\/td>\r\n\t\t\t\t<td style=\"text-align: center;\">Marzo 2021  - Abril 2022<\/td>\r\n    \t\t<\/tr>\r\n\t        <tr class=\"border-bottom\">\r\n\t\t\t\t<td><strong>Investigaci\u00f3n:<\/strong><br>Estudio de la situaci\u00f3n de g\u00e9nero de las ni\u00f1as y las adolescentes entre 10 y 18 a\u00f1os de edad en la cuarentena por COVID 19.<\/td>\r\n\t\t\t\t<td><p><strong>Mauricio Gaborit, S.J.<\/strong>, <strong>Carolina Paz<\/strong>, Iv\u00f3n Rivas de Mendoza.<\/p>\n<\/td>\r\n\t\t\t\t<td><span>Identificar y analizar cuantitativamente factores influyentes y afectaciones en la situaci\u00f3n de g\u00e9nero de las ni\u00f1as y las adolescentes, e identificar y analizar elementos contextuales entre la situaci\u00f3n actual por COVID19<\/span><\/td>\r\n\t\t\t\t<td style=\"text-align: center;\">Febrero 2021  - Marzo 2021<\/td>\r\n    \t\t<\/tr>\r\n\t        <tr class=\"border-bottom\">\r\n\t\t\t\t<td><strong>Investigaci\u00f3n:<\/strong><br>Construcci\u00f3n de memorias del conflicto armado salvadore\u00f1o en j\u00f3venes descendientes de exmilitares<\/td>\r\n\t\t\t\t<td><p><strong>Nelson Fernando Chac\u00f3n<\/strong>, Cristian Armando Fabi\u00e1n, Jacqueline Escobar , Daniela Marroqu\u00edn, Andrea Aparicio, Flavio Menj\u00edvar.<\/p>\n<\/td>\r\n\t\t\t\t<td>Este estudio pretende comprender la construcci\u00f3n de memorias del conflicto armado salvadore\u00f1o en j\u00f3venes descendientes de exmilitares.<\/td>\r\n\t\t\t\t<td style=\"text-align: center;\">Enero 2021  - Diciembre 2022<\/td>\r\n    \t\t<\/tr>\r\n\t        <tr class=\"border-bottom\">\r\n\t\t\t\t<td><strong>Investigaci\u00f3n:<\/strong><br>La experiencia de ser mujer y del ejercicio de la maternidad durante la pandemia por la Covid-19 y sus implicaciones para el bienestar psicosocial de mujeres madres ex \u2013 privadas de libertad de los centros penitenciarios de El Salvador<\/td>\r\n\t\t\t\t<td><p><strong>Larissa Brioso<\/strong>, Cristina Palacios, Iris Tejada y Lidia Menj\u00edvar<\/p>\n<\/td>\r\n\t\t\t\t<td><span>Proyecto que visibiliza que la experiencia de privaci\u00f3n de libertad impacta de manera diferente a mujeres y hombres. Este impacto es mayor para aquellas mujeres quienes al momento de ingresar son madres, ya que se ven forzadas a dejar a sus hijas e hijos al cuidado de terceras personas, a desvincularse afectiva y f\u00edsicamente de ellos y ellas, interrumpiendo el desarrollo de v\u00ednculos materno-filiales seguros, lo cual agudiza los efectos de la prisionizaci\u00f3n.<\/span><\/td>\r\n\t\t\t\t<td style=\"text-align: center;\">Noviembre 2020  - Junio 2021<\/td>\r\n    \t\t<\/tr>\r\n\t    <\/tbody>\r\n\t\t<\/table>\r\n\t\t<\/div>\r\n\t        <div class=\"container\">\r\n\t        \t<div class=\"row\">\r\n\t        \t\t<div class=\"col-sm-12 bg-light p-2\">\r\n\t        \t\t\t<!--P\u00e1gina: <br \/>-->\r\n        \t\t\t\t<span class=\"prev-posts-links\"><\/span> \r\n        \t\t\t\t \r\n        \t\t\t\t<span class=\"next-posts-links\"><a href=\"https:\/\/uca.edu.sv\/psicologia\/wp-json\/wp\/v2\/pages\/195\/page\/2\/\" >Siguiente <i class=\"fas fa-caret-square-right\"><\/i><\/a><\/span>\r\n\t        \t\t<\/div>\r\n\t        \t<\/div> \r\n\t        <\/div>\r\n\t        \n<\/div>\n<\/div>\n<\/div>\n","protected":false},"excerpt":{"rendered":"<p>&nbsp;<\/p>\n","protected":false},"author":2,"featured_media":0,"parent":0,"menu_order":0,"comment_status":"closed","ping_status":"closed","template":"","meta":[],"_links":{"self":[{"href":"https:\/\/uca.edu.sv\/psicologia\/wp-json\/wp\/v2\/pages\/195"}],"collection":[{"href":"https:\/\/uca.edu.sv\/psicologia\/wp-json\/wp\/v2\/pages"}],"about":[{"href":"https:\/\/uca.edu.sv\/psicologia\/wp-json\/wp\/v2\/types\/page"}],"author":[{"embeddable":true,"href":"https:\/\/uca.edu.sv\/psicologia\/wp-json\/wp\/v2\/users\/2"}],"replies":[{"embeddable":true,"href":"https:\/\/uca.edu.sv\/psicologia\/wp-json\/wp\/v2\/comments?post=195"}],"version-history":[{"count":59,"href":"https:\/\/uca.edu.sv\/psicologia\/wp-json\/wp\/v2\/pages\/195\/revisions"}],"predecessor-version":[{"id":1907,"href":"https:\/\/uca.edu.sv\/psicologia\/wp-json\/wp\/v2\/pages\/195\/revisions\/1907"}],"wp:attachment":[{"href":"https:\/\/uca.edu.sv\/psicologia\/wp-json\/wp\/v2\/media?parent=195"}],"curies":[{"name":"wp","href":"https:\/\/api.w.org\/{rel}","templated":true}]}}