{"id":197,"date":"2020-12-14T23:38:31","date_gmt":"2020-12-14T23:38:31","guid":{"rendered":"https:\/\/uca.edu.sv\/psicologia\/?page_id=197"},"modified":"2021-09-10T22:48:18","modified_gmt":"2021-09-10T22:48:18","slug":"publicaciones","status":"publish","type":"page","link":"https:\/\/uca.edu.sv\/psicologia\/publicaciones\/","title":{"rendered":"Seminario de investigaci\u00f3n"},"content":{"rendered":"<p>&nbsp;<\/p>\n<div class=\"container-fluid container\">\n<div class=\"row justify-content-md-center\">\n<div class=\"col-sm-12 col-md-8 align-self-center\">\n<h5 style=\"text-align: left;\"><span style=\"color: #33cccc;\"><strong>En el marco del <span style=\"color: #008080;\">Seminario de Difusi\u00f3n de investigaciones de la UCA<\/span>, el pasado 21 de julio, docentes del Departamento de Psicolog\u00eda y Salud P\u00fablica, presentaron las investigaciones realizadas durante el a\u00f1o 2020.<\/strong><\/span><\/h5>\n<\/div>\n<\/div>\n<\/div>\n<hr \/>\n<div class=\"container-fluid container\">\n<div class=\"row justify-content-md-center\">\n<div class=\"col-sm-12 col-md-4\">\n<p>&nbsp;<\/p>\n<p>La experiencia de ser mujer y del ejercicio de la maternidad durante la pandemia por la<br \/>\nCovid-19 y sus implicaciones para el bienestar psicosocial de mujeres madres ex &#8211; privadas de libertad de los centros penitenciarios de El Salvador.<\/p>\n<\/div>\n<div class=\"col-sm-12 col-md-4\">\n<p><iframe title=\"Seminario de difusi\u00f3n de investigaciones 2021 - La experiencia de ser mujer\" width=\"500\" height=\"281\" src=\"https:\/\/www.youtube.com\/embed\/fBNaZhdfMgQ?start=236&#038;feature=oembed\" frameborder=\"0\" allow=\"accelerometer; autoplay; clipboard-write; encrypted-media; gyroscope; picture-in-picture\" allowfullscreen><\/iframe><\/p>\n<\/div>\n<\/div>\n<\/div>\n<hr \/>\n<p>&nbsp;<\/p>\n<div class=\"container-fluid container\">\n<div class=\"row justify-content-md-center\">\n<div class=\"col-sm-12 col-md-4\">\n<p>&nbsp;<\/p>\n<p>&nbsp;<\/p>\n<p>&nbsp;<\/p>\n<p>Reinserci\u00f3n social penitenciaria: Factores Determinantes.<\/p>\n<\/div>\n<div class=\"col-sm-12 col-md-4\">\n<p><iframe title=\"Seminario de difusi\u00f3n de investigaciones 2021 - Reinserci\u00f3n social penitenciaria\" width=\"500\" height=\"281\" src=\"https:\/\/www.youtube.com\/embed\/eAV7rcqh7RI?start=3&#038;feature=oembed\" frameborder=\"0\" allow=\"accelerometer; autoplay; clipboard-write; encrypted-media; gyroscope; picture-in-picture\" allowfullscreen><\/iframe><\/p>\n<\/div>\n<\/div>\n<\/div>\n<hr \/>\n<p>&nbsp;<\/p>\n<div class=\"container-fluid container\">\n<div class=\"row justify-content-md-center\">\n<div class=\"col-sm-12 col-md-4\">\n<p>&nbsp;<\/p>\n<p>&nbsp;<\/p>\n<p>Efecto de la educaci\u00f3n en las disparidades de la salud cognitiva de adultos mayores del \u00e1rea urbana y rural.<\/p>\n<\/div>\n<div class=\"col-sm-12 col-md-4\">\n<p><iframe title=\"Seminario de difusi\u00f3n de investigaciones 2021   Sesi\u00f3n 3 tarde\" width=\"500\" height=\"281\" src=\"https:\/\/www.youtube.com\/embed\/ABtWnJfabDY?feature=oembed\" frameborder=\"0\" allow=\"accelerometer; autoplay; clipboard-write; encrypted-media; gyroscope; picture-in-picture\" allowfullscreen><\/iframe><\/p>\n<\/div>\n<\/div>\n<\/div>\n<hr \/>\n<p>&nbsp;<\/p>\n<div class=\"container-fluid container\">\n<div class=\"row justify-content-md-center\">\n<div class=\"col-sm-12 col-md-4\">\n<p>&nbsp;<\/p>\n<p>&nbsp;<\/p>\n<p>Configuraciones subjetivas que los adolescentes construyen para enfrentar su realidad cuando uno o ambos padres migran irregularmente.<\/p>\n<\/div>\n<div class=\"col-sm-12 col-md-4\">\n<p><iframe title=\"Migraci\u00f3n, pobreza y educaci\u00f3n | Seminario de difusi\u00f3n de Investigaciones de la UCA\" width=\"500\" height=\"281\" src=\"https:\/\/www.youtube.com\/embed\/n3R-KWsQVKA?start=2612&#038;feature=oembed\" frameborder=\"0\" allow=\"accelerometer; autoplay; clipboard-write; encrypted-media; gyroscope; picture-in-picture\" allowfullscreen><\/iframe><\/p>\n<\/div>\n<\/div>\n<\/div>\n<hr \/>\n<p>&nbsp;<\/p>\n","protected":false},"excerpt":{"rendered":"<p>&nbsp; En el marco del Seminario de Difusi\u00f3n de investigaciones de la UCA, el pasado 21 de julio, docentes del Departamento de Psicolog\u00eda y Salud P\u00fablica, presentaron las investigaciones realizadas durante el a\u00f1o 2020. &nbsp; La experiencia de ser mujer y del ejercicio de la maternidad durante la pandemia por la Covid-19 y sus implicaciones [&hellip;]<\/p>\n","protected":false},"author":2,"featured_media":0,"parent":0,"menu_order":0,"comment_status":"closed","ping_status":"closed","template":"","meta":[],"_links":{"self":[{"href":"https:\/\/uca.edu.sv\/psicologia\/wp-json\/wp\/v2\/pages\/197"}],"collection":[{"href":"https:\/\/uca.edu.sv\/psicologia\/wp-json\/wp\/v2\/pages"}],"about":[{"href":"https:\/\/uca.edu.sv\/psicologia\/wp-json\/wp\/v2\/types\/page"}],"author":[{"embeddable":true,"href":"https:\/\/uca.edu.sv\/psicologia\/wp-json\/wp\/v2\/users\/2"}],"replies":[{"embeddable":true,"href":"https:\/\/uca.edu.sv\/psicologia\/wp-json\/wp\/v2\/comments?post=197"}],"version-history":[{"count":136,"href":"https:\/\/uca.edu.sv\/psicologia\/wp-json\/wp\/v2\/pages\/197\/revisions"}],"predecessor-version":[{"id":1454,"href":"https:\/\/uca.edu.sv\/psicologia\/wp-json\/wp\/v2\/pages\/197\/revisions\/1454"}],"wp:attachment":[{"href":"https:\/\/uca.edu.sv\/psicologia\/wp-json\/wp\/v2\/media?parent=197"}],"curies":[{"name":"wp","href":"https:\/\/api.w.org\/{rel}","templated":true}]}}