{"id":24,"date":"2020-12-10T18:43:01","date_gmt":"2020-12-10T18:43:01","guid":{"rendered":"https:\/\/uca.edu.sv\/psicologia\/?page_id=24"},"modified":"2026-03-02T23:31:11","modified_gmt":"2026-03-02T23:31:11","slug":"psicologia-y-salud-publica","status":"publish","type":"page","link":"https:\/\/uca.edu.sv\/psicologia\/","title":{"rendered":"Psicolog\u00eda y Salud P\u00fablica"},"content":{"rendered":"<p>&nbsp;<\/p>\n<div class=\"container-fluid container\">\n<div class=\"row\">\n<div class=\"col-sm-12 col-md-12\">\n\n        <div id=\"banner-tipo-galeria\" class=\"carousel slide carousel-fade\" data-ride=\"carousel\">\n            <div class=\"carousel-inner\">\n                \n                <div class=\"carousel-item active\">\n                    <a href=\"https:\/\/uca.edu.sv\/postgrados\/ciencias-sociales-y-humanidades\/intervencion-social\/\" class=\"d-block\"><img src=\"https:\/\/uca.edu.sv\/psicologia\/wp-content\/uploads\/2024\/12\/hero-2.png\" class=\"d-block w-100\" alt=\"...\"><\/a>\n                <\/div>\n            <\/div>\n            \n        <\/div>\n<\/div>\n<\/div>\n<\/div>\n<h3><\/h3>\n<p>&nbsp;<\/p>\n<div class=\"container-fluid container\">\n<div class=\"row\">\n<div class=\"col-sm-12 col-md-6\">\n<h2><strong>Oferta acad\u00e9mica<\/strong><\/h2>\n<hr \/>\n<div class=\"container-fluid\">\n<div class=\"row\">\n<div class=\"col-sm-12 col-md-6\">\n\n        <div id=\"psicologia-portada1\" class=\"carousel slide carousel-fade\" data-ride=\"carousel\">\n            <div class=\"carousel-inner\">\n                \n                <div class=\"carousel-item active\">\n                    <a href=\"https:\/\/uca.edu.sv\/carrera\/licenciatura-en-psicologia\/\" class=\"d-block\"><img src=\"https:\/\/uca.edu.sv\/psicologia\/wp-content\/uploads\/2021\/05\/Banners-pagina-de-inicio-web-1-1-scaled.jpg\" class=\"d-block w-100\" alt=\"...\"><\/a>\n                <\/div>\n                <div class=\"carousel-item \">\n                    <a href=\"https:\/\/uca.edu.sv\/carrera\/licenciatura-en-psicologia\/\" class=\"d-block\"><img src=\"https:\/\/uca.edu.sv\/psicologia\/wp-content\/uploads\/2021\/05\/Licenciatura-en-Psicologia-2-1024x1024-1.png\" class=\"d-block w-100\" alt=\"...\"><\/a>\n                <\/div>\n            <\/div>\n            \n            <a class=\"carousel-control-prev\" href=\"#psicologia-portada1\" role=\"button\" data-slide=\"prev\">\n                <span class=\"carousel-control-prev-icon\" aria-hidden=\"true\"><\/span>\n                <span class=\"sr-only\">Previous<\/span>\n            <\/a>\n            <a class=\"carousel-control-next\" href=\"#psicologia-portada1\" role=\"button\" data-slide=\"next\">\n                <span class=\"carousel-control-next-icon\" aria-hidden=\"true\"><\/span>\n                <span class=\"sr-only\">Next<\/span>\n            <\/a>\n        <\/div>\n<\/div>\n<div class=\"col-sm-12 col-md-6\">\n\n        <div id=\"psicologia-portada2\" class=\"carousel slide carousel-fade\" data-ride=\"carousel\">\n            <div class=\"carousel-inner\">\n                \n                <div class=\"carousel-item active\">\n                    <a href=\"https:\/\/uca.edu.sv\/postgrados\/ciencias-sociales-y-humanidades\/intervencion-social\/\" class=\"d-block\"><img src=\"https:\/\/uca.edu.sv\/psicologia\/wp-content\/uploads\/2021\/05\/Licenciatura-en-Psicologia-3-1024x1024-1.png\" class=\"d-block w-100\" alt=\"...\"><\/a>\n                <\/div>\n                <div class=\"carousel-item \">\n                    <a href=\"https:\/\/uca.edu.sv\/postgrados\/ciencias-sociales-y-humanidades\/intervencion-social\/\" class=\"d-block\"><img src=\"https:\/\/uca.edu.sv\/psicologia\/wp-content\/uploads\/2021\/05\/Licenciatura-en-Psicologia-5-1024x1024-1.png\" class=\"d-block w-100\" alt=\"...\"><\/a>\n                <\/div>\n            <\/div>\n            \n            <a class=\"carousel-control-prev\" href=\"#psicologia-portada2\" role=\"button\" data-slide=\"prev\">\n                <span class=\"carousel-control-prev-icon\" aria-hidden=\"true\"><\/span>\n                <span class=\"sr-only\">Previous<\/span>\n            <\/a>\n            <a class=\"carousel-control-next\" href=\"#psicologia-portada2\" role=\"button\" data-slide=\"next\">\n                <span class=\"carousel-control-next-icon\" aria-hidden=\"true\"><\/span>\n                <span class=\"sr-only\">Next<\/span>\n            <\/a>\n        <\/div>\n<\/div>\n<div class=\"col-sm-12 col-md-12\">\n<hr \/>\n<h2><strong>Enlaces de inter\u00e9s<\/strong><\/h2>\n<\/div>\n<div><\/div>\n<div><\/div>\n<div><\/div>\n<div class=\"col-sm-12 col-md-6\"><strong><a href=\"http:\/\/omi.uca.edu.sv\/cms\"><\/a><a href=\"http:\/\/omi.uca.edu.sv\/cms\"><img loading=\"lazy\" src=\"https:\/\/uca.edu.sv\/psicologia\/wp-content\/uploads\/2023\/01\/CLINICA-DE-ASISTENCIA-PSICOLOGICA-1-600x343.png\" alt=\"\" width=\"600\" height=\"343\" class=\"aligncenter wp-image-1710 size-medium\" srcset=\"https:\/\/uca.edu.sv\/psicologia\/wp-content\/uploads\/2023\/01\/CLINICA-DE-ASISTENCIA-PSICOLOGICA-1-600x343.png 600w, https:\/\/uca.edu.sv\/psicologia\/wp-content\/uploads\/2023\/01\/CLINICA-DE-ASISTENCIA-PSICOLOGICA-1.png 700w\" sizes=\"(max-width: 600px) 100vw, 600px\" \/><\/a><\/strong><\/div>\n<div class=\"col-sm-12 col-md-6\">\n<h5 style=\"text-align: left;\"><strong><span style=\"color: #808080;\">El observatorio pone a disposici\u00f3n datos sobre la migraci\u00f3n irregular de personas salvadore\u00f1as hacia los EE.UU. recabada por instancias oficiales y no-oficiales tanto nacionales como internacionales.<\/span><\/strong><\/h5>\n<p><strong><\/strong><\/p>\n<\/div>\n<div class=\"col-sm-12 col-md-6\">\n<h5><\/h5>\n<h5 style=\"text-align: left;\"><a href=\"https:\/\/uca.edu.sv\/psicologia\/clinica-de-asistencia-psicologica\/\"><img loading=\"lazy\" src=\"https:\/\/uca.edu.sv\/psicologia\/wp-content\/uploads\/2023\/01\/CLINICA-DE-ASISTENCIA-PSICOLOGICA-600x343.png\" alt=\"\" width=\"600\" height=\"343\" class=\"aligncenter wp-image-1711 size-medium\" srcset=\"https:\/\/uca.edu.sv\/psicologia\/wp-content\/uploads\/2023\/01\/CLINICA-DE-ASISTENCIA-PSICOLOGICA-600x343.png 600w, https:\/\/uca.edu.sv\/psicologia\/wp-content\/uploads\/2023\/01\/CLINICA-DE-ASISTENCIA-PSICOLOGICA.png 700w\" sizes=\"(max-width: 600px) 100vw, 600px\" \/><\/a><\/h5>\n<\/div>\n<div class=\"col-sm-12 col-md-6\">\n<h5><\/h5>\n<h5><\/h5>\n<h5><strong><span style=\"color: #808080;\">Conoce sobre los servicios que ofrece la Cl\u00ednica de Asistencia Psicol\u00f3gica de la UCA.<\/span><\/strong><\/h5>\n<\/div>\n<div class=\"col-sm-12 col-md-6\">\n<h2><\/h2>\n<h2><strong><a href=\"http:\/\/uca.edu.sv\/psicologia\/cursos-y-diplomados\/\"><img loading=\"lazy\" src=\"https:\/\/uca.edu.sv\/psicologia\/wp-content\/uploads\/2023\/09\/Cursos-y-diplomados-3-600x291.png\" alt=\"\" width=\"600\" height=\"291\" class=\"aligncenter wp-image-1863 size-medium\" srcset=\"https:\/\/uca.edu.sv\/psicologia\/wp-content\/uploads\/2023\/09\/Cursos-y-diplomados-3-600x291.png 600w, https:\/\/uca.edu.sv\/psicologia\/wp-content\/uploads\/2023\/09\/Cursos-y-diplomados-3-1024x496.png 1024w, https:\/\/uca.edu.sv\/psicologia\/wp-content\/uploads\/2023\/09\/Cursos-y-diplomados-3-768x372.png 768w, https:\/\/uca.edu.sv\/psicologia\/wp-content\/uploads\/2023\/09\/Cursos-y-diplomados-3.png 1391w\" sizes=\"(max-width: 600px) 100vw, 600px\" \/><\/a><\/strong><\/h2>\n<\/div>\n<div class=\"col-sm-12 col-md-6\">\n<p>&nbsp;<\/p>\n<p>&nbsp;<\/p>\n<p><span style=\"color: #808080;\"><span style=\"font-size: 1.25rem; color: #808080;\"><b>Consulta sobre nuestros Cursos y <\/b><\/span><span style=\"color: #808080;\"><span style=\"font-size: 20px;\"><b>Diplomados<\/b><\/span><\/span><span style=\"font-size: 1.25rem; color: #808080;\"><b>.<\/b><\/span><\/span><\/p>\n<\/div>\n<\/div>\n<\/div>\n<\/div>\n<p>&nbsp;<\/p>\n<p>&nbsp;<\/p>\n<div class=\"col-sm-12 col-md-5\">\n<h1><strong>Novedades<\/strong><a href=\"http:\/\/noticias.uca.edu.sv\/noticias\/entrega-del-premio-ignacio-martin-baro-2025\"><\/a><\/h1>\n<h3>M<span data-olk-copy-source=\"MessageBody\">isa en memoria de P. Gaborit<\/span><\/h3>\n\n        <div id=\"afiche-pequeno-diplomado\" class=\"carousel slide carousel-fade\" data-ride=\"carousel\">\n            <div class=\"carousel-inner\">\n                \n                <div class=\"carousel-item active\">\n                    <img src=\"https:\/\/uca.edu.sv\/psicologia\/wp-content\/uploads\/2024\/12\/Lugar-Parroquia-Jesucristo-Liberador-Hora-530pm.png\" class=\"d-block w-100\" alt=\"...\">\n                <\/div>\n            <\/div>\n            \n        <\/div>\n<h3>LUD (Liga Universitaria de Debate)<\/h3>\n\n        <div id=\"banner-de-galeria-3\" class=\"carousel slide carousel-fade\" data-ride=\"carousel\">\n            <div class=\"carousel-inner\">\n                \n                <div class=\"carousel-item active\">\n                    <img src=\"https:\/\/uca.edu.sv\/psicologia\/wp-content\/uploads\/2025\/11\/1000089188.jpg\" class=\"d-block w-100\" alt=\"...\">\n                <\/div>\n            <\/div>\n            \n        <\/div>\n<\/div>\n<div class=\"col-sm-12 col-md-2\">\n<h2><\/h2>\n<p>&nbsp;<\/p>\n<p>&nbsp;<\/p>\n<p>&nbsp;<\/p>\n<\/div>\n<div class=\"col-sm-12 col-md-6\">\n<p>&nbsp;<\/p>\n<\/div>\n<div class=\"col-sm-12 col-md-5\">\n<p>&nbsp;<\/p>\n<\/div>\n<\/div>\n<\/div>\n","protected":false},"excerpt":{"rendered":"<p>&nbsp; &nbsp; Oferta acad\u00e9mica Enlaces de inter\u00e9s El observatorio pone a disposici\u00f3n datos sobre la migraci\u00f3n irregular de personas salvadore\u00f1as hacia los EE.UU. recabada por instancias oficiales y no-oficiales tanto nacionales como internacionales. Conoce sobre los servicios que ofrece la Cl\u00ednica de Asistencia Psicol\u00f3gica de la UCA. &nbsp; &nbsp; Consulta sobre nuestros Cursos y Diplomados. [&hellip;]<\/p>\n","protected":false},"author":1,"featured_media":0,"parent":0,"menu_order":0,"comment_status":"closed","ping_status":"closed","template":"","meta":[],"_links":{"self":[{"href":"https:\/\/uca.edu.sv\/psicologia\/wp-json\/wp\/v2\/pages\/24"}],"collection":[{"href":"https:\/\/uca.edu.sv\/psicologia\/wp-json\/wp\/v2\/pages"}],"about":[{"href":"https:\/\/uca.edu.sv\/psicologia\/wp-json\/wp\/v2\/types\/page"}],"author":[{"embeddable":true,"href":"https:\/\/uca.edu.sv\/psicologia\/wp-json\/wp\/v2\/users\/1"}],"replies":[{"embeddable":true,"href":"https:\/\/uca.edu.sv\/psicologia\/wp-json\/wp\/v2\/comments?post=24"}],"version-history":[{"count":396,"href":"https:\/\/uca.edu.sv\/psicologia\/wp-json\/wp\/v2\/pages\/24\/revisions"}],"predecessor-version":[{"id":2080,"href":"https:\/\/uca.edu.sv\/psicologia\/wp-json\/wp\/v2\/pages\/24\/revisions\/2080"}],"wp:attachment":[{"href":"https:\/\/uca.edu.sv\/psicologia\/wp-json\/wp\/v2\/media?parent=24"}],"curies":[{"name":"wp","href":"https:\/\/api.w.org\/{rel}","templated":true}]}}