{"id":696,"date":"2021-05-17T20:04:38","date_gmt":"2021-05-17T20:04:38","guid":{"rendered":"https:\/\/uca.edu.sv\/psicologia\/?page_id=696"},"modified":"2023-06-19T22:03:46","modified_gmt":"2023-06-19T22:03:46","slug":"proyectos-en-ejecucion","status":"publish","type":"page","link":"https:\/\/uca.edu.sv\/psicologia\/proyectos-en-ejecucion\/","title":{"rendered":"Investigaciones en ejecuci\u00f3n"},"content":{"rendered":"<p>&nbsp;<\/p>\n<div class=\"container-fluid container\">\n<div class=\"row\">\n<div class=\"col-sm-12 col-md-12\">\n\r\n\t\t<div class=\"table-responsive\">\r\n\t\t<table class=\"table table-hover\">\r\n\t  \t<thead>\r\n\t    \t<tr style=\"background-color: #003C71;color: #fff;font-size: 19px;text-align: center;vertical-align: middle;\">\r\n\t      \t\t\r\n\t      \t\t<th scope=\"col\" style=\"min-width:300px;vertical-align: middle;\">Nombre<\/th>\r\n\t      \t\t<th scope=\"col\" style=\"min-width: 200px;vertical-align: middle;\">Equipo coordinador<\/th>\r\n\t      \t\t<th scope=\"col\" style=\"min-width: 475px;vertical-align: middle;\">Descripci\u00f3n<\/th>\r\n\t      \t\t<th scope=\"col\" style=\"min-width: 206px;vertical-align: middle;\">Periodo de ejecuci\u00f3n<\/th>\r\n\t    \t<\/tr>\r\n\t  \t<\/thead>\r\n\t  \t<tbody>\r\n\t        <tr class=\"border-bottom\">\r\n\t\t\t\t<td><strong>Investigaci\u00f3n:<\/strong><br>Recursos especializados para un apoyo estrat\u00e9gico a defensoras de DDHH en pa\u00edses en conflicto, post conflicto y tensi\u00f3n.<\/td>\r\n\t\t\t\t<td><p>Sol Y\u00e1\u00f1ez con apoyo de la Universidad del Pa\u00eds Vasco (UPV).<\/p>\n<\/td>\r\n\t\t\t\t<td>Investigaci\u00f3n orientada a la reflexi\u00f3n y fortalecimiento del apoyo otorgado a mujeres defensoras de Derechos Humanos y sus implicaciones.<\/td>\r\n\t\t\t\t<td style=\"text-align: center;\">Enero 2022  - Diciembre 2022<\/td>\r\n    \t\t<\/tr>\r\n\t        <tr class=\"border-bottom\">\r\n\t\t\t\t<td><strong>Investigaci\u00f3n:<\/strong><br>La situaci\u00f3n de la poblaci\u00f3n adulta mayor salvadore\u00f1a a inicios de la d\u00e9cada del envejecimiento saludable.<\/td>\r\n\t\t\t\t<td><p>Esmeralda Valdivieso<\/p>\n<\/td>\r\n\t\t\t\t<td>Proyecto desarrollado con fondos UCA 2021.<\/td>\r\n\t\t\t\t<td style=\"text-align: center;\">Enero 2022  - Diciembre 2022<\/td>\r\n    \t\t<\/tr>\r\n\t        <tr class=\"border-bottom\">\r\n\t\t\t\t<td><strong>Investigaci\u00f3n:<\/strong><br>Intervenciones en el estilo de vida para promover la salud cerebral en el envejecimiento.<\/td>\r\n\t\t\t\t<td><p>Esmeralda Valdivieso<\/p>\n<\/td>\r\n\t\t\t\t<td><span>Este proyecto de alcance comunitario busca educar y concientizar a la poblaci\u00f3n adulta sobre el impacto que factores ambientales y condiciones del estilo de vida tienen en la salud cognitiva de las PAM. La poblaci\u00f3n beneficiaria son cuidadores formales e informales de personas con demencia y otras condiciones de salud f\u00edsica y mental asociadas al envejecimiento.<\/span><\/td>\r\n\t\t\t\t<td style=\"text-align: center;\">Febrero 2021  - Diciembre 2021<\/td>\r\n    \t\t<\/tr>\r\n\t    <\/tbody>\r\n\t\t<\/table>\r\n\t\t<\/div>\r\n\t        <div class=\"container\">\r\n\t        \t<div class=\"row\">\r\n\t        \t\t<div class=\"col-sm-12 bg-light p-2\">\r\n\t        \t\t\t<!--P\u00e1gina: <br \/>-->\r\n        \t\t\t\t<span class=\"prev-posts-links\"><\/span> \r\n        \t\t\t\t \r\n        \t\t\t\t<span class=\"next-posts-links\"><\/span>\r\n\t        \t\t<\/div>\r\n\t        \t<\/div> \r\n\t        <\/div>\r\n\t        \n<\/div>\n<\/div>\n<\/div>\n","protected":false},"excerpt":{"rendered":"<p>&nbsp;<\/p>\n","protected":false},"author":2,"featured_media":0,"parent":0,"menu_order":0,"comment_status":"closed","ping_status":"closed","template":"","meta":[],"_links":{"self":[{"href":"https:\/\/uca.edu.sv\/psicologia\/wp-json\/wp\/v2\/pages\/696"}],"collection":[{"href":"https:\/\/uca.edu.sv\/psicologia\/wp-json\/wp\/v2\/pages"}],"about":[{"href":"https:\/\/uca.edu.sv\/psicologia\/wp-json\/wp\/v2\/types\/page"}],"author":[{"embeddable":true,"href":"https:\/\/uca.edu.sv\/psicologia\/wp-json\/wp\/v2\/users\/2"}],"replies":[{"embeddable":true,"href":"https:\/\/uca.edu.sv\/psicologia\/wp-json\/wp\/v2\/comments?post=696"}],"version-history":[{"count":40,"href":"https:\/\/uca.edu.sv\/psicologia\/wp-json\/wp\/v2\/pages\/696\/revisions"}],"predecessor-version":[{"id":1908,"href":"https:\/\/uca.edu.sv\/psicologia\/wp-json\/wp\/v2\/pages\/696\/revisions\/1908"}],"wp:attachment":[{"href":"https:\/\/uca.edu.sv\/psicologia\/wp-json\/wp\/v2\/media?parent=696"}],"curies":[{"name":"wp","href":"https:\/\/api.w.org\/{rel}","templated":true}]}}